{"id":23978,"date":"2024-05-03T17:24:56","date_gmt":"2024-05-03T15:24:56","guid":{"rendered":"https:\/\/www.floweryfield.com\/filialen\/"},"modified":"2024-05-09T23:06:52","modified_gmt":"2024-05-09T21:06:52","slug":"filialen","status":"publish","type":"page","link":"https:\/\/www.floweryfield.com\/en\/filialen\/","title":{"rendered":"Filialen"},"content":{"rendered":"\n<div class=\"wp-block-cover alignfull has-parallax has-custom-content-position is-position-top-center is-style-default\" style=\"margin-top:0;padding-top:0;padding-right:0;padding-bottom:0;padding-left:0;min-height:100vh;aspect-ratio:unset;\"><span aria-hidden=\"true\" class=\"wp-block-cover__background has-background-dim-80 has-background-dim wp-block-cover__gradient-background has-background-gradient\" style=\"background:linear-gradient(90deg,rgb(35,74,20) 49%,rgb(225,137,116) 100%)\"><\/span><div class=\"wp-block-cover__image-background wp-image-673 has-parallax\" style=\"background-position:50% 50%;background-image:url(https:\/\/www.floweryfield.com\/wp-content\/uploads\/2024\/03\/HLVd2-klein-scaled.jpg)\"><\/div><div class=\"wp-block-cover__inner-container is-layout-flow wp-block-cover-is-layout-flow\">\n<div style=\"height:135px\" aria-hidden=\"true\" class=\"wp-block-spacer mobile-none\"><\/div>\n\n\n\n<h2 class=\"wp-block-heading has-text-align-center\" style=\"text-transform:none\"><strong>Filialen<\/strong><\/h2>\n\n\n\n<p class=\"has-text-align-center\">In addition to an online store, the sale of cannabis cuttings is carried out through a branch in Brunn am Gebirge, two branches in Vienna, and one branch each in Linz and Klagenfurt, as well as through sales partnerships in Salzburg and Vorarlberg.<\/p>\n\n\n\n<div data-wp-context=\"{}\" data-wp-interactive=\"core\/query\" data-wp-key=\"12\" data-wp-router-region=\"query-12\" class=\"wp-block-query alignwide is-layout-flow wp-block-query-is-layout-flow\"><ul class=\"columns-4 alignwide wp-block-post-template is-layout-grid wp-container-core-post-template-is-layout-b954fd2f wp-block-post-template-is-layout-grid\"><li data-wp-key=\"post-template-item-23967\" class=\"wp-block-post post-23967 filiale type-filiale status-publish has-post-thumbnail hentry entry\">\n\n<div class=\"wp-block-group\" style=\"padding-top:30px;padding-right:0px;padding-bottom:30px;padding-left:0px\"><div class=\"wp-block-group__inner-container is-layout-flow wp-block-group-is-layout-flow\"><figure style=\"aspect-ratio:4\/3;\" class=\"alignfull wp-block-post-featured-image\"><a href=\"https:\/\/www.floweryfield.com\/en\/filiale\/wien-22\/\" target=\"_self\"  ><img loading=\"lazy\" decoding=\"async\" width=\"1568\" height=\"946\" src=\"https:\/\/www.floweryfield.com\/wp-content\/uploads\/2024\/05\/Stadlauerstrasse1-e1715332618251-1568x946.webp\" class=\"attachment-post-thumbnail size-post-thumbnail wp-post-image\" alt=\"Wien 22\" style=\"width:100%;height:60.31%;max-width:2560px;width:100%;height:100%;object-fit:cover;\" srcset=\"https:\/\/www.floweryfield.com\/wp-content\/uploads\/2024\/05\/Stadlauerstrasse1-e1715332618251-1568x946.webp 1568w, https:\/\/www.floweryfield.com\/wp-content\/uploads\/2024\/05\/Stadlauerstrasse1-e1715332618251-600x362.webp 600w, https:\/\/www.floweryfield.com\/wp-content\/uploads\/2024\/05\/Stadlauerstrasse1-e1715332618251-300x181.webp 300w, https:\/\/www.floweryfield.com\/wp-content\/uploads\/2024\/05\/Stadlauerstrasse1-e1715332618251-1024x618.webp 1024w, https:\/\/www.floweryfield.com\/wp-content\/uploads\/2024\/05\/Stadlauerstrasse1-e1715332618251-768x463.webp 768w, https:\/\/www.floweryfield.com\/wp-content\/uploads\/2024\/05\/Stadlauerstrasse1-e1715332618251-1536x926.webp 1536w, https:\/\/www.floweryfield.com\/wp-content\/uploads\/2024\/05\/Stadlauerstrasse1-e1715332618251-2048x1235.webp 2048w\" sizes=\"auto, (max-width: 1568px) 100vw, 1568px\" \/><\/a><\/figure>\n\n<h3 class=\"has-text-align-center wp-block-post-title has-small-font-size\"><a href=\"https:\/\/www.floweryfield.com\/en\/filiale\/wien-22\/\" target=\"_self\" >Wien 22<\/a><\/h3><\/div><\/div>\n\n<\/li><li data-wp-key=\"post-template-item-23956\" class=\"wp-block-post post-23956 filiale type-filiale status-publish has-post-thumbnail hentry entry\">\n\n<div class=\"wp-block-group\" style=\"padding-top:30px;padding-right:0px;padding-bottom:30px;padding-left:0px\"><div class=\"wp-block-group__inner-container is-layout-flow wp-block-group-is-layout-flow\"><figure style=\"aspect-ratio:4\/3;\" class=\"alignfull wp-block-post-featured-image\"><a href=\"https:\/\/www.floweryfield.com\/en\/filiale\/brunn-am-gebirge\/\" target=\"_self\"  ><img loading=\"lazy\" decoding=\"async\" width=\"1568\" height=\"933\" src=\"https:\/\/www.floweryfield.com\/wp-content\/uploads\/2024\/05\/Brunn_am_Gebierge_shop-e1715332658227-1568x933.webp\" class=\"attachment-post-thumbnail size-post-thumbnail wp-post-image\" alt=\"Brunn am Gebirge\" style=\"width:100%;height:59.49%;max-width:2560px;width:100%;height:100%;object-fit:cover;\" srcset=\"https:\/\/www.floweryfield.com\/wp-content\/uploads\/2024\/05\/Brunn_am_Gebierge_shop-e1715332658227-1568x933.webp 1568w, https:\/\/www.floweryfield.com\/wp-content\/uploads\/2024\/05\/Brunn_am_Gebierge_shop-e1715332658227-600x357.webp 600w, https:\/\/www.floweryfield.com\/wp-content\/uploads\/2024\/05\/Brunn_am_Gebierge_shop-e1715332658227-300x178.webp 300w, https:\/\/www.floweryfield.com\/wp-content\/uploads\/2024\/05\/Brunn_am_Gebierge_shop-e1715332658227-1024x609.webp 1024w, https:\/\/www.floweryfield.com\/wp-content\/uploads\/2024\/05\/Brunn_am_Gebierge_shop-e1715332658227-768x457.webp 768w, https:\/\/www.floweryfield.com\/wp-content\/uploads\/2024\/05\/Brunn_am_Gebierge_shop-e1715332658227-1536x914.webp 1536w, https:\/\/www.floweryfield.com\/wp-content\/uploads\/2024\/05\/Brunn_am_Gebierge_shop-e1715332658227-2048x1218.webp 2048w\" sizes=\"auto, (max-width: 1568px) 100vw, 1568px\" \/><\/a><\/figure>\n\n<h3 class=\"has-text-align-center wp-block-post-title has-small-font-size\"><a href=\"https:\/\/www.floweryfield.com\/en\/filiale\/brunn-am-gebirge\/\" target=\"_self\" >Brunn am Gebirge<\/a><\/h3><\/div><\/div>\n\n<\/li><li data-wp-key=\"post-template-item-23965\" class=\"wp-block-post post-23965 filiale type-filiale status-publish has-post-thumbnail hentry entry\">\n\n<div class=\"wp-block-group\" style=\"padding-top:30px;padding-right:0px;padding-bottom:30px;padding-left:0px\"><div class=\"wp-block-group__inner-container is-layout-flow wp-block-group-is-layout-flow\"><figure style=\"aspect-ratio:4\/3;\" class=\"alignfull wp-block-post-featured-image\"><a href=\"https:\/\/www.floweryfield.com\/en\/filiale\/linz\/\" target=\"_self\"  ><img loading=\"lazy\" decoding=\"async\" width=\"1568\" height=\"978\" src=\"https:\/\/www.floweryfield.com\/wp-content\/uploads\/2024\/05\/linz-gross-1568x978.jpg\" class=\"attachment-post-thumbnail size-post-thumbnail wp-post-image\" alt=\"Linz\" style=\"width:100%;height:62.34%;max-width:1920px;width:100%;height:100%;object-fit:cover;\" srcset=\"https:\/\/www.floweryfield.com\/wp-content\/uploads\/2024\/05\/linz-gross-1568x978.jpg 1568w, https:\/\/www.floweryfield.com\/wp-content\/uploads\/2024\/05\/linz-gross-300x187.jpg 300w, https:\/\/www.floweryfield.com\/wp-content\/uploads\/2024\/05\/linz-gross-1024x638.jpg 1024w, https:\/\/www.floweryfield.com\/wp-content\/uploads\/2024\/05\/linz-gross-768x479.jpg 768w, https:\/\/www.floweryfield.com\/wp-content\/uploads\/2024\/05\/linz-gross-1536x958.jpg 1536w, https:\/\/www.floweryfield.com\/wp-content\/uploads\/2024\/05\/linz-gross-600x374.jpg 600w, https:\/\/www.floweryfield.com\/wp-content\/uploads\/2024\/05\/linz-gross.jpg 1920w\" sizes=\"auto, (max-width: 1568px) 100vw, 1568px\" \/><\/a><\/figure>\n\n<h3 class=\"has-text-align-center wp-block-post-title has-small-font-size\"><a href=\"https:\/\/www.floweryfield.com\/en\/filiale\/linz\/\" target=\"_self\" >Linz<\/a><\/h3><\/div><\/div>\n\n<\/li><li data-wp-key=\"post-template-item-23962\" class=\"wp-block-post post-23962 filiale type-filiale status-publish has-post-thumbnail hentry entry\">\n\n<div class=\"wp-block-group\" style=\"padding-top:30px;padding-right:0px;padding-bottom:30px;padding-left:0px\"><div class=\"wp-block-group__inner-container is-layout-flow wp-block-group-is-layout-flow\"><figure style=\"aspect-ratio:4\/3;\" class=\"alignfull wp-block-post-featured-image\"><a href=\"https:\/\/www.floweryfield.com\/en\/filiale\/klagenfurt\/\" target=\"_self\"  ><img loading=\"lazy\" decoding=\"async\" width=\"1568\" height=\"1070\" src=\"https:\/\/www.floweryfield.com\/wp-content\/uploads\/2024\/05\/Klagenfurt1-1568x1070.jpg\" class=\"attachment-post-thumbnail size-post-thumbnail wp-post-image\" alt=\"Klagenfurt\" style=\"width:100%;height:68.23%;max-width:1920px;width:100%;height:100%;object-fit:cover;\" srcset=\"https:\/\/www.floweryfield.com\/wp-content\/uploads\/2024\/05\/Klagenfurt1-1568x1070.jpg 1568w, https:\/\/www.floweryfield.com\/wp-content\/uploads\/2024\/05\/Klagenfurt1-300x205.jpg 300w, https:\/\/www.floweryfield.com\/wp-content\/uploads\/2024\/05\/Klagenfurt1-1024x699.jpg 1024w, https:\/\/www.floweryfield.com\/wp-content\/uploads\/2024\/05\/Klagenfurt1-768x524.jpg 768w, https:\/\/www.floweryfield.com\/wp-content\/uploads\/2024\/05\/Klagenfurt1-1536x1048.jpg 1536w, https:\/\/www.floweryfield.com\/wp-content\/uploads\/2024\/05\/Klagenfurt1-600x409.jpg 600w, https:\/\/www.floweryfield.com\/wp-content\/uploads\/2024\/05\/Klagenfurt1.jpg 1920w\" sizes=\"auto, (max-width: 1568px) 100vw, 1568px\" \/><\/a><\/figure>\n\n<h3 class=\"has-text-align-center wp-block-post-title has-small-font-size\"><a href=\"https:\/\/www.floweryfield.com\/en\/filiale\/klagenfurt\/\" target=\"_self\" >Klagenfurt<\/a><\/h3><\/div><\/div>\n\n<\/li><li data-wp-key=\"post-template-item-23959\" class=\"wp-block-post post-23959 filiale type-filiale status-publish has-post-thumbnail hentry entry\">\n\n<div class=\"wp-block-group\" style=\"padding-top:30px;padding-right:0px;padding-bottom:30px;padding-left:0px\"><div class=\"wp-block-group__inner-container is-layout-flow wp-block-group-is-layout-flow\"><figure style=\"aspect-ratio:4\/3;\" class=\"alignfull wp-block-post-featured-image\"><a href=\"https:\/\/www.floweryfield.com\/en\/filiale\/canina-goefis\/\" target=\"_self\"  ><img loading=\"lazy\" decoding=\"async\" width=\"1568\" height=\"1070\" src=\"https:\/\/www.floweryfield.com\/wp-content\/uploads\/2024\/05\/Klagenfurt1-1568x1070.jpg\" class=\"attachment-post-thumbnail size-post-thumbnail wp-post-image\" alt=\"Canina &#8211; G\u00f6fis\" style=\"width:100%;height:68.23%;max-width:1920px;width:100%;height:100%;object-fit:cover;\" srcset=\"https:\/\/www.floweryfield.com\/wp-content\/uploads\/2024\/05\/Klagenfurt1-1568x1070.jpg 1568w, https:\/\/www.floweryfield.com\/wp-content\/uploads\/2024\/05\/Klagenfurt1-300x205.jpg 300w, https:\/\/www.floweryfield.com\/wp-content\/uploads\/2024\/05\/Klagenfurt1-1024x699.jpg 1024w, https:\/\/www.floweryfield.com\/wp-content\/uploads\/2024\/05\/Klagenfurt1-768x524.jpg 768w, https:\/\/www.floweryfield.com\/wp-content\/uploads\/2024\/05\/Klagenfurt1-1536x1048.jpg 1536w, https:\/\/www.floweryfield.com\/wp-content\/uploads\/2024\/05\/Klagenfurt1-600x409.jpg 600w, https:\/\/www.floweryfield.com\/wp-content\/uploads\/2024\/05\/Klagenfurt1.jpg 1920w\" sizes=\"auto, (max-width: 1568px) 100vw, 1568px\" \/><\/a><\/figure>\n\n<h3 class=\"has-text-align-center wp-block-post-title has-small-font-size\"><a href=\"https:\/\/www.floweryfield.com\/en\/filiale\/canina-goefis\/\" target=\"_self\" >Canina &#8211; G\u00f6fis<\/a><\/h3><\/div><\/div>\n\n<\/li><li data-wp-key=\"post-template-item-23966\" class=\"wp-block-post post-23966 filiale type-filiale status-publish has-post-thumbnail hentry entry\">\n\n<div class=\"wp-block-group\" style=\"padding-top:30px;padding-right:0px;padding-bottom:30px;padding-left:0px\"><div class=\"wp-block-group__inner-container is-layout-flow wp-block-group-is-layout-flow\"><figure style=\"aspect-ratio:4\/3;\" class=\"alignfull wp-block-post-featured-image\"><a href=\"https:\/\/www.floweryfield.com\/en\/filiale\/mynature-salzburg\/\" target=\"_self\"  ><img loading=\"lazy\" decoding=\"async\" width=\"1568\" height=\"978\" src=\"https:\/\/www.floweryfield.com\/wp-content\/uploads\/2024\/05\/linz-gross-1568x978.jpg\" class=\"attachment-post-thumbnail size-post-thumbnail wp-post-image\" alt=\"MyNature &#8211; Salzburg\" style=\"width:100%;height:62.34%;max-width:1920px;width:100%;height:100%;object-fit:cover;\" srcset=\"https:\/\/www.floweryfield.com\/wp-content\/uploads\/2024\/05\/linz-gross-1568x978.jpg 1568w, https:\/\/www.floweryfield.com\/wp-content\/uploads\/2024\/05\/linz-gross-300x187.jpg 300w, https:\/\/www.floweryfield.com\/wp-content\/uploads\/2024\/05\/linz-gross-1024x638.jpg 1024w, https:\/\/www.floweryfield.com\/wp-content\/uploads\/2024\/05\/linz-gross-768x479.jpg 768w, https:\/\/www.floweryfield.com\/wp-content\/uploads\/2024\/05\/linz-gross-1536x958.jpg 1536w, https:\/\/www.floweryfield.com\/wp-content\/uploads\/2024\/05\/linz-gross-600x374.jpg 600w, https:\/\/www.floweryfield.com\/wp-content\/uploads\/2024\/05\/linz-gross.jpg 1920w\" sizes=\"auto, (max-width: 1568px) 100vw, 1568px\" \/><\/a><\/figure>\n\n<h3 class=\"has-text-align-center wp-block-post-title has-small-font-size\"><a href=\"https:\/\/www.floweryfield.com\/en\/filiale\/mynature-salzburg\/\" target=\"_self\" >MyNature &#8211; Salzburg<\/a><\/h3><\/div><\/div>\n\n<\/li><\/ul>\n\n<\/div>\n\n\n\n<div style=\"height:135px\" aria-hidden=\"true\" class=\"wp-block-spacer mobile-none\"><\/div>\n<\/div><\/div>\n","protected":false},"excerpt":{"rendered":"","protected":false},"author":1,"featured_media":0,"parent":0,"menu_order":0,"comment_status":"closed","ping_status":"closed","template":"","meta":{"_acf_changed":false,"footnotes":""},"class_list":["post-23978","page","type-page","status-publish","hentry","entry"],"acf":[],"yoast_head":"<!-- This site is optimized with the Yoast SEO plugin v27.6 - https:\/\/yoast.com\/product\/yoast-seo-wordpress\/ -->\n<title>Filialen - Flowery Field<\/title>\n<meta name=\"robots\" content=\"index, follow, max-snippet:-1, max-image-preview:large, max-video-preview:-1\" \/>\n<link rel=\"canonical\" href=\"https:\/\/www.floweryfield.com\/en\/filialen\/\" \/>\n<meta property=\"og:locale\" content=\"en_US\" \/>\n<meta property=\"og:type\" content=\"article\" \/>\n<meta property=\"og:title\" content=\"Filialen - Flowery Field\" \/>\n<meta property=\"og:url\" content=\"https:\/\/www.floweryfield.com\/en\/filialen\/\" \/>\n<meta property=\"og:site_name\" content=\"Flowery Field\" \/>\n<meta property=\"article:publisher\" content=\"https:\/\/www.facebook.com\/floweryfeld\" \/>\n<meta property=\"article:modified_time\" content=\"2024-05-09T21:06:52+00:00\" \/>\n<meta name=\"twitter:card\" content=\"summary_large_image\" \/>\n<meta name=\"twitter:label1\" content=\"Est. reading time\" \/>\n\t<meta name=\"twitter:data1\" content=\"1 minute\" \/>\n<script type=\"application\/ld+json\" class=\"yoast-schema-graph\">{\"@context\":\"https:\\\/\\\/schema.org\",\"@graph\":[{\"@type\":\"WebPage\",\"@id\":\"https:\\\/\\\/www.floweryfield.com\\\/en\\\/filialen\\\/\",\"url\":\"https:\\\/\\\/www.floweryfield.com\\\/en\\\/filialen\\\/\",\"name\":\"Filialen - Flowery Field\",\"isPartOf\":{\"@id\":\"https:\\\/\\\/www.floweryfield.com\\\/#website\"},\"datePublished\":\"2024-05-03T15:24:56+00:00\",\"dateModified\":\"2024-05-09T21:06:52+00:00\",\"breadcrumb\":{\"@id\":\"https:\\\/\\\/www.floweryfield.com\\\/en\\\/filialen\\\/#breadcrumb\"},\"inLanguage\":\"en-US\",\"potentialAction\":[{\"@type\":\"ReadAction\",\"target\":[\"https:\\\/\\\/www.floweryfield.com\\\/en\\\/filialen\\\/\"]}]},{\"@type\":\"BreadcrumbList\",\"@id\":\"https:\\\/\\\/www.floweryfield.com\\\/en\\\/filialen\\\/#breadcrumb\",\"itemListElement\":[{\"@type\":\"ListItem\",\"position\":1,\"name\":\"Startseite\",\"item\":\"https:\\\/\\\/www.floweryfield.com\\\/en\\\/\"},{\"@type\":\"ListItem\",\"position\":2,\"name\":\"Filialen\"}]},{\"@type\":\"WebSite\",\"@id\":\"https:\\\/\\\/www.floweryfield.com\\\/#website\",\"url\":\"https:\\\/\\\/www.floweryfield.com\\\/\",\"name\":\"Flowery Field Labs\",\"description\":\"\u00d6sterreichs gr\u00f6\u00dfer Produzent von Hanfstecklingen\",\"publisher\":{\"@id\":\"https:\\\/\\\/www.floweryfield.com\\\/#organization\"},\"potentialAction\":[{\"@type\":\"SearchAction\",\"target\":{\"@type\":\"EntryPoint\",\"urlTemplate\":\"https:\\\/\\\/www.floweryfield.com\\\/?s={search_term_string}\"},\"query-input\":{\"@type\":\"PropertyValueSpecification\",\"valueRequired\":true,\"valueName\":\"search_term_string\"}}],\"inLanguage\":\"en-US\"},{\"@type\":\"Organization\",\"@id\":\"https:\\\/\\\/www.floweryfield.com\\\/#organization\",\"name\":\"Flowery Field Labs\",\"url\":\"https:\\\/\\\/www.floweryfield.com\\\/\",\"logo\":{\"@type\":\"ImageObject\",\"inLanguage\":\"en-US\",\"@id\":\"https:\\\/\\\/www.floweryfield.com\\\/#\\\/schema\\\/logo\\\/image\\\/\",\"url\":\"https:\\\/\\\/www.floweryfield.com\\\/wp-content\\\/uploads\\\/2024\\\/03\\\/floweryfield_logo-1-1.png\",\"contentUrl\":\"https:\\\/\\\/www.floweryfield.com\\\/wp-content\\\/uploads\\\/2024\\\/03\\\/floweryfield_logo-1-1.png\",\"width\":224,\"height\":56,\"caption\":\"Flowery Field Labs\"},\"image\":{\"@id\":\"https:\\\/\\\/www.floweryfield.com\\\/#\\\/schema\\\/logo\\\/image\\\/\"},\"sameAs\":[\"https:\\\/\\\/www.facebook.com\\\/floweryfeld\"]}]}<\/script>\n<!-- \/ Yoast SEO plugin. -->","yoast_head_json":{"title":"Filialen - Flowery Field","robots":{"index":"index","follow":"follow","max-snippet":"max-snippet:-1","max-image-preview":"max-image-preview:large","max-video-preview":"max-video-preview:-1"},"canonical":"https:\/\/www.floweryfield.com\/en\/filialen\/","og_locale":"en_US","og_type":"article","og_title":"Filialen - Flowery Field","og_url":"https:\/\/www.floweryfield.com\/en\/filialen\/","og_site_name":"Flowery Field","article_publisher":"https:\/\/www.facebook.com\/floweryfeld","article_modified_time":"2024-05-09T21:06:52+00:00","twitter_card":"summary_large_image","twitter_misc":{"Est. reading time":"1 minute"},"schema":{"@context":"https:\/\/schema.org","@graph":[{"@type":"WebPage","@id":"https:\/\/www.floweryfield.com\/en\/filialen\/","url":"https:\/\/www.floweryfield.com\/en\/filialen\/","name":"Filialen - Flowery Field","isPartOf":{"@id":"https:\/\/www.floweryfield.com\/#website"},"datePublished":"2024-05-03T15:24:56+00:00","dateModified":"2024-05-09T21:06:52+00:00","breadcrumb":{"@id":"https:\/\/www.floweryfield.com\/en\/filialen\/#breadcrumb"},"inLanguage":"en-US","potentialAction":[{"@type":"ReadAction","target":["https:\/\/www.floweryfield.com\/en\/filialen\/"]}]},{"@type":"BreadcrumbList","@id":"https:\/\/www.floweryfield.com\/en\/filialen\/#breadcrumb","itemListElement":[{"@type":"ListItem","position":1,"name":"Startseite","item":"https:\/\/www.floweryfield.com\/en\/"},{"@type":"ListItem","position":2,"name":"Filialen"}]},{"@type":"WebSite","@id":"https:\/\/www.floweryfield.com\/#website","url":"https:\/\/www.floweryfield.com\/","name":"Flowery Field Labs","description":"\u00d6sterreichs gr\u00f6\u00dfer Produzent von Hanfstecklingen","publisher":{"@id":"https:\/\/www.floweryfield.com\/#organization"},"potentialAction":[{"@type":"SearchAction","target":{"@type":"EntryPoint","urlTemplate":"https:\/\/www.floweryfield.com\/?s={search_term_string}"},"query-input":{"@type":"PropertyValueSpecification","valueRequired":true,"valueName":"search_term_string"}}],"inLanguage":"en-US"},{"@type":"Organization","@id":"https:\/\/www.floweryfield.com\/#organization","name":"Flowery Field Labs","url":"https:\/\/www.floweryfield.com\/","logo":{"@type":"ImageObject","inLanguage":"en-US","@id":"https:\/\/www.floweryfield.com\/#\/schema\/logo\/image\/","url":"https:\/\/www.floweryfield.com\/wp-content\/uploads\/2024\/03\/floweryfield_logo-1-1.png","contentUrl":"https:\/\/www.floweryfield.com\/wp-content\/uploads\/2024\/03\/floweryfield_logo-1-1.png","width":224,"height":56,"caption":"Flowery Field Labs"},"image":{"@id":"https:\/\/www.floweryfield.com\/#\/schema\/logo\/image\/"},"sameAs":["https:\/\/www.facebook.com\/floweryfeld"]}]}},"_links":{"self":[{"href":"https:\/\/www.floweryfield.com\/en\/wp-json\/wp\/v2\/pages\/23978","targetHints":{"allow":["GET"]}}],"collection":[{"href":"https:\/\/www.floweryfield.com\/en\/wp-json\/wp\/v2\/pages"}],"about":[{"href":"https:\/\/www.floweryfield.com\/en\/wp-json\/wp\/v2\/types\/page"}],"author":[{"embeddable":true,"href":"https:\/\/www.floweryfield.com\/en\/wp-json\/wp\/v2\/users\/1"}],"replies":[{"embeddable":true,"href":"https:\/\/www.floweryfield.com\/en\/wp-json\/wp\/v2\/comments?post=23978"}],"version-history":[{"count":5,"href":"https:\/\/www.floweryfield.com\/en\/wp-json\/wp\/v2\/pages\/23978\/revisions"}],"predecessor-version":[{"id":24123,"href":"https:\/\/www.floweryfield.com\/en\/wp-json\/wp\/v2\/pages\/23978\/revisions\/24123"}],"wp:attachment":[{"href":"https:\/\/www.floweryfield.com\/en\/wp-json\/wp\/v2\/media?parent=23978"}],"curies":[{"name":"wp","href":"https:\/\/api.w.org\/{rel}","templated":true}]}}