{"id":24232,"date":"2024-05-13T12:25:51","date_gmt":"2024-05-13T10:25:51","guid":{"rendered":"https:\/\/www.floweryfield.com\/legal-notice\/"},"modified":"2024-05-13T14:51:11","modified_gmt":"2024-05-13T12:51:11","slug":"legal-notice","status":"publish","type":"page","link":"https:\/\/www.floweryfield.com\/en\/legal-notice\/","title":{"rendered":"Legal Notice"},"content":{"rendered":"\n<div style=\"height:150px\" aria-hidden=\"true\" class=\"wp-block-spacer\"><\/div>\n\n<h2 class=\"wp-block-heading alignwide\">Legal Notice<\/h2>\n\n<figure class=\"wp-block-table alignwide\"><table><tbody><tr><td>Company Name<\/td><td>Flowery Field GmbH<\/td><\/tr><tr><td>Managing Director<\/td><td>Alexander Klima<\/td><\/tr><tr><td>Address<\/td><td>Hans- Steger- Gasse 2\/6-9<\/td><\/tr><tr><td>\u00a0<\/td><td>1220 Wien<\/td><\/tr><tr><td>Commercial Register Number<\/td><td>FN 315313x<\/td><\/tr><tr><td>Phone<\/td><td>+43 1 256 222 0<\/td><\/tr><tr><td>Fax<\/td><td>+43 \/ 1 \/ 603 31 80<\/td><\/tr><tr><td>Email<\/td><td><a href=\"mailto:office@floweryfield.com\">office@floweryfield.com<\/a><\/td><\/tr><tr><td>Authority according to ECG<\/td><td>Jurisdiction Vienna<\/td><\/tr><tr><td>UID<\/td><td>ATU 64559604<\/td><\/tr><tr><td>EORI<\/td><td>ATEOS1000041437<\/td><\/tr><tr><td>Copyright<\/td><td>Floweryfield GmbH<\/td><\/tr><\/tbody><\/table><\/figure>\n\n<p class=\"alignwide\"><strong>Bank Details<\/strong><br\/>Bank Austria Unicredit Group<\/p>\n\n<figure class=\"wp-block-table alignwide\"><table><tbody><tr><td>Recipient:<\/td><td>Flowery Field GmbH<\/td><\/tr><tr><td>IBAN:<\/td><td>AT891200052999014547<\/td><\/tr><tr><td>BIC:<\/td><td>BKAUATWW<\/td><\/tr><\/tbody><\/table><\/figure>\n","protected":false},"excerpt":{"rendered":"<p>Legal Notice Company Name Flowery Field GmbH Managing Director Alexander Klima Address Hans- Steger- Gasse 2\/6-9 \u00a0 1220 Wien Commercial Register Number FN 315313x Phone +43 1 256 222 0 Fax +43 \/ 1 \/ 603 31 80 Email office@floweryfield.com Authority according to ECG Jurisdiction Vienna UID ATU 64559604 EORI ATEOS1000041437 Copyright Floweryfield GmbH Bank&hellip; <a class=\"more-link\" href=\"https:\/\/www.floweryfield.com\/en\/legal-notice\/\">Continue reading <span class=\"screen-reader-text\">Legal Notice<\/span><\/a><\/p>\n","protected":false},"author":1,"featured_media":0,"parent":0,"menu_order":0,"comment_status":"closed","ping_status":"closed","template":"","meta":{"_acf_changed":false,"footnotes":""},"class_list":["post-24232","page","type-page","status-publish","hentry","entry"],"acf":[],"yoast_head":"<!-- This site is optimized with the Yoast SEO plugin v27.5 - https:\/\/yoast.com\/product\/yoast-seo-wordpress\/ -->\n<title>Legal Notice - Flowery Field<\/title>\n<meta name=\"robots\" content=\"index, follow, max-snippet:-1, max-image-preview:large, max-video-preview:-1\" \/>\n<link rel=\"canonical\" href=\"https:\/\/www.floweryfield.com\/impressum\/\" \/>\n<meta property=\"og:locale\" content=\"en_US\" \/>\n<meta property=\"og:type\" content=\"article\" \/>\n<meta property=\"og:title\" content=\"Legal Notice - Flowery Field\" \/>\n<meta property=\"og:description\" content=\"Legal Notice Company Name Flowery Field GmbH Managing Director Alexander Klima Address Hans- Steger- Gasse 2\/6-9 \u00a0 1220 Wien Commercial Register Number FN 315313x Phone +43 1 256 222 0 Fax +43 \/ 1 \/ 603 31 80 Email office@floweryfield.com Authority according to ECG Jurisdiction Vienna UID ATU 64559604 EORI ATEOS1000041437 Copyright Floweryfield GmbH Bank&hellip; Continue reading Legal Notice\" \/>\n<meta property=\"og:url\" content=\"https:\/\/www.floweryfield.com\/impressum\/\" \/>\n<meta property=\"og:site_name\" content=\"Flowery Field\" \/>\n<meta property=\"article:publisher\" content=\"https:\/\/www.facebook.com\/floweryfeld\" \/>\n<meta property=\"article:modified_time\" content=\"2024-05-13T12:51:11+00:00\" \/>\n<meta name=\"twitter:card\" content=\"summary_large_image\" \/>\n<script type=\"application\/ld+json\" class=\"yoast-schema-graph\">{\"@context\":\"https:\\\/\\\/schema.org\",\"@graph\":[{\"@type\":\"WebPage\",\"@id\":\"https:\\\/\\\/www.floweryfield.com\\\/impressum\\\/\",\"url\":\"https:\\\/\\\/www.floweryfield.com\\\/impressum\\\/\",\"name\":\"Legal Notice - Flowery Field\",\"isPartOf\":{\"@id\":\"https:\\\/\\\/www.floweryfield.com\\\/#website\"},\"datePublished\":\"2024-05-13T10:25:51+00:00\",\"dateModified\":\"2024-05-13T12:51:11+00:00\",\"breadcrumb\":{\"@id\":\"https:\\\/\\\/www.floweryfield.com\\\/impressum\\\/#breadcrumb\"},\"inLanguage\":\"en-US\",\"potentialAction\":[{\"@type\":\"ReadAction\",\"target\":[\"https:\\\/\\\/www.floweryfield.com\\\/impressum\\\/\"]}]},{\"@type\":\"BreadcrumbList\",\"@id\":\"https:\\\/\\\/www.floweryfield.com\\\/impressum\\\/#breadcrumb\",\"itemListElement\":[{\"@type\":\"ListItem\",\"position\":1,\"name\":\"Startseite\",\"item\":\"https:\\\/\\\/www.floweryfield.com\\\/en\\\/\"},{\"@type\":\"ListItem\",\"position\":2,\"name\":\"Legal Notice\"}]},{\"@type\":\"WebSite\",\"@id\":\"https:\\\/\\\/www.floweryfield.com\\\/#website\",\"url\":\"https:\\\/\\\/www.floweryfield.com\\\/\",\"name\":\"Flowery Field Labs\",\"description\":\"\u00d6sterreichs gr\u00f6\u00dfer Produzent von Hanfstecklingen\",\"publisher\":{\"@id\":\"https:\\\/\\\/www.floweryfield.com\\\/#organization\"},\"potentialAction\":[{\"@type\":\"SearchAction\",\"target\":{\"@type\":\"EntryPoint\",\"urlTemplate\":\"https:\\\/\\\/www.floweryfield.com\\\/?s={search_term_string}\"},\"query-input\":{\"@type\":\"PropertyValueSpecification\",\"valueRequired\":true,\"valueName\":\"search_term_string\"}}],\"inLanguage\":\"en-US\"},{\"@type\":\"Organization\",\"@id\":\"https:\\\/\\\/www.floweryfield.com\\\/#organization\",\"name\":\"Flowery Field Labs\",\"url\":\"https:\\\/\\\/www.floweryfield.com\\\/\",\"logo\":{\"@type\":\"ImageObject\",\"inLanguage\":\"en-US\",\"@id\":\"https:\\\/\\\/www.floweryfield.com\\\/#\\\/schema\\\/logo\\\/image\\\/\",\"url\":\"https:\\\/\\\/www.floweryfield.com\\\/wp-content\\\/uploads\\\/2024\\\/03\\\/floweryfield_logo-1-1.png\",\"contentUrl\":\"https:\\\/\\\/www.floweryfield.com\\\/wp-content\\\/uploads\\\/2024\\\/03\\\/floweryfield_logo-1-1.png\",\"width\":224,\"height\":56,\"caption\":\"Flowery Field Labs\"},\"image\":{\"@id\":\"https:\\\/\\\/www.floweryfield.com\\\/#\\\/schema\\\/logo\\\/image\\\/\"},\"sameAs\":[\"https:\\\/\\\/www.facebook.com\\\/floweryfeld\"]}]}<\/script>\n<!-- \/ Yoast SEO plugin. -->","yoast_head_json":{"title":"Legal Notice - Flowery Field","robots":{"index":"index","follow":"follow","max-snippet":"max-snippet:-1","max-image-preview":"max-image-preview:large","max-video-preview":"max-video-preview:-1"},"canonical":"https:\/\/www.floweryfield.com\/impressum\/","og_locale":"en_US","og_type":"article","og_title":"Legal Notice - Flowery Field","og_description":"Legal Notice Company Name Flowery Field GmbH Managing Director Alexander Klima Address Hans- Steger- Gasse 2\/6-9 \u00a0 1220 Wien Commercial Register Number FN 315313x Phone +43 1 256 222 0 Fax +43 \/ 1 \/ 603 31 80 Email office@floweryfield.com Authority according to ECG Jurisdiction Vienna UID ATU 64559604 EORI ATEOS1000041437 Copyright Floweryfield GmbH Bank&hellip; Continue reading Legal Notice","og_url":"https:\/\/www.floweryfield.com\/impressum\/","og_site_name":"Flowery Field","article_publisher":"https:\/\/www.facebook.com\/floweryfeld","article_modified_time":"2024-05-13T12:51:11+00:00","twitter_card":"summary_large_image","schema":{"@context":"https:\/\/schema.org","@graph":[{"@type":"WebPage","@id":"https:\/\/www.floweryfield.com\/impressum\/","url":"https:\/\/www.floweryfield.com\/impressum\/","name":"Legal Notice - Flowery Field","isPartOf":{"@id":"https:\/\/www.floweryfield.com\/#website"},"datePublished":"2024-05-13T10:25:51+00:00","dateModified":"2024-05-13T12:51:11+00:00","breadcrumb":{"@id":"https:\/\/www.floweryfield.com\/impressum\/#breadcrumb"},"inLanguage":"en-US","potentialAction":[{"@type":"ReadAction","target":["https:\/\/www.floweryfield.com\/impressum\/"]}]},{"@type":"BreadcrumbList","@id":"https:\/\/www.floweryfield.com\/impressum\/#breadcrumb","itemListElement":[{"@type":"ListItem","position":1,"name":"Startseite","item":"https:\/\/www.floweryfield.com\/en\/"},{"@type":"ListItem","position":2,"name":"Legal Notice"}]},{"@type":"WebSite","@id":"https:\/\/www.floweryfield.com\/#website","url":"https:\/\/www.floweryfield.com\/","name":"Flowery Field Labs","description":"\u00d6sterreichs gr\u00f6\u00dfer Produzent von Hanfstecklingen","publisher":{"@id":"https:\/\/www.floweryfield.com\/#organization"},"potentialAction":[{"@type":"SearchAction","target":{"@type":"EntryPoint","urlTemplate":"https:\/\/www.floweryfield.com\/?s={search_term_string}"},"query-input":{"@type":"PropertyValueSpecification","valueRequired":true,"valueName":"search_term_string"}}],"inLanguage":"en-US"},{"@type":"Organization","@id":"https:\/\/www.floweryfield.com\/#organization","name":"Flowery Field Labs","url":"https:\/\/www.floweryfield.com\/","logo":{"@type":"ImageObject","inLanguage":"en-US","@id":"https:\/\/www.floweryfield.com\/#\/schema\/logo\/image\/","url":"https:\/\/www.floweryfield.com\/wp-content\/uploads\/2024\/03\/floweryfield_logo-1-1.png","contentUrl":"https:\/\/www.floweryfield.com\/wp-content\/uploads\/2024\/03\/floweryfield_logo-1-1.png","width":224,"height":56,"caption":"Flowery Field Labs"},"image":{"@id":"https:\/\/www.floweryfield.com\/#\/schema\/logo\/image\/"},"sameAs":["https:\/\/www.facebook.com\/floweryfeld"]}]}},"_links":{"self":[{"href":"https:\/\/www.floweryfield.com\/en\/wp-json\/wp\/v2\/pages\/24232","targetHints":{"allow":["GET"]}}],"collection":[{"href":"https:\/\/www.floweryfield.com\/en\/wp-json\/wp\/v2\/pages"}],"about":[{"href":"https:\/\/www.floweryfield.com\/en\/wp-json\/wp\/v2\/types\/page"}],"author":[{"embeddable":true,"href":"https:\/\/www.floweryfield.com\/en\/wp-json\/wp\/v2\/users\/1"}],"replies":[{"embeddable":true,"href":"https:\/\/www.floweryfield.com\/en\/wp-json\/wp\/v2\/comments?post=24232"}],"version-history":[{"count":3,"href":"https:\/\/www.floweryfield.com\/en\/wp-json\/wp\/v2\/pages\/24232\/revisions"}],"predecessor-version":[{"id":24235,"href":"https:\/\/www.floweryfield.com\/en\/wp-json\/wp\/v2\/pages\/24232\/revisions\/24235"}],"wp:attachment":[{"href":"https:\/\/www.floweryfield.com\/en\/wp-json\/wp\/v2\/media?parent=24232"}],"curies":[{"name":"wp","href":"https:\/\/api.w.org\/{rel}","templated":true}]}}