{"id":24240,"date":"2024-05-13T12:55:24","date_gmt":"2024-05-13T10:55:24","guid":{"rendered":"https:\/\/www.floweryfield.com\/faq\/"},"modified":"2024-05-14T10:21:23","modified_gmt":"2024-05-14T08:21:23","slug":"faq","status":"publish","type":"page","link":"https:\/\/www.floweryfield.com\/en\/faq\/","title":{"rendered":"FAQ"},"content":{"rendered":"\n<div style=\"height:150px\" aria-hidden=\"true\" class=\"wp-block-spacer\"><\/div>\n\n\n\n<h2 class=\"wp-block-heading alignwide\">FAQ<\/h2>\n\n\n\n<div class=\"wp-block-aab-group-accordion aagb_accordion_7c1e8475-b1db-4ac7-b6de-588f91501477 click alignwide\">\n<div class=\"wp-block-aab-accordion-item aagb__accordion_container  alignwide\" style=\"border:0px none undefined;margin-top:0px;margin-bottom:0px;border-radius:0px\"><div class=\"aagb__accordion_head aab_right_icon\" data-active=\"false\" style=\"color:#000000;background-color:transparent;padding:10px 15px 10px 15px\"><div class=\"aagb__accordion_heading aab_right_icon\"><p class=\"aagb__accordion_title\" style=\"margin:0;color:#000000\"><strong><a>1.1 Are all types of ornamental plants available at all times and in all stores?<\/a><\/strong><\/p><\/div><div class=\"aagb__accordion_icon\" style=\"color:#000000;background-color:transparent\"><span class=\"aagb__icon dashicons dashicons-plus-alt2\"><\/span><\/div><\/div><div class=\"aagb__accordion_body \" role=\"region\" style=\"background-color:transparent;border-top:0px none undefined;padding:10px 15px 10px 15px\">\n<p class=\"has-extra-small-font-size\">No, the available selection changes daily. For specific variety requests, an order must be placed approximately 2-3 weeks before pickup.<\/p>\n<\/div><\/div>\n\n\n\n<div class=\"wp-block-aab-accordion-item aagb__accordion_container\" style=\"border:0px none undefined;margin-top:0px;margin-bottom:0px;border-radius:0px\"><div class=\"aagb__accordion_head aab_right_icon\" data-active=\"false\" style=\"color:#000000;background-color:transparent;padding:10px 15px 10px 15px\"><div class=\"aagb__accordion_heading aab_right_icon\"><p class=\"aagb__accordion_title\" style=\"margin:0;color:#000000\"><strong><strong><strong><strong><a>1.2 Is it possible to pre-order ornamental plants by phone?<\/a><\/strong><\/strong><\/strong><\/strong><\/p><\/div><div class=\"aagb__accordion_icon\" style=\"color:#000000;background-color:transparent\"><span class=\"aagb__icon dashicons dashicons-plus-alt2\"><\/span><\/div><\/div><div class=\"aagb__accordion_body \" role=\"region\" style=\"background-color:transparent;border-top:0px none undefined;padding:10px 15px 10px 15px\">\n<p class=\"has-extra-small-font-size\">Orders with small quantities can be placed by phone or email. Bulk orders of 50 or more pieces are only accepted in person at the shop, and require a deposit of \u20ac1 per piece.<\/p>\n<\/div><\/div>\n\n\n\n<div class=\"wp-block-aab-accordion-item aagb__accordion_container\" style=\"border:0px none undefined;margin-top:0px;margin-bottom:0px;border-radius:0px\"><div class=\"aagb__accordion_head aab_right_icon\" data-active=\"false\" style=\"color:#000000;background-color:transparent;padding:10px 15px 10px 15px\"><div class=\"aagb__accordion_heading aab_right_icon\"><p class=\"aagb__accordion_title\" style=\"margin:0;color:#000000\"><strong><strong><strong><strong><strong><strong><strong><strong><a>1.3 Does the deposit expire if the pickup is missed?<\/a><\/strong><\/strong><\/strong><\/strong><\/strong><\/strong><\/strong><\/strong><\/p><\/div><div class=\"aagb__accordion_icon\" style=\"color:#000000;background-color:transparent\"><span class=\"aagb__icon dashicons dashicons-plus-alt2\"><\/span><\/div><\/div><div class=\"aagb__accordion_body \" role=\"region\" style=\"background-color:transparent;border-top:0px none undefined;padding:10px 15px 10px 15px\">\n<p class=\"has-extra-small-font-size\">In the case of deposit transactions, the deposit expires if the pre-ordered goods are not collected at the agreed-upon time.<\/p>\n<\/div><\/div>\n\n\n\n<div class=\"wp-block-aab-accordion-item aagb__accordion_container\" style=\"border:0px none undefined;margin-top:0px;margin-bottom:0px;border-radius:0px\"><div class=\"aagb__accordion_head aab_right_icon\" data-active=\"false\" style=\"color:#000000;background-color:transparent;padding:10px 15px 10px 15px\"><div class=\"aagb__accordion_heading aab_right_icon\"><p class=\"aagb__accordion_title\" style=\"margin:0;color:#000000\"><strong><strong><strong><strong><strong><strong><strong><strong><a>1.4 Can an order for pickup at one of the other branches be placed at any branch?<\/a><\/strong><\/strong><\/strong><\/strong><\/strong><\/strong><\/strong><\/strong><\/p><\/div><div class=\"aagb__accordion_icon\" style=\"color:#000000;background-color:transparent\"><span class=\"aagb__icon dashicons dashicons-plus-alt2\"><\/span><\/div><\/div><div class=\"aagb__accordion_body \" role=\"region\" style=\"background-color:transparent;border-top:0px none undefined;padding:10px 15px 10px 15px\">\n<p class=\"has-extra-small-font-size\">Orders can be placed at any branch for pickup at any location.<\/p>\n<\/div><\/div>\n\n\n\n<div class=\"wp-block-aab-accordion-item aagb__accordion_container\" style=\"border:0px none undefined;margin-top:0px;margin-bottom:0px;border-radius:0px\"><div class=\"aagb__accordion_head aab_right_icon\" data-active=\"false\" style=\"color:#000000;background-color:transparent;padding:10px 15px 10px 15px\"><div class=\"aagb__accordion_heading aab_right_icon\"><p class=\"aagb__accordion_title\" style=\"margin:0;color:#000000\"><strong><strong><strong><strong><strong><strong><strong><strong><strong><a>1.5 Are the ornamental plants available with different or without cultivation substrates?<\/a><\/strong><\/strong><\/strong><\/strong><\/strong><\/strong><\/strong><\/strong><\/strong><\/p><\/div><div class=\"aagb__accordion_icon\" style=\"color:#000000;background-color:transparent\"><span class=\"aagb__icon dashicons dashicons-plus-alt2\"><\/span><\/div><\/div><div class=\"aagb__accordion_body \" role=\"region\" style=\"background-color:transparent;border-top:0px none undefined;padding:10px 15px 10px 15px\">\n<p class=\"has-extra-small-font-size\">We exclusively sell our ornamental plants in rockwool blocks.<\/p>\n<\/div><\/div>\n\n\n\n<div class=\"wp-block-aab-accordion-item aagb__accordion_container\" style=\"border:0px none undefined;margin-top:0px;margin-bottom:0px;border-radius:0px\"><div class=\"aagb__accordion_head aab_right_icon\" data-active=\"false\" style=\"color:#000000;background-color:transparent;padding:10px 15px 10px 15px\"><div class=\"aagb__accordion_heading aab_right_icon\"><p class=\"aagb__accordion_title\" style=\"margin:0;color:#000000\"><strong><strong><strong><strong><strong><strong><strong><strong><strong><strong><a>1.6 In what sizes are ornamental plants available for order?<\/a><\/strong><\/strong><\/strong><\/strong><\/strong><\/strong><\/strong><\/strong><\/strong><\/strong><\/p><\/div><div class=\"aagb__accordion_icon\" style=\"color:#000000;background-color:transparent\"><span class=\"aagb__icon dashicons dashicons-plus-alt2\"><\/span><\/div><\/div><div class=\"aagb__accordion_body \" role=\"region\" style=\"background-color:transparent;border-top:0px none undefined;padding:10px 15px 10px 15px\">\n<p class=\"has-extra-small-font-size\">Our ornamental plants are sold in a rockwool block. We offer two different sizes: the small rockwool wedge with 2-week-old plants, and the large rockwool cube with 3-week-old plants.<\/p>\n<\/div><\/div>\n\n\n\n<div class=\"wp-block-aab-accordion-item aagb__accordion_container\" style=\"border:0px none undefined;margin-top:0px;margin-bottom:0px;border-radius:0px\"><div class=\"aagb__accordion_head aab_right_icon\" data-active=\"false\" style=\"color:#000000;background-color:transparent;padding:10px 15px 10px 15px\"><div class=\"aagb__accordion_heading aab_right_icon\"><p class=\"aagb__accordion_title\" style=\"margin:0;color:#000000\"><strong><strong><strong><strong><strong><strong><strong><strong><strong><strong><strong><a>1.7 Is it possible to pre-order plants to be grown for a few days\/weeks?<\/a><\/strong><\/strong><\/strong><\/strong><\/strong><\/strong><\/strong><\/strong><\/strong><\/strong><\/strong><\/p><\/div><div class=\"aagb__accordion_icon\" style=\"color:#000000;background-color:transparent\"><span class=\"aagb__icon dashicons dashicons-plus-alt2\"><\/span><\/div><\/div><div class=\"aagb__accordion_body \" role=\"region\" style=\"background-color:transparent;border-top:0px none undefined;padding:10px 15px 10px 15px\">\n<p class=\"has-extra-small-font-size\">Generally, only our two plant sizes are available for order (see Question 1.6). In spring to summer, we also sell &#8220;Outdoor&#8221; ornamental plants that have been pre-grown for two to three weeks. However, these cannot be ordered or reserved.<\/p>\n<\/div><\/div>\n\n\n\n<div class=\"wp-block-aab-accordion-item aagb__accordion_container\" style=\"border:0px none undefined;margin-top:0px;margin-bottom:0px;border-radius:0px\"><div class=\"aagb__accordion_head aab_right_icon\" data-active=\"false\" style=\"color:#000000;background-color:transparent;padding:10px 15px 10px 15px\"><div class=\"aagb__accordion_heading aab_right_icon\"><p class=\"aagb__accordion_title\" style=\"margin:0;color:#000000\"><strong><strong><strong><strong><strong><strong><strong><strong><strong><strong><strong><a>1.8 Can I also transfer a deposit or something similar?<\/a><\/strong><\/strong><\/strong><\/strong><\/strong><\/strong><\/strong><\/strong><\/strong><\/strong><\/strong><\/p><\/div><div class=\"aagb__accordion_icon\" style=\"color:#000000;background-color:transparent\"><span class=\"aagb__icon dashicons dashicons-plus-alt2\"><\/span><\/div><\/div><div class=\"aagb__accordion_body \" role=\"region\" style=\"background-color:transparent;border-top:0px none undefined;padding:10px 15px 10px 15px\">\n<p class=\"has-extra-small-font-size\">We only accept deposits in cash on-site.<\/p>\n<\/div><\/div>\n\n\n\n<div class=\"wp-block-aab-accordion-item aagb__accordion_container\" style=\"border:0px none undefined;margin-top:0px;margin-bottom:0px;border-radius:0px\"><div class=\"aagb__accordion_head aab_right_icon\" data-active=\"false\" style=\"color:#000000;background-color:transparent;padding:10px 15px 10px 15px\"><div class=\"aagb__accordion_heading aab_right_icon\"><p class=\"aagb__accordion_title\" style=\"margin:0;color:#000000\"><strong><strong><strong><strong><strong><strong><strong><strong><strong><strong><strong><a>1.9 How much does an ornamental plant cost?<\/a><\/strong><\/strong><\/strong><\/strong><\/strong><\/strong><\/strong><\/strong><\/strong><\/strong><\/strong><\/p><\/div><div class=\"aagb__accordion_icon\" style=\"color:#000000;background-color:transparent\"><span class=\"aagb__icon dashicons dashicons-plus-alt2\"><\/span><\/div><\/div><div class=\"aagb__accordion_body \" role=\"region\" style=\"background-color:transparent;border-top:0px none undefined;padding:10px 15px 10px 15px\">\n<p class=\"has-extra-small-font-size\">Our ornamental plant prices are staggered according to quantity. The small rockwool wedge costs \u20ac8.50 per piece. and the large rockwool cube costs \u20ac9.50 per piece. From a quantity of 10 pieces, there is a discount. For an exact cost estimate, simply inquire at the shop.<\/p>\n<\/div><\/div>\n\n\n\n<div class=\"wp-block-aab-accordion-item aagb__accordion_container\" style=\"border:0px none undefined;margin-top:0px;margin-bottom:0px;border-radius:0px\"><div class=\"aagb__accordion_head aab_right_icon\" data-active=\"false\" style=\"color:#000000;background-color:transparent;padding:10px 15px 10px 15px\"><div class=\"aagb__accordion_heading aab_right_icon\"><p class=\"aagb__accordion_title\" style=\"margin:0;color:#000000\"><strong><strong><strong><strong><strong><strong><strong><strong><strong><strong><strong><a>1.10 What information needs to be provided in an email order inquiry?<\/a><\/strong><\/strong><\/strong><\/strong><\/strong><\/strong><\/strong><\/strong><\/strong><\/strong><\/strong><\/p><\/div><div class=\"aagb__accordion_icon\" style=\"color:#000000;background-color:transparent\"><span class=\"aagb__icon dashicons dashicons-plus-alt2\"><\/span><\/div><\/div><div class=\"aagb__accordion_body \" role=\"region\" style=\"background-color:transparent;border-top:0px none undefined;padding:10px 15px 10px 15px\">\n<p class=\"has-extra-small-font-size\">The required information for an email order inquiry includes: Plant variety &amp; quantity Earliest desired pickup date Small or large rockwool cube<\/p>\n<\/div><\/div>\n\n\n\n<div class=\"wp-block-aab-accordion-item aagb__accordion_container\" style=\"border:0px none undefined;margin-top:0px;margin-bottom:0px;border-radius:0px\"><div class=\"aagb__accordion_head aab_right_icon\" data-active=\"false\" style=\"color:#000000;background-color:transparent;padding:10px 15px 10px 15px\"><div class=\"aagb__accordion_heading aab_right_icon\"><p class=\"aagb__accordion_title\" style=\"margin:0;color:#000000\"><strong><strong><strong><strong><strong><strong><strong><strong><strong><strong><strong><a>1.11 Is the cultivation of hemp legal in Austria?<\/a><\/strong><\/strong><\/strong><\/strong><\/strong><\/strong><\/strong><\/strong><\/strong><\/strong><\/strong><\/p><\/div><div class=\"aagb__accordion_icon\" style=\"color:#000000;background-color:transparent\"><span class=\"aagb__icon dashicons dashicons-plus-alt2\"><\/span><\/div><\/div><div class=\"aagb__accordion_body \" role=\"region\" style=\"background-color:transparent;border-top:0px none undefined;padding:10px 15px 10px 15px\">\n<p class=\"has-extra-small-font-size\">Cultivating hemp as an ornamental plant generally poses no issue; however, they must not be used for the production of narcotics, as outlined in our terms and conditions.<\/p>\n<\/div><\/div>\n\n\n\n<div class=\"wp-block-aab-accordion-item aagb__accordion_container\" style=\"border:0px none undefined;margin-top:0px;margin-bottom:0px;border-radius:0px\"><div class=\"aagb__accordion_head aab_right_icon\" data-active=\"false\" style=\"color:#000000;background-color:transparent;padding:10px 15px 10px 15px\"><div class=\"aagb__accordion_heading aab_right_icon\"><p class=\"aagb__accordion_title\" style=\"margin:0;color:#000000\"><strong><strong><strong><strong><strong><strong><strong><strong><strong><strong><strong><a>1.12 How old are the mother plants for producing cuttings?<\/a><\/strong><\/strong><\/strong><\/strong><\/strong><\/strong><\/strong><\/strong><\/strong><\/strong><\/strong><\/p><\/div><div class=\"aagb__accordion_icon\" style=\"color:#000000;background-color:transparent\"><span class=\"aagb__icon dashicons dashicons-plus-alt2\"><\/span><\/div><\/div><div class=\"aagb__accordion_body \" role=\"region\" style=\"background-color:transparent;border-top:0px none undefined;padding:10px 15px 10px 15px\">\n<p class=\"has-extra-small-font-size\">We renew our plant culture annually to ensure consistent quality.<\/p>\n<\/div><\/div>\n\n\n\n<div class=\"wp-block-aab-accordion-item aagb__accordion_container\" style=\"border:0px none undefined;margin-top:0px;margin-bottom:0px;border-radius:0px\"><div class=\"aagb__accordion_head aab_right_icon\" data-active=\"false\" style=\"color:#000000;background-color:transparent;padding:10px 15px 10px 15px\"><div class=\"aagb__accordion_heading aab_right_icon\"><p class=\"aagb__accordion_title\" style=\"margin:0;color:#000000\"><strong><strong><strong><strong><strong><strong><strong><strong><strong><strong><strong><a>1.13 Are pests being controlled and how?<\/a><\/strong><\/strong><\/strong><\/strong><\/strong><\/strong><\/strong><\/strong><\/strong><\/strong><\/strong><\/p><\/div><div class=\"aagb__accordion_icon\" style=\"color:#000000;background-color:transparent\"><span class=\"aagb__icon dashicons dashicons-plus-alt2\"><\/span><\/div><\/div><div class=\"aagb__accordion_body \" role=\"region\" style=\"background-color:transparent;border-top:0px none undefined;padding:10px 15px 10px 15px\">\n<p class=\"has-extra-small-font-size\">Monoculture is always susceptible to pest infestation. Based on our experience over the past 10 years and the expertise of specialized partner companies, we selectively and seasonally combat unwanted guests. We primarily use beneficial organisms and biological control agents for pest management. Thus, we can guarantee consistent quality of the plants. If you still encounter any issues with the plants you purchased from us, please let us know.<\/p>\n<\/div><\/div>\n<\/div>\n","protected":false},"excerpt":{"rendered":"<p>FAQ<\/p>\n","protected":false},"author":1,"featured_media":0,"parent":0,"menu_order":0,"comment_status":"closed","ping_status":"closed","template":"","meta":{"_acf_changed":false,"footnotes":""},"class_list":["post-24240","page","type-page","status-publish","hentry","entry"],"acf":[],"yoast_head":"<!-- This site is optimized with the Yoast SEO plugin v27.5 - https:\/\/yoast.com\/product\/yoast-seo-wordpress\/ -->\n<title>FAQ - Flowery Field<\/title>\n<meta name=\"robots\" content=\"index, follow, max-snippet:-1, max-image-preview:large, max-video-preview:-1\" \/>\n<link rel=\"canonical\" href=\"https:\/\/www.floweryfield.com\/en\/faq\/\" \/>\n<meta property=\"og:locale\" content=\"en_US\" \/>\n<meta property=\"og:type\" content=\"article\" \/>\n<meta property=\"og:title\" content=\"FAQ - Flowery Field\" \/>\n<meta property=\"og:description\" content=\"FAQ\" \/>\n<meta property=\"og:url\" content=\"https:\/\/www.floweryfield.com\/en\/faq\/\" \/>\n<meta property=\"og:site_name\" content=\"Flowery Field\" \/>\n<meta property=\"article:publisher\" content=\"https:\/\/www.facebook.com\/floweryfeld\" \/>\n<meta property=\"article:modified_time\" content=\"2024-05-14T08:21:23+00:00\" \/>\n<meta name=\"twitter:card\" content=\"summary_large_image\" \/>\n<meta name=\"twitter:label1\" content=\"Est. reading time\" \/>\n\t<meta name=\"twitter:data1\" content=\"3 minutes\" \/>\n<script type=\"application\/ld+json\" class=\"yoast-schema-graph\">{\"@context\":\"https:\\\/\\\/schema.org\",\"@graph\":[{\"@type\":\"WebPage\",\"@id\":\"https:\\\/\\\/www.floweryfield.com\\\/en\\\/faq\\\/\",\"url\":\"https:\\\/\\\/www.floweryfield.com\\\/en\\\/faq\\\/\",\"name\":\"FAQ - Flowery Field\",\"isPartOf\":{\"@id\":\"https:\\\/\\\/www.floweryfield.com\\\/#website\"},\"datePublished\":\"2024-05-13T10:55:24+00:00\",\"dateModified\":\"2024-05-14T08:21:23+00:00\",\"breadcrumb\":{\"@id\":\"https:\\\/\\\/www.floweryfield.com\\\/en\\\/faq\\\/#breadcrumb\"},\"inLanguage\":\"en-US\",\"potentialAction\":[{\"@type\":\"ReadAction\",\"target\":[\"https:\\\/\\\/www.floweryfield.com\\\/en\\\/faq\\\/\"]}]},{\"@type\":\"BreadcrumbList\",\"@id\":\"https:\\\/\\\/www.floweryfield.com\\\/en\\\/faq\\\/#breadcrumb\",\"itemListElement\":[{\"@type\":\"ListItem\",\"position\":1,\"name\":\"Startseite\",\"item\":\"https:\\\/\\\/www.floweryfield.com\\\/en\\\/\"},{\"@type\":\"ListItem\",\"position\":2,\"name\":\"FAQ\"}]},{\"@type\":\"WebSite\",\"@id\":\"https:\\\/\\\/www.floweryfield.com\\\/#website\",\"url\":\"https:\\\/\\\/www.floweryfield.com\\\/\",\"name\":\"Flowery Field Labs\",\"description\":\"\u00d6sterreichs gr\u00f6\u00dfer Produzent von Hanfstecklingen\",\"publisher\":{\"@id\":\"https:\\\/\\\/www.floweryfield.com\\\/#organization\"},\"potentialAction\":[{\"@type\":\"SearchAction\",\"target\":{\"@type\":\"EntryPoint\",\"urlTemplate\":\"https:\\\/\\\/www.floweryfield.com\\\/?s={search_term_string}\"},\"query-input\":{\"@type\":\"PropertyValueSpecification\",\"valueRequired\":true,\"valueName\":\"search_term_string\"}}],\"inLanguage\":\"en-US\"},{\"@type\":\"Organization\",\"@id\":\"https:\\\/\\\/www.floweryfield.com\\\/#organization\",\"name\":\"Flowery Field Labs\",\"url\":\"https:\\\/\\\/www.floweryfield.com\\\/\",\"logo\":{\"@type\":\"ImageObject\",\"inLanguage\":\"en-US\",\"@id\":\"https:\\\/\\\/www.floweryfield.com\\\/#\\\/schema\\\/logo\\\/image\\\/\",\"url\":\"https:\\\/\\\/www.floweryfield.com\\\/wp-content\\\/uploads\\\/2024\\\/03\\\/floweryfield_logo-1-1.png\",\"contentUrl\":\"https:\\\/\\\/www.floweryfield.com\\\/wp-content\\\/uploads\\\/2024\\\/03\\\/floweryfield_logo-1-1.png\",\"width\":224,\"height\":56,\"caption\":\"Flowery Field Labs\"},\"image\":{\"@id\":\"https:\\\/\\\/www.floweryfield.com\\\/#\\\/schema\\\/logo\\\/image\\\/\"},\"sameAs\":[\"https:\\\/\\\/www.facebook.com\\\/floweryfeld\"]}]}<\/script>\n<!-- \/ Yoast SEO plugin. -->","yoast_head_json":{"title":"FAQ - Flowery Field","robots":{"index":"index","follow":"follow","max-snippet":"max-snippet:-1","max-image-preview":"max-image-preview:large","max-video-preview":"max-video-preview:-1"},"canonical":"https:\/\/www.floweryfield.com\/en\/faq\/","og_locale":"en_US","og_type":"article","og_title":"FAQ - Flowery Field","og_description":"FAQ","og_url":"https:\/\/www.floweryfield.com\/en\/faq\/","og_site_name":"Flowery Field","article_publisher":"https:\/\/www.facebook.com\/floweryfeld","article_modified_time":"2024-05-14T08:21:23+00:00","twitter_card":"summary_large_image","twitter_misc":{"Est. reading time":"3 minutes"},"schema":{"@context":"https:\/\/schema.org","@graph":[{"@type":"WebPage","@id":"https:\/\/www.floweryfield.com\/en\/faq\/","url":"https:\/\/www.floweryfield.com\/en\/faq\/","name":"FAQ - Flowery Field","isPartOf":{"@id":"https:\/\/www.floweryfield.com\/#website"},"datePublished":"2024-05-13T10:55:24+00:00","dateModified":"2024-05-14T08:21:23+00:00","breadcrumb":{"@id":"https:\/\/www.floweryfield.com\/en\/faq\/#breadcrumb"},"inLanguage":"en-US","potentialAction":[{"@type":"ReadAction","target":["https:\/\/www.floweryfield.com\/en\/faq\/"]}]},{"@type":"BreadcrumbList","@id":"https:\/\/www.floweryfield.com\/en\/faq\/#breadcrumb","itemListElement":[{"@type":"ListItem","position":1,"name":"Startseite","item":"https:\/\/www.floweryfield.com\/en\/"},{"@type":"ListItem","position":2,"name":"FAQ"}]},{"@type":"WebSite","@id":"https:\/\/www.floweryfield.com\/#website","url":"https:\/\/www.floweryfield.com\/","name":"Flowery Field Labs","description":"\u00d6sterreichs gr\u00f6\u00dfer Produzent von Hanfstecklingen","publisher":{"@id":"https:\/\/www.floweryfield.com\/#organization"},"potentialAction":[{"@type":"SearchAction","target":{"@type":"EntryPoint","urlTemplate":"https:\/\/www.floweryfield.com\/?s={search_term_string}"},"query-input":{"@type":"PropertyValueSpecification","valueRequired":true,"valueName":"search_term_string"}}],"inLanguage":"en-US"},{"@type":"Organization","@id":"https:\/\/www.floweryfield.com\/#organization","name":"Flowery Field Labs","url":"https:\/\/www.floweryfield.com\/","logo":{"@type":"ImageObject","inLanguage":"en-US","@id":"https:\/\/www.floweryfield.com\/#\/schema\/logo\/image\/","url":"https:\/\/www.floweryfield.com\/wp-content\/uploads\/2024\/03\/floweryfield_logo-1-1.png","contentUrl":"https:\/\/www.floweryfield.com\/wp-content\/uploads\/2024\/03\/floweryfield_logo-1-1.png","width":224,"height":56,"caption":"Flowery Field Labs"},"image":{"@id":"https:\/\/www.floweryfield.com\/#\/schema\/logo\/image\/"},"sameAs":["https:\/\/www.facebook.com\/floweryfeld"]}]}},"_links":{"self":[{"href":"https:\/\/www.floweryfield.com\/en\/wp-json\/wp\/v2\/pages\/24240","targetHints":{"allow":["GET"]}}],"collection":[{"href":"https:\/\/www.floweryfield.com\/en\/wp-json\/wp\/v2\/pages"}],"about":[{"href":"https:\/\/www.floweryfield.com\/en\/wp-json\/wp\/v2\/types\/page"}],"author":[{"embeddable":true,"href":"https:\/\/www.floweryfield.com\/en\/wp-json\/wp\/v2\/users\/1"}],"replies":[{"embeddable":true,"href":"https:\/\/www.floweryfield.com\/en\/wp-json\/wp\/v2\/comments?post=24240"}],"version-history":[{"count":4,"href":"https:\/\/www.floweryfield.com\/en\/wp-json\/wp\/v2\/pages\/24240\/revisions"}],"predecessor-version":[{"id":24253,"href":"https:\/\/www.floweryfield.com\/en\/wp-json\/wp\/v2\/pages\/24240\/revisions\/24253"}],"wp:attachment":[{"href":"https:\/\/www.floweryfield.com\/en\/wp-json\/wp\/v2\/media?parent=24240"}],"curies":[{"name":"wp","href":"https:\/\/api.w.org\/{rel}","templated":true}]}}