{"id":24244,"date":"2024-05-13T12:21:01","date_gmt":"2024-05-13T10:21:01","guid":{"rendered":"https:\/\/www.floweryfield.com\/revocation-instruction\/"},"modified":"2024-05-14T10:10:59","modified_gmt":"2024-05-14T08:10:59","slug":"revocation-instruction","status":"publish","type":"page","link":"https:\/\/www.floweryfield.com\/en\/revocation-instruction\/","title":{"rendered":"Revocation Instruction"},"content":{"rendered":"\n<div style=\"height:150px\" aria-hidden=\"true\" class=\"wp-block-spacer\"><\/div>\n\n<h2 class=\"wp-block-heading alignwide\">Revocation Instruction<\/h2>\n\n<p class=\"alignwide\">Als Verbraucher im Sinne des Konsumentenschutzgesetzes (KSchG) hast Du das Recht, binnen 14 Tagen ohne Angabe von Gr\u00fcnden Vertr\u00e4ge zu widerrufen. Die Widerrufsfrist betr\u00e4gt vierzehn Tage ab dem Tag, an dem Du oder ein von dir benannter Dritter, der nicht der Bef\u00f6rderer ist, die Ware in Besitz genommen hast bzw. hat. Um Dein Widerrufsrecht auszu\u00fcben, musst Du uns (Flowery Field GmbH, Hosnedlgasse 12 \/ Objekt 3, 1220 Wien) mittels einer eindeutigen Erkl\u00e4rung (z.B. ein mit der Post versandter Brief, Telefax oder E-Mail) \u00fcber deinen Entschluss, den Vertrag zu widerrufen, informieren. Zur Wahrung der Widerrufsfrist reicht es aus, dass Du die Mitteilung \u00fcber die Aus\u00fcbung des Widerrufsrechts vor Ablauf der Widerrufsfrist absendest. Der Verbraucher hat kein R\u00fccktrittsrecht bei Vertr\u00e4gen \u00fcber:<\/p>\n\n<ul class=\"alignwide wp-block-list\">\n<li>Vertr\u00e4ge zur Lieferung von Waren, die nicht vorgefertigt sind und f\u00fcr deren Herstellung eine individuelle Auswahl zur Bestimmung durch den Verbraucher ma\u00dfgeblich ist oder die eindeutig auf die pers\u00f6nlichen Bed\u00fcrfnisse des Verbrauchers zugeschnitten sind.<\/li>\n\n\n\n<li>Vertr\u00e4ge zur Lieferung versiegelter Waren, die aus Gr\u00fcnden des Gesundheitsschutzes oder der Hygiene nicht zur R\u00fcckgabe geeignet sind, wenn ihre Versiegelung nach der Lieferung entfernt wurde (z.B. schnell verderblich).<\/li>\n\n\n\n<li>Vertr\u00e4ge zur Lieferung von Waren, wenn diese nach der Lieferung auf Grund ihrer Beschaffenheit untrennbar mit anderen G\u00fctern vermischt wurden.<\/li>\n\n\n\n<li>Vertr\u00e4ge zur Lieferung von Ton- oder Videoaufnahmen oder Computersoftware in einer versiegelten Packung, wenn die Versiegelung nach der Lieferung entfernt wurde.<\/li>\n\n\n\n<li>Vertr\u00e4ge zur Lieferung von Zeitungen, Zeitschriften oder Illustrierten mit Ausnahme von Abonnement-Vertr\u00e4gen.<\/li>\n<\/ul>\n\n<p class=\"alignwide\">Im Falle eines wirksamen Widerrufs werden alle Zahlungen, die wir von Dir erhalten haben unverz\u00fcglich r\u00fcckerstattet. Wir k\u00f6nnen die R\u00fcckzahlung verweigern, bis wir die Waren wieder zur\u00fcckerhalten haben oder bis Du uns den Nachweis erbracht hast, dass die Waren zur\u00fcckgesandt wurden, je nachdem, welches der fr\u00fchere Zeitpunkt ist. F\u00fcr die R\u00fcckzahlung verwenden wir dasselbe Zahlungsmittel, das Du bei der urspr\u00fcnglichen Transaktion eingesetzt hast. Bitte sende die Waren unverz\u00fcglich und in jedem Fall sp\u00e4testens binnen 14 Tage ab dem Tag, an dem Du uns \u00fcber den Widerruf dieses Vertrages unterrichtet hast, an:<\/p>\n\n<p class=\"alignwide\">Flowery Field GmbH<br\/>Hans- Steger- Gasse 2\/6-9<br\/>1220 Wien<\/p>\n\n<p class=\"alignwide\">Paketversandf\u00e4hige Waren sind auf unsere Gefahr zur\u00fcckzusenden. Du tr\u00e4gst die unmittelbaren Kosten der R\u00fccksendung. Die R\u00fccksendung von nicht paketf\u00e4higen Waren (im Speziellen Pflanzen ohne geeignete und passende Spezialverpackung) erfolgt per Spedition und muss ebenfalls von Dir getragen werden.<\/p>\n\n<p class=\"alignwide\">Dieses Formular dient zur Vorlage und kann per Fax unter: +43 1 603 31 80 oder per E-Mail an: <a href=\"mailto:office@floweryfield.com\">office@floweryfield.com<\/a> an uns gesandt werden.<\/p>\n\n<p class=\"alignwide\"><a href=\"https:\/\/www.floweryfield.com\/wp-content\/uploads\/2018\/03\/FloweryField_Wiederrufsformular.pdf\" target=\"_blank\" rel=\"noreferrer noopener\"><strong>Wiederrufsformular<\/strong><\/a><\/p>\n","protected":false},"excerpt":{"rendered":"<p>Revocation Instruction Als Verbraucher im Sinne des Konsumentenschutzgesetzes (KSchG) hast Du das Recht, binnen 14 Tagen ohne Angabe von Gr\u00fcnden Vertr\u00e4ge zu widerrufen. Die Widerrufsfrist betr\u00e4gt vierzehn Tage ab dem Tag, an dem Du oder ein von dir benannter Dritter, der nicht der Bef\u00f6rderer ist, die Ware in Besitz genommen hast bzw. hat. Um Dein&hellip; <a class=\"more-link\" href=\"https:\/\/www.floweryfield.com\/en\/revocation-instruction\/\">Continue reading <span class=\"screen-reader-text\">Revocation Instruction<\/span><\/a><\/p>\n","protected":false},"author":1,"featured_media":0,"parent":0,"menu_order":0,"comment_status":"closed","ping_status":"closed","template":"","meta":{"_acf_changed":false,"footnotes":""},"class_list":["post-24244","page","type-page","status-publish","hentry","entry"],"acf":[],"yoast_head":"<!-- This site is optimized with the Yoast SEO plugin v27.4 - https:\/\/yoast.com\/product\/yoast-seo-wordpress\/ -->\n<title>Revocation Instruction - Flowery Field<\/title>\n<meta name=\"robots\" content=\"index, follow, max-snippet:-1, max-image-preview:large, max-video-preview:-1\" \/>\n<link rel=\"canonical\" href=\"https:\/\/www.floweryfield.com\/en\/revocation-instruction\/\" \/>\n<meta property=\"og:locale\" content=\"en_US\" \/>\n<meta property=\"og:type\" content=\"article\" \/>\n<meta property=\"og:title\" content=\"Revocation Instruction - Flowery Field\" \/>\n<meta property=\"og:description\" content=\"Revocation Instruction Als Verbraucher im Sinne des Konsumentenschutzgesetzes (KSchG) hast Du das Recht, binnen 14 Tagen ohne Angabe von Gr\u00fcnden Vertr\u00e4ge zu widerrufen. Die Widerrufsfrist betr\u00e4gt vierzehn Tage ab dem Tag, an dem Du oder ein von dir benannter Dritter, der nicht der Bef\u00f6rderer ist, die Ware in Besitz genommen hast bzw. hat. Um Dein&hellip; Continue reading Revocation Instruction\" \/>\n<meta property=\"og:url\" content=\"https:\/\/www.floweryfield.com\/en\/revocation-instruction\/\" \/>\n<meta property=\"og:site_name\" content=\"Flowery Field\" \/>\n<meta property=\"article:publisher\" content=\"https:\/\/www.facebook.com\/floweryfeld\" \/>\n<meta property=\"article:modified_time\" content=\"2024-05-14T08:10:59+00:00\" \/>\n<meta name=\"twitter:card\" content=\"summary_large_image\" \/>\n<meta name=\"twitter:label1\" content=\"Est. reading time\" \/>\n\t<meta name=\"twitter:data1\" content=\"2 minutes\" \/>\n<script type=\"application\/ld+json\" class=\"yoast-schema-graph\">{\"@context\":\"https:\\\/\\\/schema.org\",\"@graph\":[{\"@type\":\"WebPage\",\"@id\":\"https:\\\/\\\/www.floweryfield.com\\\/en\\\/revocation-instruction\\\/\",\"url\":\"https:\\\/\\\/www.floweryfield.com\\\/en\\\/revocation-instruction\\\/\",\"name\":\"Revocation Instruction - Flowery Field\",\"isPartOf\":{\"@id\":\"https:\\\/\\\/www.floweryfield.com\\\/#website\"},\"datePublished\":\"2024-05-13T10:21:01+00:00\",\"dateModified\":\"2024-05-14T08:10:59+00:00\",\"breadcrumb\":{\"@id\":\"https:\\\/\\\/www.floweryfield.com\\\/en\\\/revocation-instruction\\\/#breadcrumb\"},\"inLanguage\":\"en-US\",\"potentialAction\":[{\"@type\":\"ReadAction\",\"target\":[\"https:\\\/\\\/www.floweryfield.com\\\/en\\\/revocation-instruction\\\/\"]}]},{\"@type\":\"BreadcrumbList\",\"@id\":\"https:\\\/\\\/www.floweryfield.com\\\/en\\\/revocation-instruction\\\/#breadcrumb\",\"itemListElement\":[{\"@type\":\"ListItem\",\"position\":1,\"name\":\"Startseite\",\"item\":\"https:\\\/\\\/www.floweryfield.com\\\/en\\\/\"},{\"@type\":\"ListItem\",\"position\":2,\"name\":\"Revocation Instruction\"}]},{\"@type\":\"WebSite\",\"@id\":\"https:\\\/\\\/www.floweryfield.com\\\/#website\",\"url\":\"https:\\\/\\\/www.floweryfield.com\\\/\",\"name\":\"Flowery Field Labs\",\"description\":\"\u00d6sterreichs gr\u00f6\u00dfer Produzent von Hanfstecklingen\",\"publisher\":{\"@id\":\"https:\\\/\\\/www.floweryfield.com\\\/#organization\"},\"potentialAction\":[{\"@type\":\"SearchAction\",\"target\":{\"@type\":\"EntryPoint\",\"urlTemplate\":\"https:\\\/\\\/www.floweryfield.com\\\/?s={search_term_string}\"},\"query-input\":{\"@type\":\"PropertyValueSpecification\",\"valueRequired\":true,\"valueName\":\"search_term_string\"}}],\"inLanguage\":\"en-US\"},{\"@type\":\"Organization\",\"@id\":\"https:\\\/\\\/www.floweryfield.com\\\/#organization\",\"name\":\"Flowery Field Labs\",\"url\":\"https:\\\/\\\/www.floweryfield.com\\\/\",\"logo\":{\"@type\":\"ImageObject\",\"inLanguage\":\"en-US\",\"@id\":\"https:\\\/\\\/www.floweryfield.com\\\/#\\\/schema\\\/logo\\\/image\\\/\",\"url\":\"https:\\\/\\\/www.floweryfield.com\\\/wp-content\\\/uploads\\\/2024\\\/03\\\/floweryfield_logo-1-1.png\",\"contentUrl\":\"https:\\\/\\\/www.floweryfield.com\\\/wp-content\\\/uploads\\\/2024\\\/03\\\/floweryfield_logo-1-1.png\",\"width\":224,\"height\":56,\"caption\":\"Flowery Field Labs\"},\"image\":{\"@id\":\"https:\\\/\\\/www.floweryfield.com\\\/#\\\/schema\\\/logo\\\/image\\\/\"},\"sameAs\":[\"https:\\\/\\\/www.facebook.com\\\/floweryfeld\"]}]}<\/script>\n<!-- \/ Yoast SEO plugin. -->","yoast_head_json":{"title":"Revocation Instruction - Flowery Field","robots":{"index":"index","follow":"follow","max-snippet":"max-snippet:-1","max-image-preview":"max-image-preview:large","max-video-preview":"max-video-preview:-1"},"canonical":"https:\/\/www.floweryfield.com\/en\/revocation-instruction\/","og_locale":"en_US","og_type":"article","og_title":"Revocation Instruction - Flowery Field","og_description":"Revocation Instruction Als Verbraucher im Sinne des Konsumentenschutzgesetzes (KSchG) hast Du das Recht, binnen 14 Tagen ohne Angabe von Gr\u00fcnden Vertr\u00e4ge zu widerrufen. Die Widerrufsfrist betr\u00e4gt vierzehn Tage ab dem Tag, an dem Du oder ein von dir benannter Dritter, der nicht der Bef\u00f6rderer ist, die Ware in Besitz genommen hast bzw. hat. Um Dein&hellip; Continue reading Revocation Instruction","og_url":"https:\/\/www.floweryfield.com\/en\/revocation-instruction\/","og_site_name":"Flowery Field","article_publisher":"https:\/\/www.facebook.com\/floweryfeld","article_modified_time":"2024-05-14T08:10:59+00:00","twitter_card":"summary_large_image","twitter_misc":{"Est. reading time":"2 minutes"},"schema":{"@context":"https:\/\/schema.org","@graph":[{"@type":"WebPage","@id":"https:\/\/www.floweryfield.com\/en\/revocation-instruction\/","url":"https:\/\/www.floweryfield.com\/en\/revocation-instruction\/","name":"Revocation Instruction - Flowery Field","isPartOf":{"@id":"https:\/\/www.floweryfield.com\/#website"},"datePublished":"2024-05-13T10:21:01+00:00","dateModified":"2024-05-14T08:10:59+00:00","breadcrumb":{"@id":"https:\/\/www.floweryfield.com\/en\/revocation-instruction\/#breadcrumb"},"inLanguage":"en-US","potentialAction":[{"@type":"ReadAction","target":["https:\/\/www.floweryfield.com\/en\/revocation-instruction\/"]}]},{"@type":"BreadcrumbList","@id":"https:\/\/www.floweryfield.com\/en\/revocation-instruction\/#breadcrumb","itemListElement":[{"@type":"ListItem","position":1,"name":"Startseite","item":"https:\/\/www.floweryfield.com\/en\/"},{"@type":"ListItem","position":2,"name":"Revocation Instruction"}]},{"@type":"WebSite","@id":"https:\/\/www.floweryfield.com\/#website","url":"https:\/\/www.floweryfield.com\/","name":"Flowery Field Labs","description":"\u00d6sterreichs gr\u00f6\u00dfer Produzent von Hanfstecklingen","publisher":{"@id":"https:\/\/www.floweryfield.com\/#organization"},"potentialAction":[{"@type":"SearchAction","target":{"@type":"EntryPoint","urlTemplate":"https:\/\/www.floweryfield.com\/?s={search_term_string}"},"query-input":{"@type":"PropertyValueSpecification","valueRequired":true,"valueName":"search_term_string"}}],"inLanguage":"en-US"},{"@type":"Organization","@id":"https:\/\/www.floweryfield.com\/#organization","name":"Flowery Field Labs","url":"https:\/\/www.floweryfield.com\/","logo":{"@type":"ImageObject","inLanguage":"en-US","@id":"https:\/\/www.floweryfield.com\/#\/schema\/logo\/image\/","url":"https:\/\/www.floweryfield.com\/wp-content\/uploads\/2024\/03\/floweryfield_logo-1-1.png","contentUrl":"https:\/\/www.floweryfield.com\/wp-content\/uploads\/2024\/03\/floweryfield_logo-1-1.png","width":224,"height":56,"caption":"Flowery Field Labs"},"image":{"@id":"https:\/\/www.floweryfield.com\/#\/schema\/logo\/image\/"},"sameAs":["https:\/\/www.facebook.com\/floweryfeld"]}]}},"_links":{"self":[{"href":"https:\/\/www.floweryfield.com\/en\/wp-json\/wp\/v2\/pages\/24244","targetHints":{"allow":["GET"]}}],"collection":[{"href":"https:\/\/www.floweryfield.com\/en\/wp-json\/wp\/v2\/pages"}],"about":[{"href":"https:\/\/www.floweryfield.com\/en\/wp-json\/wp\/v2\/types\/page"}],"author":[{"embeddable":true,"href":"https:\/\/www.floweryfield.com\/en\/wp-json\/wp\/v2\/users\/1"}],"replies":[{"embeddable":true,"href":"https:\/\/www.floweryfield.com\/en\/wp-json\/wp\/v2\/comments?post=24244"}],"version-history":[{"count":1,"href":"https:\/\/www.floweryfield.com\/en\/wp-json\/wp\/v2\/pages\/24244\/revisions"}],"predecessor-version":[{"id":24245,"href":"https:\/\/www.floweryfield.com\/en\/wp-json\/wp\/v2\/pages\/24244\/revisions\/24245"}],"wp:attachment":[{"href":"https:\/\/www.floweryfield.com\/en\/wp-json\/wp\/v2\/media?parent=24244"}],"curies":[{"name":"wp","href":"https:\/\/api.w.org\/{rel}","templated":true}]}}