{"id":474,"date":"2024-03-12T03:34:49","date_gmt":"2024-03-12T02:34:49","guid":{"rendered":"https:\/\/www.floweryfield.com\/resultate\/"},"modified":"2024-03-21T11:43:04","modified_gmt":"2024-03-21T10:43:04","slug":"results","status":"publish","type":"page","link":"https:\/\/www.floweryfield.com\/en\/results\/","title":{"rendered":"Results"},"content":{"rendered":"\n<div class=\"wp-block-cover alignfull has-parallax has-custom-content-position is-position-top-center is-style-default\" style=\"margin-top:0;padding-top:0;padding-right:0;padding-bottom:0;padding-left:0;min-height:100vh;aspect-ratio:unset;\"><span aria-hidden=\"true\" class=\"wp-block-cover__background has-background-dim-80 has-background-dim wp-block-cover__gradient-background has-background-gradient\" style=\"background:linear-gradient(90deg,rgb(35,74,20) 49%,rgb(225,137,116) 100%)\"><\/span><div role=\"img\" class=\"wp-block-cover__image-background wp-image-686 has-parallax\" style=\"background-position:50% 50%;background-image:url(https:\/\/www.floweryfield.com\/wp-content\/uploads\/2024\/03\/Resultate-klein.jpg)\"><\/div><div class=\"wp-block-cover__inner-container is-layout-flow wp-block-cover-is-layout-flow\">\n<div style=\"height:135px\" aria-hidden=\"true\" class=\"wp-block-spacer mobile-none\"><\/div>\n\n\n\n<h2 class=\"wp-block-heading has-text-align-center\" style=\"text-transform:none\"><strong>Results<\/strong><\/h2>\n\n\n\n<p class=\"has-text-align-center\">Here you can access your certificates as a PDF file. <br\/>Simply enter your code.<\/p>\n\n\n\n<div class=\"bbheroblock\"\n    style=\"background-color: ; color: \">\n\n\n\n\n    \n\n    <form role=\"search\" method=\"post\" id=\"searchform\" class=\"searchform\">\n        <div>\n            <label class=\"screen-reader-text\" for=\"s\">Search for:<\/label>\n            <div class=\"search-input\">\n                <input type=\"text\" value=\"\" name=\"s\" id=\"s\" placeholder=\"Enter code\" \/>\n            <\/div>\n            <input type=\"submit\" id=\"searchsubmit\" value=\"Request certificate\" \/>\n        <\/div>\n    <\/form>\n\n\n    <div id=\"search-results\"><\/div>\n\n<\/div>\n\n<script>\ndocument.addEventListener('DOMContentLoaded', function() {\n    const form = document.getElementById('searchform');\n    const searchResults = document.getElementById('search-results');\n\n    form.addEventListener('submit', function(event) {\n        event.preventDefault();\n        const formData = new FormData(form);\n        const searchQuery = formData.get('s');\n\n        if (searchQuery.trim() !== '') {\n            const data = new URLSearchParams();\n            data.append('action', 'custom_search');\n            data.append('search_query', searchQuery);\n\n            fetch('https:\/\/www.floweryfield.com\/wp-admin\/admin-ajax.php', {\n                    method: 'POST',\n                    body: data\n                })\n                .then(response => response.text())\n                .then(html => {\n                    searchResults.innerHTML = html;\n\n                    \/\/ Attach event listener to download links\n                    const downloadLinks = searchResults.querySelectorAll('.download-link');\n                    downloadLinks.forEach(link => {\n                        link.addEventListener('click', function(event) {\n                            event.preventDefault();\n                            const fileId = this.dataset.fileId;\n                            initiateDownload(fileId);\n                        });\n                    });\n                });\n        }\n    });\n\n    function initiateDownload(fileId) {\n        const data = new URLSearchParams();\n        data.append('action', 'custom_search_download');\n        data.append('file_id', fileId);\n\n        fetch('https:\/\/www.floweryfield.com\/wp-admin\/admin-ajax.php', {\n                method: 'POST',\n                body: data\n            })\n            .then(response => {\n                return response.blob().then(blob => {\n                    return {\n                        blob: blob,\n                        headers: response.headers\n                    };\n                });\n            })\n            .then(({\n                blob,\n                headers\n            }) => {\n                const contentDisposition = headers.get('Content-Disposition');\n                let filename = 'download.pdf'; \/\/ Default filename if not set by server\n                if (contentDisposition) {\n                    const filenameMatch = contentDisposition.match(\/filename\\*?=\"?([^\"]+)\"?\/);\n                    if (filenameMatch && filenameMatch.length > 1) {\n                        filename = decodeURIComponent(filenameMatch[1].replace(\/\\s\/g, \"_\"));\n                    }\n                }\n\n                const url = window.URL.createObjectURL(blob);\n                const a = document.createElement('a');\n                a.href = url;\n                a.download = filename; \/\/ Use the server-specified filename\n                document.body.appendChild(a);\n                a.click();\n                window.URL.revokeObjectURL(url);\n            });\n    }\n});\n<\/script><\/div><\/div>\n","protected":false},"excerpt":{"rendered":"","protected":false},"author":1,"featured_media":0,"parent":0,"menu_order":0,"comment_status":"closed","ping_status":"closed","template":"","meta":{"_acf_changed":false,"footnotes":""},"class_list":["post-474","page","type-page","status-publish","hentry","entry"],"acf":[],"yoast_head":"<!-- This site is optimized with the Yoast SEO plugin v27.5 - https:\/\/yoast.com\/product\/yoast-seo-wordpress\/ -->\n<title>Results - Flowery Field<\/title>\n<meta name=\"robots\" content=\"index, follow, max-snippet:-1, max-image-preview:large, max-video-preview:-1\" \/>\n<link rel=\"canonical\" href=\"https:\/\/www.floweryfield.com\/en\/results\/\" \/>\n<meta property=\"og:locale\" content=\"en_US\" \/>\n<meta property=\"og:type\" content=\"article\" \/>\n<meta property=\"og:title\" content=\"Results - Flowery Field\" \/>\n<meta property=\"og:url\" content=\"https:\/\/www.floweryfield.com\/en\/results\/\" \/>\n<meta property=\"og:site_name\" content=\"Flowery Field\" \/>\n<meta property=\"article:publisher\" content=\"https:\/\/www.facebook.com\/floweryfeld\" \/>\n<meta property=\"article:modified_time\" content=\"2024-03-21T10:43:04+00:00\" \/>\n<meta name=\"twitter:card\" content=\"summary_large_image\" \/>\n<script type=\"application\/ld+json\" class=\"yoast-schema-graph\">{\"@context\":\"https:\\\/\\\/schema.org\",\"@graph\":[{\"@type\":\"WebPage\",\"@id\":\"https:\\\/\\\/www.floweryfield.com\\\/en\\\/results\\\/\",\"url\":\"https:\\\/\\\/www.floweryfield.com\\\/en\\\/results\\\/\",\"name\":\"Results - Flowery Field\",\"isPartOf\":{\"@id\":\"https:\\\/\\\/www.floweryfield.com\\\/#website\"},\"datePublished\":\"2024-03-12T02:34:49+00:00\",\"dateModified\":\"2024-03-21T10:43:04+00:00\",\"breadcrumb\":{\"@id\":\"https:\\\/\\\/www.floweryfield.com\\\/en\\\/results\\\/#breadcrumb\"},\"inLanguage\":\"en-US\",\"potentialAction\":[{\"@type\":\"ReadAction\",\"target\":[\"https:\\\/\\\/www.floweryfield.com\\\/en\\\/results\\\/\"]}]},{\"@type\":\"BreadcrumbList\",\"@id\":\"https:\\\/\\\/www.floweryfield.com\\\/en\\\/results\\\/#breadcrumb\",\"itemListElement\":[{\"@type\":\"ListItem\",\"position\":1,\"name\":\"Startseite\",\"item\":\"https:\\\/\\\/www.floweryfield.com\\\/en\\\/\"},{\"@type\":\"ListItem\",\"position\":2,\"name\":\"Results\"}]},{\"@type\":\"WebSite\",\"@id\":\"https:\\\/\\\/www.floweryfield.com\\\/#website\",\"url\":\"https:\\\/\\\/www.floweryfield.com\\\/\",\"name\":\"Flowery Field Labs\",\"description\":\"\u00d6sterreichs gr\u00f6\u00dfer Produzent von Hanfstecklingen\",\"publisher\":{\"@id\":\"https:\\\/\\\/www.floweryfield.com\\\/#organization\"},\"potentialAction\":[{\"@type\":\"SearchAction\",\"target\":{\"@type\":\"EntryPoint\",\"urlTemplate\":\"https:\\\/\\\/www.floweryfield.com\\\/?s={search_term_string}\"},\"query-input\":{\"@type\":\"PropertyValueSpecification\",\"valueRequired\":true,\"valueName\":\"search_term_string\"}}],\"inLanguage\":\"en-US\"},{\"@type\":\"Organization\",\"@id\":\"https:\\\/\\\/www.floweryfield.com\\\/#organization\",\"name\":\"Flowery Field Labs\",\"url\":\"https:\\\/\\\/www.floweryfield.com\\\/\",\"logo\":{\"@type\":\"ImageObject\",\"inLanguage\":\"en-US\",\"@id\":\"https:\\\/\\\/www.floweryfield.com\\\/#\\\/schema\\\/logo\\\/image\\\/\",\"url\":\"https:\\\/\\\/www.floweryfield.com\\\/wp-content\\\/uploads\\\/2024\\\/03\\\/floweryfield_logo-1-1.png\",\"contentUrl\":\"https:\\\/\\\/www.floweryfield.com\\\/wp-content\\\/uploads\\\/2024\\\/03\\\/floweryfield_logo-1-1.png\",\"width\":224,\"height\":56,\"caption\":\"Flowery Field Labs\"},\"image\":{\"@id\":\"https:\\\/\\\/www.floweryfield.com\\\/#\\\/schema\\\/logo\\\/image\\\/\"},\"sameAs\":[\"https:\\\/\\\/www.facebook.com\\\/floweryfeld\"]}]}<\/script>\n<!-- \/ Yoast SEO plugin. -->","yoast_head_json":{"title":"Results - Flowery Field","robots":{"index":"index","follow":"follow","max-snippet":"max-snippet:-1","max-image-preview":"max-image-preview:large","max-video-preview":"max-video-preview:-1"},"canonical":"https:\/\/www.floweryfield.com\/en\/results\/","og_locale":"en_US","og_type":"article","og_title":"Results - Flowery Field","og_url":"https:\/\/www.floweryfield.com\/en\/results\/","og_site_name":"Flowery Field","article_publisher":"https:\/\/www.facebook.com\/floweryfeld","article_modified_time":"2024-03-21T10:43:04+00:00","twitter_card":"summary_large_image","schema":{"@context":"https:\/\/schema.org","@graph":[{"@type":"WebPage","@id":"https:\/\/www.floweryfield.com\/en\/results\/","url":"https:\/\/www.floweryfield.com\/en\/results\/","name":"Results - Flowery Field","isPartOf":{"@id":"https:\/\/www.floweryfield.com\/#website"},"datePublished":"2024-03-12T02:34:49+00:00","dateModified":"2024-03-21T10:43:04+00:00","breadcrumb":{"@id":"https:\/\/www.floweryfield.com\/en\/results\/#breadcrumb"},"inLanguage":"en-US","potentialAction":[{"@type":"ReadAction","target":["https:\/\/www.floweryfield.com\/en\/results\/"]}]},{"@type":"BreadcrumbList","@id":"https:\/\/www.floweryfield.com\/en\/results\/#breadcrumb","itemListElement":[{"@type":"ListItem","position":1,"name":"Startseite","item":"https:\/\/www.floweryfield.com\/en\/"},{"@type":"ListItem","position":2,"name":"Results"}]},{"@type":"WebSite","@id":"https:\/\/www.floweryfield.com\/#website","url":"https:\/\/www.floweryfield.com\/","name":"Flowery Field Labs","description":"\u00d6sterreichs gr\u00f6\u00dfer Produzent von Hanfstecklingen","publisher":{"@id":"https:\/\/www.floweryfield.com\/#organization"},"potentialAction":[{"@type":"SearchAction","target":{"@type":"EntryPoint","urlTemplate":"https:\/\/www.floweryfield.com\/?s={search_term_string}"},"query-input":{"@type":"PropertyValueSpecification","valueRequired":true,"valueName":"search_term_string"}}],"inLanguage":"en-US"},{"@type":"Organization","@id":"https:\/\/www.floweryfield.com\/#organization","name":"Flowery Field Labs","url":"https:\/\/www.floweryfield.com\/","logo":{"@type":"ImageObject","inLanguage":"en-US","@id":"https:\/\/www.floweryfield.com\/#\/schema\/logo\/image\/","url":"https:\/\/www.floweryfield.com\/wp-content\/uploads\/2024\/03\/floweryfield_logo-1-1.png","contentUrl":"https:\/\/www.floweryfield.com\/wp-content\/uploads\/2024\/03\/floweryfield_logo-1-1.png","width":224,"height":56,"caption":"Flowery Field Labs"},"image":{"@id":"https:\/\/www.floweryfield.com\/#\/schema\/logo\/image\/"},"sameAs":["https:\/\/www.facebook.com\/floweryfeld"]}]}},"_links":{"self":[{"href":"https:\/\/www.floweryfield.com\/en\/wp-json\/wp\/v2\/pages\/474","targetHints":{"allow":["GET"]}}],"collection":[{"href":"https:\/\/www.floweryfield.com\/en\/wp-json\/wp\/v2\/pages"}],"about":[{"href":"https:\/\/www.floweryfield.com\/en\/wp-json\/wp\/v2\/types\/page"}],"author":[{"embeddable":true,"href":"https:\/\/www.floweryfield.com\/en\/wp-json\/wp\/v2\/users\/1"}],"replies":[{"embeddable":true,"href":"https:\/\/www.floweryfield.com\/en\/wp-json\/wp\/v2\/comments?post=474"}],"version-history":[{"count":14,"href":"https:\/\/www.floweryfield.com\/en\/wp-json\/wp\/v2\/pages\/474\/revisions"}],"predecessor-version":[{"id":912,"href":"https:\/\/www.floweryfield.com\/en\/wp-json\/wp\/v2\/pages\/474\/revisions\/912"}],"wp:attachment":[{"href":"https:\/\/www.floweryfield.com\/en\/wp-json\/wp\/v2\/media?parent=474"}],"curies":[{"name":"wp","href":"https:\/\/api.w.org\/{rel}","templated":true}]}}