{"id":486,"date":"2024-03-12T03:32:48","date_gmt":"2024-03-12T02:32:48","guid":{"rendered":"https:\/\/www.floweryfield.com\/cannabinoids\/"},"modified":"2024-03-21T15:16:12","modified_gmt":"2024-03-21T14:16:12","slug":"cannabinoids","status":"publish","type":"page","link":"https:\/\/www.floweryfield.com\/en\/cannabinoids\/","title":{"rendered":"Cannabinoids"},"content":{"rendered":"\n<div class=\"wp-block-cover alignfull is-style-default\" style=\"margin-top:0;padding-top:0;padding-right:0;padding-bottom:0;padding-left:0;min-height:100vh;aspect-ratio:unset;\"><span aria-hidden=\"true\" class=\"wp-block-cover__background has-background-dim-60 has-background-dim wp-block-cover__gradient-background has-background-gradient\" style=\"background:linear-gradient(90deg,rgb(35,74,20) 50%,rgb(225,137,116) 100%)\"><\/span><video class=\"wp-block-cover__video-background intrinsic-ignore\" autoplay muted loop playsinline src=\"https:\/\/www.floweryfield.com\/wp-content\/uploads\/2024\/03\/Cannabinoide-klein-v9.webm\" data-object-fit=\"cover\"><\/video><div class=\"wp-block-cover__inner-container is-layout-flow wp-block-cover-is-layout-flow\">\n<div class=\"wp-block-columns alignwide are-vertically-aligned-center aligncenter is-layout-flex wp-container-core-columns-is-layout-9d6595d7 wp-block-columns-is-layout-flex\">\n<div class=\"wp-block-column is-vertically-aligned-center mobile-order-2 is-layout-flow wp-block-column-is-layout-flow\" style=\"flex-basis:60%\">\n<h1 class=\"wp-block-heading has-text-align-left mobile-text-center has-white-color has-text-color has-link-color has-huge-font-size wp-elements-3fc06414547daf7fdaf6b1b59bc79a4c\" style=\"line-height:1\"><strong>Cannabinoid<\/strong><br\/>Analysis<\/h1>\n\n\n\n<div class=\"wp-block-buttons mobile-justify-center is-layout-flex wp-block-buttons-is-layout-flex\">\n<div class=\"wp-block-button is-style-fill\"><a class=\"wp-block-button__link has-background wp-element-button\" href=\"#services\" style=\"border-radius:10px;background-color:#202020\">Services<\/a><\/div>\n\n\n\n<div class=\"wp-block-button\"><a class=\"wp-block-button__link has-background wp-element-button\" href=\"https:\/\/www.floweryfield.com\/en\/contact\/\" style=\"border-radius:10px;background-color:#a5c882\">Inquire now<\/a><\/div>\n<\/div>\n<\/div>\n\n\n\n<div class=\"wp-block-column is-vertically-aligned-center mobile-order-1 is-layout-flow wp-block-column-is-layout-flow\" style=\"flex-basis:40%\"><div class=\"wp-block-image mobile-w-60\">\n<figure class=\"aligncenter size-full is-resized\"><img loading=\"lazy\" decoding=\"async\" width=\"590\" height=\"590\" src=\"https:\/\/www.floweryfield.com\/wp-content\/uploads\/2024\/03\/CANNABINOIDE-ICON-weiss.png\" alt=\"\" class=\"wp-image-205\" style=\"width:430px;height:auto\" srcset=\"https:\/\/www.floweryfield.com\/wp-content\/uploads\/2024\/03\/CANNABINOIDE-ICON-weiss.png 590w, https:\/\/www.floweryfield.com\/wp-content\/uploads\/2024\/03\/CANNABINOIDE-ICON-weiss-450x450.png 450w, https:\/\/www.floweryfield.com\/wp-content\/uploads\/2024\/03\/CANNABINOIDE-ICON-weiss-100x100.png 100w, https:\/\/www.floweryfield.com\/wp-content\/uploads\/2024\/03\/CANNABINOIDE-ICON-weiss-300x300.png 300w, https:\/\/www.floweryfield.com\/wp-content\/uploads\/2024\/03\/CANNABINOIDE-ICON-weiss-150x150.png 150w\" sizes=\"auto, (max-width: 590px) 100vw, 590px\" \/><\/figure>\n<\/div><\/div>\n<\/div>\n<\/div><\/div>\n\n<div class=\"wp-block-cover alignfull is-light\" style=\"min-height:100vh;aspect-ratio:unset;\" id=\"services\"><span aria-hidden=\"true\" class=\"wp-block-cover__background has-white-background-color has-background-dim-80 has-background-dim\"><\/span><img loading=\"lazy\" decoding=\"async\" width=\"2500\" height=\"1634\" class=\"wp-block-cover__image-background wp-image-95\" alt=\"\" src=\"https:\/\/www.floweryfield.com\/wp-content\/uploads\/2024\/03\/pexels-ivan-samkov-9629684-scaled-2-e1710430878940.jpg\" data-object-fit=\"cover\" srcset=\"https:\/\/www.floweryfield.com\/wp-content\/uploads\/2024\/03\/pexels-ivan-samkov-9629684-scaled-2-e1710430878940.jpg 2500w, https:\/\/www.floweryfield.com\/wp-content\/uploads\/2024\/03\/pexels-ivan-samkov-9629684-scaled-2-e1710430878940-600x392.jpg 600w, https:\/\/www.floweryfield.com\/wp-content\/uploads\/2024\/03\/pexels-ivan-samkov-9629684-scaled-2-e1710430878940-300x196.jpg 300w, https:\/\/www.floweryfield.com\/wp-content\/uploads\/2024\/03\/pexels-ivan-samkov-9629684-scaled-2-e1710430878940-1024x669.jpg 1024w, https:\/\/www.floweryfield.com\/wp-content\/uploads\/2024\/03\/pexels-ivan-samkov-9629684-scaled-2-e1710430878940-768x502.jpg 768w, https:\/\/www.floweryfield.com\/wp-content\/uploads\/2024\/03\/pexels-ivan-samkov-9629684-scaled-2-e1710430878940-1536x1004.jpg 1536w, https:\/\/www.floweryfield.com\/wp-content\/uploads\/2024\/03\/pexels-ivan-samkov-9629684-scaled-2-e1710430878940-2048x1339.jpg 2048w, https:\/\/www.floweryfield.com\/wp-content\/uploads\/2024\/03\/pexels-ivan-samkov-9629684-scaled-2-e1710430878940-1568x1025.jpg 1568w\" sizes=\"auto, (max-width: 2500px) 100vw, 2500px\" \/><div class=\"wp-block-cover__inner-container is-layout-constrained wp-block-cover-is-layout-constrained\">\n<div style=\"height:50px\" aria-hidden=\"true\" class=\"wp-block-spacer\"><\/div>\n\n\n\n<h3 class=\"wp-block-heading alignwide has-text-align-center has-black-color has-text-color has-link-color has-extra-large-font-size wp-elements-55ca7b45e8181cd888fde38d2a20fe52\" style=\"text-transform:none\"><strong>Services<\/strong><\/h3>\n\n\n\n<p class=\"has-text-align-center has-black-color has-text-color has-link-color has-small-font-size wp-elements-6d6008a6e474edb2f0260fd8e932ec7b\">With our cannabinoid analysis, we test your samples for a variety of cannabinoids for a wide variety of sample types. <\/p>\n\n\n\n<div style=\"height:50px\" aria-hidden=\"true\" class=\"wp-block-spacer\"><\/div>\n\n\n\n<div class=\"wp-block-columns alignwide are-vertically-aligned-top is-layout-flex wp-container-core-columns-is-layout-9d6595d7 wp-block-columns-is-layout-flex\">\n<div class=\"wp-block-column is-vertically-aligned-top feature-list has-white-color has-text-color has-background has-link-color wp-elements-ed86ad7010471a37be02da87e451aec3 is-layout-flow wp-block-column-is-layout-flow\" style=\"background-color:#a5c882;padding-top:var(--wp--preset--spacing--50);padding-right:var(--wp--preset--spacing--50);padding-bottom:var(--wp--preset--spacing--50);padding-left:var(--wp--preset--spacing--50);flex-basis:33.34%\">\n<span class=\"fa-stack fa-2x\">\n        <i class=\"fa-solid fa-circle fa-stack-2x\" style=\"color:#202020\"><\/i>\n        <i class=\"fa-solid fa-flask fa-stack-1x fa-inverse\"><\/i>\n    <\/span>\n\n\n\n<h4 class=\"wp-block-heading has-text-align-center has-large-font-size\"><strong>Standard<\/strong><\/h4>\n\n\n\n<p class=\"has-text-align-left has-extra-small-font-size\">In our standard test procedure, we check your samples for the content of the following cannabinoids:<\/p>\n\n\n\n<p class=\"has-extra-small-font-size\"><strong>CBD, CBDA, CBDV, THCA, <strong>\u0394<\/strong>9-THC, CBG, CBGA, CBN &amp; THCV<\/strong><\/p>\n<\/div>\n\n\n\n<div class=\"wp-block-column is-vertically-aligned-top feature-list has-background is-layout-flow wp-block-column-is-layout-flow\" style=\"background-color:#a5c882;padding-top:var(--wp--preset--spacing--50);padding-right:var(--wp--preset--spacing--50);padding-bottom:var(--wp--preset--spacing--50);padding-left:var(--wp--preset--spacing--50);flex-basis:33.34%\">\n<span class=\"fa-stack fa-2x\">\n        <i class=\"fa-solid fa-circle fa-stack-2x\" style=\"color:#202020\"><\/i>\n<i class=\"fa-solid fa-flask-vial fa-stack-1x fa-inverse\"><\/i>\n    <\/span>\n\n\n\n<h4 class=\"wp-block-heading has-text-align-center has-large-font-size\"><strong>Standard +<\/strong><\/h4>\n\n\n\n<p class=\"has-text-align-left has-extra-small-font-size\">In our extended test procedure, we check your samples for the content of the following cannabinoids:<\/p>\n\n\n\n<p class=\"has-extra-small-font-size\">All from standard and <strong><strong>\u0394<\/strong>8-THC, CBDVA, CBNA, <strong>CBC<\/strong>, CBCA, CBL, THCVA &amp; 9R-HHC<\/strong><\/p>\n<\/div>\n\n\n\n<div class=\"wp-block-column is-vertically-aligned-top feature-list has-background is-layout-flow wp-block-column-is-layout-flow\" style=\"background-color:#a5c882;padding-top:var(--wp--preset--spacing--50);padding-right:var(--wp--preset--spacing--50);padding-bottom:var(--wp--preset--spacing--50);padding-left:var(--wp--preset--spacing--50);flex-basis:33.34%\">\n<span class=\"fa-stack fa-2x\">\n        <i class=\"fa-solid fa-circle fa-stack-2x\" style=\"color:#202020\"><\/i>\n<i class=\"fa-solid fa-cannabis fa-stack-1x fa-inverse\"><\/i>\n    <\/span>\n\n\n\n<h4 class=\"wp-block-heading has-text-align-center has-large-font-size\"><strong>Sample<\/strong> type<\/h4>\n\n\n\n<p class=\"has-text-align-left has-extra-small-font-size\">We offer our <strong>Standard<\/strong> and <strong>Standard +<\/strong> test procedures for the following sample types:<\/p>\n\n\n\n<p class=\"has-extra-small-font-size\"><strong>Flower and plant material, oils, extracts, resins &amp; isolates<\/strong><\/p>\n<\/div>\n<\/div>\n\n\n\n<div style=\"height:30px\" aria-hidden=\"true\" class=\"wp-block-spacer\"><\/div>\n\n\n\n<div class=\"wp-block-buttons alignwide is-content-justification-center is-layout-flex wp-container-core-buttons-is-layout-16018d1d wp-block-buttons-is-layout-flex\">\n<div class=\"wp-block-button is-style-fill button-hover-green\"><a class=\"wp-block-button__link has-background wp-element-button\" href=\"#sampling\" style=\"border-radius:10px;background-color:#202020\">Sampling<\/a><\/div>\n\n\n\n<div class=\"wp-block-button is-style-fill button-hover-green\"><a class=\"wp-block-button__link has-background wp-element-button\" href=\"#info\" style=\"border-radius:10px;background-color:#202020\">More Info<\/a><\/div>\n\n\n\n<div class=\"wp-block-button button-hover-black\"><a class=\"wp-block-button__link has-background wp-element-button\" href=\"https:\/\/www.floweryfield.com\/en\/contact\/\" style=\"border-radius:10px;background-color:#a5c882\">Inquire now<\/a><\/div>\n<\/div>\n<\/div><\/div>\n\n<div class=\"wp-block-cover alignfull is-light\" id=\"sampling\"><span aria-hidden=\"true\" class=\"wp-block-cover__background has-background-dim-100 has-background-dim\" style=\"background-color:#a5c882\"><\/span><div class=\"wp-block-cover__inner-container is-layout-constrained wp-block-cover-is-layout-constrained\">\n<div style=\"height:60px\" aria-hidden=\"true\" class=\"wp-block-spacer\"><\/div>\n\n\n\n<div class=\"wp-block-columns alignwide are-vertically-aligned-center is-layout-flex wp-container-core-columns-is-layout-9d6595d7 wp-block-columns-is-layout-flex\">\n<div class=\"wp-block-column is-vertically-aligned-center is-layout-flow wp-block-column-is-layout-flow\" style=\"flex-basis:33.33%\">\n<figure class=\"wp-block-image size-full mobile-w-60\"><img loading=\"lazy\" decoding=\"async\" width=\"590\" height=\"590\" src=\"https:\/\/www.floweryfield.com\/wp-content\/uploads\/2024\/03\/SAMPLING-ICON-weiss.png\" alt=\"\" class=\"wp-image-214\" srcset=\"https:\/\/www.floweryfield.com\/wp-content\/uploads\/2024\/03\/SAMPLING-ICON-weiss.png 590w, https:\/\/www.floweryfield.com\/wp-content\/uploads\/2024\/03\/SAMPLING-ICON-weiss-450x450.png 450w, https:\/\/www.floweryfield.com\/wp-content\/uploads\/2024\/03\/SAMPLING-ICON-weiss-100x100.png 100w, https:\/\/www.floweryfield.com\/wp-content\/uploads\/2024\/03\/SAMPLING-ICON-weiss-300x300.png 300w, https:\/\/www.floweryfield.com\/wp-content\/uploads\/2024\/03\/SAMPLING-ICON-weiss-150x150.png 150w\" sizes=\"auto, (max-width: 590px) 100vw, 590px\" \/><\/figure>\n<\/div>\n\n\n\n<div class=\"wp-block-column is-vertically-aligned-center is-layout-flow wp-block-column-is-layout-flow\" style=\"flex-basis:66.66%\">\n<h3 class=\"wp-block-heading\"><strong>Sampling<\/strong><\/h3>\n\n\n\n<p class=\"has-extra-small-font-size\">Due to potential variations within each plant, homogenization of the sample is essential to achieve reliable results. Therefore, a minimum quantity of 4-5 grams of plant material (up to a maximum of 10 grams) and 1-2 grams for extracts is required. The sampling material should be collected from the entire plant.<\/p>\n<\/div>\n<\/div>\n\n\n\n<div style=\"height:60px\" aria-hidden=\"true\" class=\"wp-block-spacer\"><\/div>\n<\/div><\/div>\n\n<div class=\"wp-block-cover alignfull has-white-color has-text-color has-link-color wp-elements-4b36c8639b9c214c43f8fd68c255a172\" style=\"min-height:100vh;aspect-ratio:unset;\" id=\"info\"><span aria-hidden=\"true\" class=\"wp-block-cover__background has-background-dim-90 has-background-dim\" style=\"background-color:#202020\"><\/span><img loading=\"lazy\" decoding=\"async\" width=\"1498\" height=\"630\" class=\"wp-block-cover__image-background wp-image-686\" alt=\"\" src=\"https:\/\/www.floweryfield.com\/wp-content\/uploads\/2024\/03\/Resultate-klein.jpg\" data-object-fit=\"cover\" srcset=\"https:\/\/www.floweryfield.com\/wp-content\/uploads\/2024\/03\/Resultate-klein.jpg 1498w, https:\/\/www.floweryfield.com\/wp-content\/uploads\/2024\/03\/Resultate-klein-600x252.jpg 600w, https:\/\/www.floweryfield.com\/wp-content\/uploads\/2024\/03\/Resultate-klein-300x126.jpg 300w, https:\/\/www.floweryfield.com\/wp-content\/uploads\/2024\/03\/Resultate-klein-1024x431.jpg 1024w, https:\/\/www.floweryfield.com\/wp-content\/uploads\/2024\/03\/Resultate-klein-768x323.jpg 768w\" sizes=\"auto, (max-width: 1498px) 100vw, 1498px\" \/><div class=\"wp-block-cover__inner-container is-layout-constrained wp-block-cover-is-layout-constrained\">\n<p class=\"has-text-align-left alignwide has-white-color has-text-color has-link-color has-extra-small-font-size wp-elements-c335ff5b33b4b4e43f50e59253b0629d\">Cannabinoids may act as supportive agents in relieving pain and nausea. There is evidence that they reduce degeneration of the nervous system and seizures, as well as lower blood sugar levels. While Cannabidiol (CBD) and Tetrahydrocannabinol (THC) are two of the most well-known cannabinoids, our analysis also includes the most common compounds found in cannabis, including THCA, THCV, CBDA, CBDV, CBN, CBG, CBGA, CBC, and several others.<\/p>\n\n\n\n<p class=\"alignwide has-extra-small-font-size\">A cannabinoid profile identifies and quantifies the compounds in hemp products, enabling consumers to make informed decisions about their use. Flowery Field utilizes High- Performance Liquid Chromatography HPLC-UV technology for measuring cannabinoid potency and concentrations, delivering reliable data for cannabis products.<\/p>\n\n\n\n<p class=\"alignwide has-extra-small-font-size\">All analyses are conducted in our in-house laboratory under the direction of Univ. All analyses are conducted in our in-house laboratory under the direction of Univ. Prof. Mag. Dr. Rainer Schmid using a UHPLC Thermo Scientific Dionex UltiMate 3000.<\/p>\n\n\n\n<div class=\"wp-block-buttons alignwide is-content-justification-left is-layout-flex wp-container-core-buttons-is-layout-fdcfc74e wp-block-buttons-is-layout-flex\">\n<div class=\"wp-block-button is-style-fill\"><a class=\"wp-block-button__link has-white-color has-text-color has-background has-link-color wp-element-button\" href=\"https:\/\/www.floweryfield.com\/en\/contact\/\" style=\"border-radius:10px;background-color:#a5c882\">Inquire now<\/a><\/div>\n<\/div>\n<\/div><\/div>\n","protected":false},"excerpt":{"rendered":"","protected":false},"author":1,"featured_media":0,"parent":0,"menu_order":0,"comment_status":"closed","ping_status":"closed","template":"","meta":{"_acf_changed":false,"footnotes":""},"class_list":["post-486","page","type-page","status-publish","hentry","entry"],"acf":[],"yoast_head":"<!-- This site is optimized with the Yoast SEO plugin v27.6 - https:\/\/yoast.com\/product\/yoast-seo-wordpress\/ -->\n<title>Cannabinoids - Flowery Field<\/title>\n<meta name=\"robots\" content=\"index, follow, max-snippet:-1, max-image-preview:large, max-video-preview:-1\" \/>\n<link rel=\"canonical\" href=\"https:\/\/www.floweryfield.com\/en\/cannabinoids\/\" \/>\n<meta property=\"og:locale\" content=\"en_US\" \/>\n<meta property=\"og:type\" content=\"article\" \/>\n<meta property=\"og:title\" content=\"Cannabinoids - Flowery Field\" \/>\n<meta property=\"og:url\" content=\"https:\/\/www.floweryfield.com\/en\/cannabinoids\/\" \/>\n<meta property=\"og:site_name\" content=\"Flowery Field\" \/>\n<meta property=\"article:publisher\" content=\"https:\/\/www.facebook.com\/floweryfeld\" \/>\n<meta property=\"article:modified_time\" content=\"2024-03-21T14:16:12+00:00\" \/>\n<meta property=\"og:image\" content=\"https:\/\/www.floweryfield.com\/wp-content\/uploads\/2024\/03\/CANNABINOIDE-ICON-weiss.png\" \/>\n<meta name=\"twitter:card\" content=\"summary_large_image\" \/>\n<meta name=\"twitter:label1\" content=\"Est. reading time\" \/>\n\t<meta name=\"twitter:data1\" content=\"2 minutes\" \/>\n<script type=\"application\/ld+json\" class=\"yoast-schema-graph\">{\"@context\":\"https:\\\/\\\/schema.org\",\"@graph\":[{\"@type\":\"WebPage\",\"@id\":\"https:\\\/\\\/www.floweryfield.com\\\/en\\\/cannabinoids\\\/\",\"url\":\"https:\\\/\\\/www.floweryfield.com\\\/en\\\/cannabinoids\\\/\",\"name\":\"Cannabinoids - Flowery Field\",\"isPartOf\":{\"@id\":\"https:\\\/\\\/www.floweryfield.com\\\/#website\"},\"primaryImageOfPage\":{\"@id\":\"https:\\\/\\\/www.floweryfield.com\\\/en\\\/cannabinoids\\\/#primaryimage\"},\"image\":{\"@id\":\"https:\\\/\\\/www.floweryfield.com\\\/en\\\/cannabinoids\\\/#primaryimage\"},\"thumbnailUrl\":\"https:\\\/\\\/www.floweryfield.com\\\/wp-content\\\/uploads\\\/2024\\\/03\\\/CANNABINOIDE-ICON-weiss.png\",\"datePublished\":\"2024-03-12T02:32:48+00:00\",\"dateModified\":\"2024-03-21T14:16:12+00:00\",\"breadcrumb\":{\"@id\":\"https:\\\/\\\/www.floweryfield.com\\\/en\\\/cannabinoids\\\/#breadcrumb\"},\"inLanguage\":\"en-US\",\"potentialAction\":[{\"@type\":\"ReadAction\",\"target\":[\"https:\\\/\\\/www.floweryfield.com\\\/en\\\/cannabinoids\\\/\"]}]},{\"@type\":\"ImageObject\",\"inLanguage\":\"en-US\",\"@id\":\"https:\\\/\\\/www.floweryfield.com\\\/en\\\/cannabinoids\\\/#primaryimage\",\"url\":\"https:\\\/\\\/www.floweryfield.com\\\/wp-content\\\/uploads\\\/2024\\\/03\\\/CANNABINOIDE-ICON-weiss.png\",\"contentUrl\":\"https:\\\/\\\/www.floweryfield.com\\\/wp-content\\\/uploads\\\/2024\\\/03\\\/CANNABINOIDE-ICON-weiss.png\"},{\"@type\":\"BreadcrumbList\",\"@id\":\"https:\\\/\\\/www.floweryfield.com\\\/en\\\/cannabinoids\\\/#breadcrumb\",\"itemListElement\":[{\"@type\":\"ListItem\",\"position\":1,\"name\":\"Startseite\",\"item\":\"https:\\\/\\\/www.floweryfield.com\\\/en\\\/\"},{\"@type\":\"ListItem\",\"position\":2,\"name\":\"Cannabinoids\"}]},{\"@type\":\"WebSite\",\"@id\":\"https:\\\/\\\/www.floweryfield.com\\\/#website\",\"url\":\"https:\\\/\\\/www.floweryfield.com\\\/\",\"name\":\"Flowery Field Labs\",\"description\":\"\u00d6sterreichs gr\u00f6\u00dfer Produzent von Hanfstecklingen\",\"publisher\":{\"@id\":\"https:\\\/\\\/www.floweryfield.com\\\/#organization\"},\"potentialAction\":[{\"@type\":\"SearchAction\",\"target\":{\"@type\":\"EntryPoint\",\"urlTemplate\":\"https:\\\/\\\/www.floweryfield.com\\\/?s={search_term_string}\"},\"query-input\":{\"@type\":\"PropertyValueSpecification\",\"valueRequired\":true,\"valueName\":\"search_term_string\"}}],\"inLanguage\":\"en-US\"},{\"@type\":\"Organization\",\"@id\":\"https:\\\/\\\/www.floweryfield.com\\\/#organization\",\"name\":\"Flowery Field Labs\",\"url\":\"https:\\\/\\\/www.floweryfield.com\\\/\",\"logo\":{\"@type\":\"ImageObject\",\"inLanguage\":\"en-US\",\"@id\":\"https:\\\/\\\/www.floweryfield.com\\\/#\\\/schema\\\/logo\\\/image\\\/\",\"url\":\"https:\\\/\\\/www.floweryfield.com\\\/wp-content\\\/uploads\\\/2024\\\/03\\\/floweryfield_logo-1-1.png\",\"contentUrl\":\"https:\\\/\\\/www.floweryfield.com\\\/wp-content\\\/uploads\\\/2024\\\/03\\\/floweryfield_logo-1-1.png\",\"width\":224,\"height\":56,\"caption\":\"Flowery Field Labs\"},\"image\":{\"@id\":\"https:\\\/\\\/www.floweryfield.com\\\/#\\\/schema\\\/logo\\\/image\\\/\"},\"sameAs\":[\"https:\\\/\\\/www.facebook.com\\\/floweryfeld\"]}]}<\/script>\n<!-- \/ Yoast SEO plugin. -->","yoast_head_json":{"title":"Cannabinoids - Flowery Field","robots":{"index":"index","follow":"follow","max-snippet":"max-snippet:-1","max-image-preview":"max-image-preview:large","max-video-preview":"max-video-preview:-1"},"canonical":"https:\/\/www.floweryfield.com\/en\/cannabinoids\/","og_locale":"en_US","og_type":"article","og_title":"Cannabinoids - Flowery Field","og_url":"https:\/\/www.floweryfield.com\/en\/cannabinoids\/","og_site_name":"Flowery Field","article_publisher":"https:\/\/www.facebook.com\/floweryfeld","article_modified_time":"2024-03-21T14:16:12+00:00","og_image":[{"url":"https:\/\/www.floweryfield.com\/wp-content\/uploads\/2024\/03\/CANNABINOIDE-ICON-weiss.png","type":"","width":"","height":""}],"twitter_card":"summary_large_image","twitter_misc":{"Est. reading time":"2 minutes"},"schema":{"@context":"https:\/\/schema.org","@graph":[{"@type":"WebPage","@id":"https:\/\/www.floweryfield.com\/en\/cannabinoids\/","url":"https:\/\/www.floweryfield.com\/en\/cannabinoids\/","name":"Cannabinoids - Flowery Field","isPartOf":{"@id":"https:\/\/www.floweryfield.com\/#website"},"primaryImageOfPage":{"@id":"https:\/\/www.floweryfield.com\/en\/cannabinoids\/#primaryimage"},"image":{"@id":"https:\/\/www.floweryfield.com\/en\/cannabinoids\/#primaryimage"},"thumbnailUrl":"https:\/\/www.floweryfield.com\/wp-content\/uploads\/2024\/03\/CANNABINOIDE-ICON-weiss.png","datePublished":"2024-03-12T02:32:48+00:00","dateModified":"2024-03-21T14:16:12+00:00","breadcrumb":{"@id":"https:\/\/www.floweryfield.com\/en\/cannabinoids\/#breadcrumb"},"inLanguage":"en-US","potentialAction":[{"@type":"ReadAction","target":["https:\/\/www.floweryfield.com\/en\/cannabinoids\/"]}]},{"@type":"ImageObject","inLanguage":"en-US","@id":"https:\/\/www.floweryfield.com\/en\/cannabinoids\/#primaryimage","url":"https:\/\/www.floweryfield.com\/wp-content\/uploads\/2024\/03\/CANNABINOIDE-ICON-weiss.png","contentUrl":"https:\/\/www.floweryfield.com\/wp-content\/uploads\/2024\/03\/CANNABINOIDE-ICON-weiss.png"},{"@type":"BreadcrumbList","@id":"https:\/\/www.floweryfield.com\/en\/cannabinoids\/#breadcrumb","itemListElement":[{"@type":"ListItem","position":1,"name":"Startseite","item":"https:\/\/www.floweryfield.com\/en\/"},{"@type":"ListItem","position":2,"name":"Cannabinoids"}]},{"@type":"WebSite","@id":"https:\/\/www.floweryfield.com\/#website","url":"https:\/\/www.floweryfield.com\/","name":"Flowery Field Labs","description":"\u00d6sterreichs gr\u00f6\u00dfer Produzent von Hanfstecklingen","publisher":{"@id":"https:\/\/www.floweryfield.com\/#organization"},"potentialAction":[{"@type":"SearchAction","target":{"@type":"EntryPoint","urlTemplate":"https:\/\/www.floweryfield.com\/?s={search_term_string}"},"query-input":{"@type":"PropertyValueSpecification","valueRequired":true,"valueName":"search_term_string"}}],"inLanguage":"en-US"},{"@type":"Organization","@id":"https:\/\/www.floweryfield.com\/#organization","name":"Flowery Field Labs","url":"https:\/\/www.floweryfield.com\/","logo":{"@type":"ImageObject","inLanguage":"en-US","@id":"https:\/\/www.floweryfield.com\/#\/schema\/logo\/image\/","url":"https:\/\/www.floweryfield.com\/wp-content\/uploads\/2024\/03\/floweryfield_logo-1-1.png","contentUrl":"https:\/\/www.floweryfield.com\/wp-content\/uploads\/2024\/03\/floweryfield_logo-1-1.png","width":224,"height":56,"caption":"Flowery Field Labs"},"image":{"@id":"https:\/\/www.floweryfield.com\/#\/schema\/logo\/image\/"},"sameAs":["https:\/\/www.facebook.com\/floweryfeld"]}]}},"_links":{"self":[{"href":"https:\/\/www.floweryfield.com\/en\/wp-json\/wp\/v2\/pages\/486","targetHints":{"allow":["GET"]}}],"collection":[{"href":"https:\/\/www.floweryfield.com\/en\/wp-json\/wp\/v2\/pages"}],"about":[{"href":"https:\/\/www.floweryfield.com\/en\/wp-json\/wp\/v2\/types\/page"}],"author":[{"embeddable":true,"href":"https:\/\/www.floweryfield.com\/en\/wp-json\/wp\/v2\/users\/1"}],"replies":[{"embeddable":true,"href":"https:\/\/www.floweryfield.com\/en\/wp-json\/wp\/v2\/comments?post=486"}],"version-history":[{"count":40,"href":"https:\/\/www.floweryfield.com\/en\/wp-json\/wp\/v2\/pages\/486\/revisions"}],"predecessor-version":[{"id":966,"href":"https:\/\/www.floweryfield.com\/en\/wp-json\/wp\/v2\/pages\/486\/revisions\/966"}],"wp:attachment":[{"href":"https:\/\/www.floweryfield.com\/en\/wp-json\/wp\/v2\/media?parent=486"}],"curies":[{"name":"wp","href":"https:\/\/api.w.org\/{rel}","templated":true}]}}