{"id":494,"date":"2024-03-12T03:33:11","date_gmt":"2024-03-12T02:33:11","guid":{"rendered":"https:\/\/www.floweryfield.com\/moisture-determination\/"},"modified":"2024-03-21T10:20:47","modified_gmt":"2024-03-21T09:20:47","slug":"moisture-determination","status":"publish","type":"page","link":"https:\/\/www.floweryfield.com\/en\/moisture-determination\/","title":{"rendered":"Moisture determination"},"content":{"rendered":"\n<div class=\"wp-block-cover alignfull is-light has-parallax is-style-default\" style=\"margin-top:0;padding-top:0;padding-right:0;padding-bottom:0;padding-left:0;min-height:100vh;aspect-ratio:unset;\"><span aria-hidden=\"true\" class=\"wp-block-cover__background has-background-dim wp-block-cover__gradient-background has-background-gradient\" style=\"background:linear-gradient(90deg,rgb(35,74,20) 50%,rgb(225,137,116) 100%)\"><\/span><div role=\"img\" class=\"wp-block-cover__image-background wp-image-681 has-parallax\" style=\"background-position:50% 50%;background-image:url(https:\/\/www.floweryfield.com\/wp-content\/uploads\/2024\/03\/Feuchtigkeit-klein.jpg)\"><\/div><div class=\"wp-block-cover__inner-container is-layout-flow wp-block-cover-is-layout-flow\">\n<div class=\"wp-block-columns alignwide are-vertically-aligned-center aligncenter is-layout-flex wp-container-core-columns-is-layout-9d6595d7 wp-block-columns-is-layout-flex\">\n<div class=\"wp-block-column is-vertically-aligned-center mobile-order-2 is-layout-flow wp-block-column-is-layout-flow\" style=\"flex-basis:60%\">\n<h1 class=\"wp-block-heading has-text-align-left mobile-text-center has-white-color has-text-color has-link-color has-huge-font-size wp-elements-6c5bda2d3195feb8d77b56b170a7a7f4\" style=\"line-height:1\"><strong>Moisture<\/strong> determination<\/h1>\n\n\n\n<div class=\"wp-block-buttons mobile-justify-center is-layout-flex wp-block-buttons-is-layout-flex\">\n<div class=\"wp-block-button is-style-fill\"><a class=\"wp-block-button__link has-background wp-element-button\" href=\"#services\" style=\"border-radius:10px;background-color:#202020\">Services<\/a><\/div>\n\n\n\n<div class=\"wp-block-button\"><a class=\"wp-block-button__link has-background wp-element-button\" href=\"https:\/\/www.floweryfield.com\/en\/contact\/\" style=\"border-radius:10px;background-color:#a5c882\">Inquire now<\/a><\/div>\n<\/div>\n<\/div>\n\n\n\n<div class=\"wp-block-column is-vertically-aligned-center mobile-order-1 is-layout-flow wp-block-column-is-layout-flow\" style=\"flex-basis:40%\"><div class=\"wp-block-image mobile-w-60\">\n<figure class=\"aligncenter size-full is-resized\"><img loading=\"lazy\" decoding=\"async\" width=\"590\" height=\"590\" src=\"https:\/\/www.floweryfield.com\/wp-content\/uploads\/2024\/03\/RESTFEUCHTE-ICON-weiss.png\" alt=\"\" class=\"wp-image-266\" style=\"width:430px;height:auto\" srcset=\"https:\/\/www.floweryfield.com\/wp-content\/uploads\/2024\/03\/RESTFEUCHTE-ICON-weiss.png 590w, https:\/\/www.floweryfield.com\/wp-content\/uploads\/2024\/03\/RESTFEUCHTE-ICON-weiss-450x450.png 450w, https:\/\/www.floweryfield.com\/wp-content\/uploads\/2024\/03\/RESTFEUCHTE-ICON-weiss-100x100.png 100w, https:\/\/www.floweryfield.com\/wp-content\/uploads\/2024\/03\/RESTFEUCHTE-ICON-weiss-300x300.png 300w, https:\/\/www.floweryfield.com\/wp-content\/uploads\/2024\/03\/RESTFEUCHTE-ICON-weiss-150x150.png 150w\" sizes=\"auto, (max-width: 590px) 100vw, 590px\" \/><\/figure>\n<\/div><\/div>\n<\/div>\n<\/div><\/div>\n\n<div class=\"wp-block-cover alignfull is-light\" style=\"min-height:100vh;aspect-ratio:unset;\" id=\"services\"><span aria-hidden=\"true\" class=\"wp-block-cover__background has-white-background-color has-background-dim-90 has-background-dim\"><\/span><img loading=\"lazy\" decoding=\"async\" width=\"2500\" height=\"1634\" class=\"wp-block-cover__image-background wp-image-95\" alt=\"\" src=\"https:\/\/www.floweryfield.com\/wp-content\/uploads\/2024\/03\/pexels-ivan-samkov-9629684-scaled-2-e1710430878940.jpg\" data-object-fit=\"cover\" srcset=\"https:\/\/www.floweryfield.com\/wp-content\/uploads\/2024\/03\/pexels-ivan-samkov-9629684-scaled-2-e1710430878940.jpg 2500w, https:\/\/www.floweryfield.com\/wp-content\/uploads\/2024\/03\/pexels-ivan-samkov-9629684-scaled-2-e1710430878940-600x392.jpg 600w, https:\/\/www.floweryfield.com\/wp-content\/uploads\/2024\/03\/pexels-ivan-samkov-9629684-scaled-2-e1710430878940-300x196.jpg 300w, https:\/\/www.floweryfield.com\/wp-content\/uploads\/2024\/03\/pexels-ivan-samkov-9629684-scaled-2-e1710430878940-1024x669.jpg 1024w, https:\/\/www.floweryfield.com\/wp-content\/uploads\/2024\/03\/pexels-ivan-samkov-9629684-scaled-2-e1710430878940-768x502.jpg 768w, https:\/\/www.floweryfield.com\/wp-content\/uploads\/2024\/03\/pexels-ivan-samkov-9629684-scaled-2-e1710430878940-1536x1004.jpg 1536w, https:\/\/www.floweryfield.com\/wp-content\/uploads\/2024\/03\/pexels-ivan-samkov-9629684-scaled-2-e1710430878940-2048x1339.jpg 2048w, https:\/\/www.floweryfield.com\/wp-content\/uploads\/2024\/03\/pexels-ivan-samkov-9629684-scaled-2-e1710430878940-1568x1025.jpg 1568w\" sizes=\"auto, (max-width: 2500px) 100vw, 2500px\" \/><div class=\"wp-block-cover__inner-container is-layout-constrained wp-block-cover-is-layout-constrained\">\n<div style=\"height:50px\" aria-hidden=\"true\" class=\"wp-block-spacer\"><\/div>\n\n\n\n<h3 class=\"wp-block-heading alignwide has-text-align-center has-black-color has-text-color has-link-color has-extra-large-font-size wp-elements-55ca7b45e8181cd888fde38d2a20fe52\" style=\"text-transform:none\"><strong>Services<\/strong><\/h3>\n\n\n\n<div style=\"height:50px\" aria-hidden=\"true\" class=\"wp-block-spacer\"><\/div>\n\n\n\n<div class=\"wp-block-columns alignwide are-vertically-aligned-top is-layout-flex wp-container-core-columns-is-layout-9d6595d7 wp-block-columns-is-layout-flex\">\n<div class=\"wp-block-column is-vertically-aligned-top feature-list has-white-color has-text-color has-background has-link-color wp-elements-8fa01f421b2cfcc3092fcc21bceaafee is-layout-flow wp-block-column-is-layout-flow\" style=\"background-color:#a5c882;padding-top:var(--wp--preset--spacing--50);padding-right:var(--wp--preset--spacing--50);padding-bottom:var(--wp--preset--spacing--50);padding-left:var(--wp--preset--spacing--50);flex-basis:100%\">\n<span class=\"fa-stack fa-2x\">\n        <i class=\"fa-solid fa-circle fa-stack-2x\" style=\"color:#202020\"><\/i>\n        <i class=\"fa-solid fa-water fa-stack-1x fa-inverse\"><\/i>\n    <\/span>\n\n\n\n<h4 class=\"wp-block-heading has-text-align-center has-large-font-size\">How do we test moisture in cannabis?<\/h4>\n\n\n\n<p class=\"has-extra-small-font-size\">Moisture determination is used to determine the water concentration in a hemp sample. The moisture content of hemp refers to the percentage of the total weight of the sample that consists of water. Water concentration, or &#8220;moisture content,&#8221; is a crucial indicator of the potential presence of microbiological contaminants such as fungi, bacteria, and insects.<\/p>\n\n\n\n<p class=\"has-extra-small-font-size\">Following best practices during processing and storage, as well as controlling moisture content during the drying process, are crucial to ensuring the safety and eaicacy of the product. Flowery Field employs a reliable method for moisture analysis using &#8220;loss on drying&#8221; to accurately determine the moisture content of hemp. A hemp flower moisture test provides a quick and reliable means of determining water content. Multiple measurements are taken on the dried hemp flowers to determine the water concentration.<\/p>\n<\/div>\n<\/div>\n\n\n\n<div style=\"height:30px\" aria-hidden=\"true\" class=\"wp-block-spacer\"><\/div>\n\n\n\n<div class=\"wp-block-buttons is-content-justification-center is-layout-flex wp-container-core-buttons-is-layout-16018d1d wp-block-buttons-is-layout-flex\">\n<div class=\"wp-block-button is-style-fill button-hover-green\"><a class=\"wp-block-button__link has-background wp-element-button\" href=\"#sampling\" style=\"border-radius:10px;background-color:#202020\">Sampling<\/a><\/div>\n\n\n\n<div class=\"wp-block-button button-hover-black\"><a class=\"wp-block-button__link has-background wp-element-button\" href=\"https:\/\/www.floweryfield.com\/en\/contact\/\" style=\"border-radius:10px;background-color:#a5c882\">Inquire now<\/a><\/div>\n<\/div>\n<\/div><\/div>\n\n<div class=\"wp-block-cover alignfull\" id=\"sampling\"><span aria-hidden=\"true\" class=\"wp-block-cover__background has-background-dim-100 has-background-dim\" style=\"background-color:#202020\"><\/span><div class=\"wp-block-cover__inner-container is-layout-constrained wp-block-cover-is-layout-constrained\">\n<div style=\"height:60px\" aria-hidden=\"true\" class=\"wp-block-spacer\"><\/div>\n\n\n\n<div class=\"wp-block-columns alignwide are-vertically-aligned-center is-layout-flex wp-container-core-columns-is-layout-9d6595d7 wp-block-columns-is-layout-flex\">\n<div class=\"wp-block-column is-vertically-aligned-center is-layout-flow wp-block-column-is-layout-flow\" style=\"flex-basis:33.33%\">\n<figure class=\"wp-block-image size-full mobile-w-60\"><img loading=\"lazy\" decoding=\"async\" width=\"590\" height=\"590\" src=\"https:\/\/www.floweryfield.com\/wp-content\/uploads\/2024\/03\/SAMPLING-ICON-weiss.png\" alt=\"\" class=\"wp-image-214\" srcset=\"https:\/\/www.floweryfield.com\/wp-content\/uploads\/2024\/03\/SAMPLING-ICON-weiss.png 590w, https:\/\/www.floweryfield.com\/wp-content\/uploads\/2024\/03\/SAMPLING-ICON-weiss-450x450.png 450w, https:\/\/www.floweryfield.com\/wp-content\/uploads\/2024\/03\/SAMPLING-ICON-weiss-100x100.png 100w, https:\/\/www.floweryfield.com\/wp-content\/uploads\/2024\/03\/SAMPLING-ICON-weiss-300x300.png 300w, https:\/\/www.floweryfield.com\/wp-content\/uploads\/2024\/03\/SAMPLING-ICON-weiss-150x150.png 150w\" sizes=\"auto, (max-width: 590px) 100vw, 590px\" \/><\/figure>\n<\/div>\n\n\n\n<div class=\"wp-block-column is-vertically-aligned-center is-layout-flow wp-block-column-is-layout-flow\" style=\"flex-basis:66.66%\">\n<h3 class=\"wp-block-heading\"><strong>Sampling<\/strong><\/h3>\n\n\n\n<p class=\"has-extra-small-font-size\">Due to potential variations within each plant, homogenization of the sample is essential to achieve reliable results. Therefore, a minimum quantity of 4-5 grams of plant material (up to a maximum of 10 grams). The sampling material should be collected from the entire plant.<\/p>\n<\/div>\n<\/div>\n\n\n\n<div style=\"height:60px\" aria-hidden=\"true\" class=\"wp-block-spacer\"><\/div>\n<\/div><\/div>\n","protected":false},"excerpt":{"rendered":"","protected":false},"author":1,"featured_media":0,"parent":0,"menu_order":0,"comment_status":"closed","ping_status":"closed","template":"","meta":{"_acf_changed":false,"footnotes":""},"class_list":["post-494","page","type-page","status-publish","hentry","entry"],"acf":[],"yoast_head":"<!-- This site is optimized with the Yoast SEO plugin v27.4 - https:\/\/yoast.com\/product\/yoast-seo-wordpress\/ -->\n<title>Moisture determination - Flowery Field<\/title>\n<meta name=\"robots\" content=\"index, follow, max-snippet:-1, max-image-preview:large, max-video-preview:-1\" \/>\n<link rel=\"canonical\" href=\"https:\/\/www.floweryfield.com\/feuchtigkeitsmessung\/\" \/>\n<meta property=\"og:locale\" content=\"en_US\" \/>\n<meta property=\"og:type\" content=\"article\" \/>\n<meta property=\"og:title\" content=\"Moisture determination - Flowery Field\" \/>\n<meta property=\"og:url\" content=\"https:\/\/www.floweryfield.com\/feuchtigkeitsmessung\/\" \/>\n<meta property=\"og:site_name\" content=\"Flowery Field\" \/>\n<meta property=\"article:publisher\" content=\"https:\/\/www.facebook.com\/floweryfeld\" \/>\n<meta property=\"article:modified_time\" content=\"2024-03-21T09:20:47+00:00\" \/>\n<meta property=\"og:image\" content=\"https:\/\/www.floweryfield.com\/wp-content\/uploads\/2024\/03\/RESTFEUCHTE-ICON-weiss.png\" \/>\n<meta name=\"twitter:card\" content=\"summary_large_image\" \/>\n<meta name=\"twitter:label1\" content=\"Est. reading time\" \/>\n\t<meta name=\"twitter:data1\" content=\"1 minute\" \/>\n<script type=\"application\/ld+json\" class=\"yoast-schema-graph\">{\"@context\":\"https:\\\/\\\/schema.org\",\"@graph\":[{\"@type\":\"WebPage\",\"@id\":\"https:\\\/\\\/www.floweryfield.com\\\/feuchtigkeitsmessung\\\/\",\"url\":\"https:\\\/\\\/www.floweryfield.com\\\/feuchtigkeitsmessung\\\/\",\"name\":\"Moisture determination - Flowery Field\",\"isPartOf\":{\"@id\":\"https:\\\/\\\/www.floweryfield.com\\\/#website\"},\"primaryImageOfPage\":{\"@id\":\"https:\\\/\\\/www.floweryfield.com\\\/feuchtigkeitsmessung\\\/#primaryimage\"},\"image\":{\"@id\":\"https:\\\/\\\/www.floweryfield.com\\\/feuchtigkeitsmessung\\\/#primaryimage\"},\"thumbnailUrl\":\"https:\\\/\\\/www.floweryfield.com\\\/wp-content\\\/uploads\\\/2024\\\/03\\\/RESTFEUCHTE-ICON-weiss.png\",\"datePublished\":\"2024-03-12T02:33:11+00:00\",\"dateModified\":\"2024-03-21T09:20:47+00:00\",\"breadcrumb\":{\"@id\":\"https:\\\/\\\/www.floweryfield.com\\\/feuchtigkeitsmessung\\\/#breadcrumb\"},\"inLanguage\":\"en-US\",\"potentialAction\":[{\"@type\":\"ReadAction\",\"target\":[\"https:\\\/\\\/www.floweryfield.com\\\/feuchtigkeitsmessung\\\/\"]}]},{\"@type\":\"ImageObject\",\"inLanguage\":\"en-US\",\"@id\":\"https:\\\/\\\/www.floweryfield.com\\\/feuchtigkeitsmessung\\\/#primaryimage\",\"url\":\"https:\\\/\\\/www.floweryfield.com\\\/wp-content\\\/uploads\\\/2024\\\/03\\\/RESTFEUCHTE-ICON-weiss.png\",\"contentUrl\":\"https:\\\/\\\/www.floweryfield.com\\\/wp-content\\\/uploads\\\/2024\\\/03\\\/RESTFEUCHTE-ICON-weiss.png\"},{\"@type\":\"BreadcrumbList\",\"@id\":\"https:\\\/\\\/www.floweryfield.com\\\/feuchtigkeitsmessung\\\/#breadcrumb\",\"itemListElement\":[{\"@type\":\"ListItem\",\"position\":1,\"name\":\"Startseite\",\"item\":\"https:\\\/\\\/www.floweryfield.com\\\/en\\\/\"},{\"@type\":\"ListItem\",\"position\":2,\"name\":\"Moisture determination\"}]},{\"@type\":\"WebSite\",\"@id\":\"https:\\\/\\\/www.floweryfield.com\\\/#website\",\"url\":\"https:\\\/\\\/www.floweryfield.com\\\/\",\"name\":\"Flowery Field Labs\",\"description\":\"\u00d6sterreichs gr\u00f6\u00dfer Produzent von Hanfstecklingen\",\"publisher\":{\"@id\":\"https:\\\/\\\/www.floweryfield.com\\\/#organization\"},\"potentialAction\":[{\"@type\":\"SearchAction\",\"target\":{\"@type\":\"EntryPoint\",\"urlTemplate\":\"https:\\\/\\\/www.floweryfield.com\\\/?s={search_term_string}\"},\"query-input\":{\"@type\":\"PropertyValueSpecification\",\"valueRequired\":true,\"valueName\":\"search_term_string\"}}],\"inLanguage\":\"en-US\"},{\"@type\":\"Organization\",\"@id\":\"https:\\\/\\\/www.floweryfield.com\\\/#organization\",\"name\":\"Flowery Field Labs\",\"url\":\"https:\\\/\\\/www.floweryfield.com\\\/\",\"logo\":{\"@type\":\"ImageObject\",\"inLanguage\":\"en-US\",\"@id\":\"https:\\\/\\\/www.floweryfield.com\\\/#\\\/schema\\\/logo\\\/image\\\/\",\"url\":\"https:\\\/\\\/www.floweryfield.com\\\/wp-content\\\/uploads\\\/2024\\\/03\\\/floweryfield_logo-1-1.png\",\"contentUrl\":\"https:\\\/\\\/www.floweryfield.com\\\/wp-content\\\/uploads\\\/2024\\\/03\\\/floweryfield_logo-1-1.png\",\"width\":224,\"height\":56,\"caption\":\"Flowery Field Labs\"},\"image\":{\"@id\":\"https:\\\/\\\/www.floweryfield.com\\\/#\\\/schema\\\/logo\\\/image\\\/\"},\"sameAs\":[\"https:\\\/\\\/www.facebook.com\\\/floweryfeld\"]}]}<\/script>\n<!-- \/ Yoast SEO plugin. -->","yoast_head_json":{"title":"Moisture determination - Flowery Field","robots":{"index":"index","follow":"follow","max-snippet":"max-snippet:-1","max-image-preview":"max-image-preview:large","max-video-preview":"max-video-preview:-1"},"canonical":"https:\/\/www.floweryfield.com\/feuchtigkeitsmessung\/","og_locale":"en_US","og_type":"article","og_title":"Moisture determination - Flowery Field","og_url":"https:\/\/www.floweryfield.com\/feuchtigkeitsmessung\/","og_site_name":"Flowery Field","article_publisher":"https:\/\/www.facebook.com\/floweryfeld","article_modified_time":"2024-03-21T09:20:47+00:00","og_image":[{"url":"https:\/\/www.floweryfield.com\/wp-content\/uploads\/2024\/03\/RESTFEUCHTE-ICON-weiss.png","type":"","width":"","height":""}],"twitter_card":"summary_large_image","twitter_misc":{"Est. reading time":"1 minute"},"schema":{"@context":"https:\/\/schema.org","@graph":[{"@type":"WebPage","@id":"https:\/\/www.floweryfield.com\/feuchtigkeitsmessung\/","url":"https:\/\/www.floweryfield.com\/feuchtigkeitsmessung\/","name":"Moisture determination - Flowery Field","isPartOf":{"@id":"https:\/\/www.floweryfield.com\/#website"},"primaryImageOfPage":{"@id":"https:\/\/www.floweryfield.com\/feuchtigkeitsmessung\/#primaryimage"},"image":{"@id":"https:\/\/www.floweryfield.com\/feuchtigkeitsmessung\/#primaryimage"},"thumbnailUrl":"https:\/\/www.floweryfield.com\/wp-content\/uploads\/2024\/03\/RESTFEUCHTE-ICON-weiss.png","datePublished":"2024-03-12T02:33:11+00:00","dateModified":"2024-03-21T09:20:47+00:00","breadcrumb":{"@id":"https:\/\/www.floweryfield.com\/feuchtigkeitsmessung\/#breadcrumb"},"inLanguage":"en-US","potentialAction":[{"@type":"ReadAction","target":["https:\/\/www.floweryfield.com\/feuchtigkeitsmessung\/"]}]},{"@type":"ImageObject","inLanguage":"en-US","@id":"https:\/\/www.floweryfield.com\/feuchtigkeitsmessung\/#primaryimage","url":"https:\/\/www.floweryfield.com\/wp-content\/uploads\/2024\/03\/RESTFEUCHTE-ICON-weiss.png","contentUrl":"https:\/\/www.floweryfield.com\/wp-content\/uploads\/2024\/03\/RESTFEUCHTE-ICON-weiss.png"},{"@type":"BreadcrumbList","@id":"https:\/\/www.floweryfield.com\/feuchtigkeitsmessung\/#breadcrumb","itemListElement":[{"@type":"ListItem","position":1,"name":"Startseite","item":"https:\/\/www.floweryfield.com\/en\/"},{"@type":"ListItem","position":2,"name":"Moisture determination"}]},{"@type":"WebSite","@id":"https:\/\/www.floweryfield.com\/#website","url":"https:\/\/www.floweryfield.com\/","name":"Flowery Field Labs","description":"\u00d6sterreichs gr\u00f6\u00dfer Produzent von Hanfstecklingen","publisher":{"@id":"https:\/\/www.floweryfield.com\/#organization"},"potentialAction":[{"@type":"SearchAction","target":{"@type":"EntryPoint","urlTemplate":"https:\/\/www.floweryfield.com\/?s={search_term_string}"},"query-input":{"@type":"PropertyValueSpecification","valueRequired":true,"valueName":"search_term_string"}}],"inLanguage":"en-US"},{"@type":"Organization","@id":"https:\/\/www.floweryfield.com\/#organization","name":"Flowery Field Labs","url":"https:\/\/www.floweryfield.com\/","logo":{"@type":"ImageObject","inLanguage":"en-US","@id":"https:\/\/www.floweryfield.com\/#\/schema\/logo\/image\/","url":"https:\/\/www.floweryfield.com\/wp-content\/uploads\/2024\/03\/floweryfield_logo-1-1.png","contentUrl":"https:\/\/www.floweryfield.com\/wp-content\/uploads\/2024\/03\/floweryfield_logo-1-1.png","width":224,"height":56,"caption":"Flowery Field Labs"},"image":{"@id":"https:\/\/www.floweryfield.com\/#\/schema\/logo\/image\/"},"sameAs":["https:\/\/www.facebook.com\/floweryfeld"]}]}},"_links":{"self":[{"href":"https:\/\/www.floweryfield.com\/en\/wp-json\/wp\/v2\/pages\/494","targetHints":{"allow":["GET"]}}],"collection":[{"href":"https:\/\/www.floweryfield.com\/en\/wp-json\/wp\/v2\/pages"}],"about":[{"href":"https:\/\/www.floweryfield.com\/en\/wp-json\/wp\/v2\/types\/page"}],"author":[{"embeddable":true,"href":"https:\/\/www.floweryfield.com\/en\/wp-json\/wp\/v2\/users\/1"}],"replies":[{"embeddable":true,"href":"https:\/\/www.floweryfield.com\/en\/wp-json\/wp\/v2\/comments?post=494"}],"version-history":[{"count":20,"href":"https:\/\/www.floweryfield.com\/en\/wp-json\/wp\/v2\/pages\/494\/revisions"}],"predecessor-version":[{"id":888,"href":"https:\/\/www.floweryfield.com\/en\/wp-json\/wp\/v2\/pages\/494\/revisions\/888"}],"wp:attachment":[{"href":"https:\/\/www.floweryfield.com\/en\/wp-json\/wp\/v2\/media?parent=494"}],"curies":[{"name":"wp","href":"https:\/\/api.w.org\/{rel}","templated":true}]}}