{"id":19181,"date":"2018-03-30T11:23:06","date_gmt":"2018-03-30T09:23:06","guid":{"rendered":"https:\/\/www.floweryfield.com\/produkt\/gl-60-40-50l\/"},"modified":"2024-06-07T02:45:47","modified_gmt":"2024-06-07T00:45:47","slug":"gl-60-40-50l","status":"publish","type":"product","link":"https:\/\/www.floweryfield.com\/en\/produkt\/gl-60-40-50l\/","title":{"rendered":"Mills 60\/40 Mix (50L)"},"content":{"rendered":"<p><strong>Auf Grund des Gewichts ist ein Versand von Substraten leider nicht m\u00f6glich.<\/strong><\/p>\n<p>Mills 60\/40 Mix 50L.<\/p>\n<p>Mills Hydrocorn und Coco ist passend f\u00fcr gro\u00dfe Wasserkapazit\u00e4ten, geringere Bew\u00e4sserungsintervalle und bessere Wurzeln. Wir benutzen die 8-16 mm Kugeln von Mills und den puren Mills Coco, um die perfekte Ebbe und Flut zu geben, die auch gut in jedem Topf funktionieren w\u00fcrden. Die 60\/40 Mix macht es m\u00f6glich, dass Sie in l\u00e4ngeren Intervallen d\u00fcngen k\u00f6nnen, als bei normalem Hydrocorn und gibt auch einen Puffer f\u00fcr die Bew\u00e4sserungszeiten.<\/p>\n<p>&nbsp;<\/p>\n","protected":false},"excerpt":{"rendered":"<p>Auf Grund des Gewichts ist ein Versand von Substraten leider nicht m\u00f6glich. Mills 60\/40 Mix 50L. Mills Hydrocorn und Coco ist passend f\u00fcr gro\u00dfe Wasserkapazit\u00e4ten, geringere Bew\u00e4sserungsintervalle und bessere Wurzeln. Wir benutzen die 8-16 mm Kugeln von Mills und den puren Mills Coco, um die perfekte Ebbe und Flut zu geben, die auch gut in&hellip; <a class=\"more-link\" href=\"https:\/\/www.floweryfield.com\/en\/produkt\/gl-60-40-50l\/\">Continue reading <span class=\"screen-reader-text\">Mills 60\/40 Mix (50L)<\/span><\/a><\/p>\n","protected":false},"featured_media":21420,"template":"","meta":{"_acf_changed":false},"product_brand":[],"product_cat":[36],"product_tag":[],"class_list":{"0":"post-19181","1":"product","2":"type-product","3":"status-publish","4":"has-post-thumbnail","6":"product_cat-substrate","7":"entry","9":"first","10":"outofstock","11":"taxable","12":"shipping-taxable","13":"purchasable","14":"product-type-simple"},"acf":[],"yoast_head":"<!-- This site is optimized with the Yoast SEO plugin v27.6 - https:\/\/yoast.com\/product\/yoast-seo-wordpress\/ -->\n<title>Mills 60\/40 Mix (50L) - Flowery Field<\/title>\n<meta name=\"robots\" content=\"index, follow, max-snippet:-1, max-image-preview:large, max-video-preview:-1\" \/>\n<link rel=\"canonical\" href=\"https:\/\/www.floweryfield.com\/produkt\/gl-60-40-50l\/\" \/>\n<meta property=\"og:locale\" content=\"en_US\" \/>\n<meta property=\"og:type\" content=\"article\" \/>\n<meta property=\"og:title\" content=\"Mills 60\/40 Mix (50L) - Flowery Field\" \/>\n<meta property=\"og:description\" content=\"Auf Grund des Gewichts ist ein Versand von Substraten leider nicht m\u00f6glich. Mills 60\/40 Mix 50L. Mills Hydrocorn und Coco ist passend f\u00fcr gro\u00dfe Wasserkapazit\u00e4ten, geringere Bew\u00e4sserungsintervalle und bessere Wurzeln. Wir benutzen die 8-16 mm Kugeln von Mills und den puren Mills Coco, um die perfekte Ebbe und Flut zu geben, die auch gut in&hellip; Continue reading Mills 60\/40 Mix (50L)\" \/>\n<meta property=\"og:url\" content=\"https:\/\/www.floweryfield.com\/produkt\/gl-60-40-50l\/\" \/>\n<meta property=\"og:site_name\" content=\"Flowery Field\" \/>\n<meta property=\"article:publisher\" content=\"https:\/\/www.facebook.com\/floweryfeld\" \/>\n<meta property=\"article:modified_time\" content=\"2024-06-07T00:45:47+00:00\" \/>\n<meta property=\"og:image\" content=\"https:\/\/www.floweryfield.com\/wp-content\/uploads\/2018\/03\/mills_60-40-mix.png\" \/>\n\t<meta property=\"og:image:width\" content=\"350\" \/>\n\t<meta property=\"og:image:height\" content=\"499\" \/>\n\t<meta property=\"og:image:type\" content=\"image\/png\" \/>\n<meta name=\"twitter:card\" content=\"summary_large_image\" \/>\n<meta name=\"twitter:label1\" content=\"Est. reading time\" \/>\n\t<meta name=\"twitter:data1\" content=\"1 minute\" \/>\n<script type=\"application\/ld+json\" class=\"yoast-schema-graph\">{\"@context\":\"https:\\\/\\\/schema.org\",\"@graph\":[{\"@type\":\"WebPage\",\"@id\":\"https:\\\/\\\/www.floweryfield.com\\\/produkt\\\/gl-60-40-50l\\\/\",\"url\":\"https:\\\/\\\/www.floweryfield.com\\\/produkt\\\/gl-60-40-50l\\\/\",\"name\":\"Mills 60\\\/40 Mix (50L) - Flowery Field\",\"isPartOf\":{\"@id\":\"https:\\\/\\\/www.floweryfield.com\\\/#website\"},\"primaryImageOfPage\":{\"@id\":\"https:\\\/\\\/www.floweryfield.com\\\/produkt\\\/gl-60-40-50l\\\/#primaryimage\"},\"image\":{\"@id\":\"https:\\\/\\\/www.floweryfield.com\\\/produkt\\\/gl-60-40-50l\\\/#primaryimage\"},\"thumbnailUrl\":\"https:\\\/\\\/www.floweryfield.com\\\/wp-content\\\/uploads\\\/2018\\\/03\\\/mills_60-40-mix.png\",\"datePublished\":\"2018-03-30T09:23:06+00:00\",\"dateModified\":\"2024-06-07T00:45:47+00:00\",\"breadcrumb\":{\"@id\":\"https:\\\/\\\/www.floweryfield.com\\\/produkt\\\/gl-60-40-50l\\\/#breadcrumb\"},\"inLanguage\":\"en-US\",\"potentialAction\":[{\"@type\":\"ReadAction\",\"target\":[\"https:\\\/\\\/www.floweryfield.com\\\/produkt\\\/gl-60-40-50l\\\/\"]}]},{\"@type\":\"ImageObject\",\"inLanguage\":\"en-US\",\"@id\":\"https:\\\/\\\/www.floweryfield.com\\\/produkt\\\/gl-60-40-50l\\\/#primaryimage\",\"url\":\"https:\\\/\\\/www.floweryfield.com\\\/wp-content\\\/uploads\\\/2018\\\/03\\\/mills_60-40-mix.png\",\"contentUrl\":\"https:\\\/\\\/www.floweryfield.com\\\/wp-content\\\/uploads\\\/2018\\\/03\\\/mills_60-40-mix.png\",\"width\":350,\"height\":499},{\"@type\":\"BreadcrumbList\",\"@id\":\"https:\\\/\\\/www.floweryfield.com\\\/produkt\\\/gl-60-40-50l\\\/#breadcrumb\",\"itemListElement\":[{\"@type\":\"ListItem\",\"position\":1,\"name\":\"Startseite\",\"item\":\"https:\\\/\\\/www.floweryfield.com\\\/en\\\/\"},{\"@type\":\"ListItem\",\"position\":2,\"name\":\"Shop\",\"item\":\"https:\\\/\\\/www.floweryfield.com\\\/en\\\/shop\\\/\"},{\"@type\":\"ListItem\",\"position\":3,\"name\":\"Mills 60\\\/40 Mix (50L)\"}]},{\"@type\":\"WebSite\",\"@id\":\"https:\\\/\\\/www.floweryfield.com\\\/#website\",\"url\":\"https:\\\/\\\/www.floweryfield.com\\\/\",\"name\":\"Flowery Field Labs\",\"description\":\"\u00d6sterreichs gr\u00f6\u00dfer Produzent von Hanfstecklingen\",\"publisher\":{\"@id\":\"https:\\\/\\\/www.floweryfield.com\\\/#organization\"},\"potentialAction\":[{\"@type\":\"SearchAction\",\"target\":{\"@type\":\"EntryPoint\",\"urlTemplate\":\"https:\\\/\\\/www.floweryfield.com\\\/?s={search_term_string}\"},\"query-input\":{\"@type\":\"PropertyValueSpecification\",\"valueRequired\":true,\"valueName\":\"search_term_string\"}}],\"inLanguage\":\"en-US\"},{\"@type\":\"Organization\",\"@id\":\"https:\\\/\\\/www.floweryfield.com\\\/#organization\",\"name\":\"Flowery Field Labs\",\"url\":\"https:\\\/\\\/www.floweryfield.com\\\/\",\"logo\":{\"@type\":\"ImageObject\",\"inLanguage\":\"en-US\",\"@id\":\"https:\\\/\\\/www.floweryfield.com\\\/#\\\/schema\\\/logo\\\/image\\\/\",\"url\":\"https:\\\/\\\/www.floweryfield.com\\\/wp-content\\\/uploads\\\/2024\\\/03\\\/floweryfield_logo-1-1.png\",\"contentUrl\":\"https:\\\/\\\/www.floweryfield.com\\\/wp-content\\\/uploads\\\/2024\\\/03\\\/floweryfield_logo-1-1.png\",\"width\":224,\"height\":56,\"caption\":\"Flowery Field Labs\"},\"image\":{\"@id\":\"https:\\\/\\\/www.floweryfield.com\\\/#\\\/schema\\\/logo\\\/image\\\/\"},\"sameAs\":[\"https:\\\/\\\/www.facebook.com\\\/floweryfeld\"]}]}<\/script>\n<!-- \/ Yoast SEO plugin. -->","yoast_head_json":{"title":"Mills 60\/40 Mix (50L) - Flowery Field","robots":{"index":"index","follow":"follow","max-snippet":"max-snippet:-1","max-image-preview":"max-image-preview:large","max-video-preview":"max-video-preview:-1"},"canonical":"https:\/\/www.floweryfield.com\/produkt\/gl-60-40-50l\/","og_locale":"en_US","og_type":"article","og_title":"Mills 60\/40 Mix (50L) - Flowery Field","og_description":"Auf Grund des Gewichts ist ein Versand von Substraten leider nicht m\u00f6glich. Mills 60\/40 Mix 50L. Mills Hydrocorn und Coco ist passend f\u00fcr gro\u00dfe Wasserkapazit\u00e4ten, geringere Bew\u00e4sserungsintervalle und bessere Wurzeln. Wir benutzen die 8-16 mm Kugeln von Mills und den puren Mills Coco, um die perfekte Ebbe und Flut zu geben, die auch gut in&hellip; Continue reading Mills 60\/40 Mix (50L)","og_url":"https:\/\/www.floweryfield.com\/produkt\/gl-60-40-50l\/","og_site_name":"Flowery Field","article_publisher":"https:\/\/www.facebook.com\/floweryfeld","article_modified_time":"2024-06-07T00:45:47+00:00","og_image":[{"width":350,"height":499,"url":"https:\/\/www.floweryfield.com\/wp-content\/uploads\/2018\/03\/mills_60-40-mix.png","type":"image\/png"}],"twitter_card":"summary_large_image","twitter_misc":{"Est. reading time":"1 minute"},"schema":{"@context":"https:\/\/schema.org","@graph":[{"@type":"WebPage","@id":"https:\/\/www.floweryfield.com\/produkt\/gl-60-40-50l\/","url":"https:\/\/www.floweryfield.com\/produkt\/gl-60-40-50l\/","name":"Mills 60\/40 Mix (50L) - Flowery Field","isPartOf":{"@id":"https:\/\/www.floweryfield.com\/#website"},"primaryImageOfPage":{"@id":"https:\/\/www.floweryfield.com\/produkt\/gl-60-40-50l\/#primaryimage"},"image":{"@id":"https:\/\/www.floweryfield.com\/produkt\/gl-60-40-50l\/#primaryimage"},"thumbnailUrl":"https:\/\/www.floweryfield.com\/wp-content\/uploads\/2018\/03\/mills_60-40-mix.png","datePublished":"2018-03-30T09:23:06+00:00","dateModified":"2024-06-07T00:45:47+00:00","breadcrumb":{"@id":"https:\/\/www.floweryfield.com\/produkt\/gl-60-40-50l\/#breadcrumb"},"inLanguage":"en-US","potentialAction":[{"@type":"ReadAction","target":["https:\/\/www.floweryfield.com\/produkt\/gl-60-40-50l\/"]}]},{"@type":"ImageObject","inLanguage":"en-US","@id":"https:\/\/www.floweryfield.com\/produkt\/gl-60-40-50l\/#primaryimage","url":"https:\/\/www.floweryfield.com\/wp-content\/uploads\/2018\/03\/mills_60-40-mix.png","contentUrl":"https:\/\/www.floweryfield.com\/wp-content\/uploads\/2018\/03\/mills_60-40-mix.png","width":350,"height":499},{"@type":"BreadcrumbList","@id":"https:\/\/www.floweryfield.com\/produkt\/gl-60-40-50l\/#breadcrumb","itemListElement":[{"@type":"ListItem","position":1,"name":"Startseite","item":"https:\/\/www.floweryfield.com\/en\/"},{"@type":"ListItem","position":2,"name":"Shop","item":"https:\/\/www.floweryfield.com\/en\/shop\/"},{"@type":"ListItem","position":3,"name":"Mills 60\/40 Mix (50L)"}]},{"@type":"WebSite","@id":"https:\/\/www.floweryfield.com\/#website","url":"https:\/\/www.floweryfield.com\/","name":"Flowery Field Labs","description":"\u00d6sterreichs gr\u00f6\u00dfer Produzent von Hanfstecklingen","publisher":{"@id":"https:\/\/www.floweryfield.com\/#organization"},"potentialAction":[{"@type":"SearchAction","target":{"@type":"EntryPoint","urlTemplate":"https:\/\/www.floweryfield.com\/?s={search_term_string}"},"query-input":{"@type":"PropertyValueSpecification","valueRequired":true,"valueName":"search_term_string"}}],"inLanguage":"en-US"},{"@type":"Organization","@id":"https:\/\/www.floweryfield.com\/#organization","name":"Flowery Field Labs","url":"https:\/\/www.floweryfield.com\/","logo":{"@type":"ImageObject","inLanguage":"en-US","@id":"https:\/\/www.floweryfield.com\/#\/schema\/logo\/image\/","url":"https:\/\/www.floweryfield.com\/wp-content\/uploads\/2024\/03\/floweryfield_logo-1-1.png","contentUrl":"https:\/\/www.floweryfield.com\/wp-content\/uploads\/2024\/03\/floweryfield_logo-1-1.png","width":224,"height":56,"caption":"Flowery Field Labs"},"image":{"@id":"https:\/\/www.floweryfield.com\/#\/schema\/logo\/image\/"},"sameAs":["https:\/\/www.facebook.com\/floweryfeld"]}]}},"_links":{"self":[{"href":"https:\/\/www.floweryfield.com\/en\/wp-json\/wp\/v2\/product\/19181","targetHints":{"allow":["GET"]}}],"collection":[{"href":"https:\/\/www.floweryfield.com\/en\/wp-json\/wp\/v2\/product"}],"about":[{"href":"https:\/\/www.floweryfield.com\/en\/wp-json\/wp\/v2\/types\/product"}],"wp:featuredmedia":[{"embeddable":true,"href":"https:\/\/www.floweryfield.com\/en\/wp-json\/wp\/v2\/media\/21420"}],"wp:attachment":[{"href":"https:\/\/www.floweryfield.com\/en\/wp-json\/wp\/v2\/media?parent=19181"}],"wp:term":[{"taxonomy":"product_brand","embeddable":true,"href":"https:\/\/www.floweryfield.com\/en\/wp-json\/wp\/v2\/product_brand?post=19181"},{"taxonomy":"product_cat","embeddable":true,"href":"https:\/\/www.floweryfield.com\/en\/wp-json\/wp\/v2\/product_cat?post=19181"},{"taxonomy":"product_tag","embeddable":true,"href":"https:\/\/www.floweryfield.com\/en\/wp-json\/wp\/v2\/product_tag?post=19181"}],"curies":[{"name":"wp","href":"https:\/\/api.w.org\/{rel}","templated":true}]}}