{"id":20051,"date":"2018-03-30T11:40:45","date_gmt":"2018-03-30T09:40:45","guid":{"rendered":"https:\/\/www.floweryfield.com\/produkt\/og-kush-18\/"},"modified":"2025-08-14T07:19:29","modified_gmt":"2025-08-14T05:19:29","slug":"og-kush-18","status":"publish","type":"product","link":"https:\/\/www.floweryfield.com\/en\/produkt\/og-kush-18\/","title":{"rendered":"OG Kush #18 \u2013 Reserva Privada"},"content":{"rendered":"","protected":false},"excerpt":{"rendered":"<div class=\"woocommerce-product-details__short-description\">\n<p><strong>Nur in-vitro<\/strong> erh\u00e4ltlich<\/p>\n<p>2 Wochen alt im <strong>Preforma Plug<\/strong>\u00a0\u2013 frisch verwurzelt \u2013 ca. 10-12 cm \u2013 ab 12,5\u20ac<br \/>\n3 Wochen alt im\u00a0<b>Eazy Plug W\u00fcrfel<\/b>\u00a0\u2013 ca. 13-20 cm \u2013 ab 13,5\u20ac (nur Abholung m\u00f6glich)<br \/>\n4 Wochen alt im <strong>1 Liter Topf<\/strong> \u2013 ca. 30-40cm \u2013 je 19,90\u20ac (nur Abholung m\u00f6glich)<\/p>\n<\/div>\n","protected":false},"featured_media":20757,"template":"","meta":{"_acf_changed":false},"product_brand":[],"product_cat":[41,97,102],"product_tag":[],"class_list":{"0":"post-20051","1":"product","2":"type-product","3":"status-publish","4":"has-post-thumbnail","6":"product_cat-hanfpflanzen","7":"product_cat-herkoemmliche-produktion","8":"product_cat-in-vitro-sorten","9":"entry","11":"first","12":"outofstock","13":"taxable","14":"shipping-taxable","15":"purchasable","16":"product-type-variable"},"acf":[],"yoast_head":"<!-- This site is optimized with the Yoast SEO plugin v27.4 - https:\/\/yoast.com\/product\/yoast-seo-wordpress\/ -->\n<title>OG Kush #18 \u2013 Reserva Privada - Flowery Field<\/title>\n<meta name=\"robots\" content=\"index, follow, max-snippet:-1, max-image-preview:large, max-video-preview:-1\" \/>\n<link rel=\"canonical\" href=\"https:\/\/www.floweryfield.com\/produkt\/og-kush-18\/\" \/>\n<meta property=\"og:locale\" content=\"en_US\" \/>\n<meta property=\"og:type\" content=\"article\" \/>\n<meta property=\"og:title\" content=\"OG Kush #18 \u2013 Reserva Privada - Flowery Field\" \/>\n<meta property=\"og:description\" content=\"Nur in-vitro erh\u00e4ltlich  2 Wochen alt im Preforma Plug\u00a0\u2013 frisch verwurzelt \u2013 ca. 10-12 cm \u2013 ab 12,5\u20ac 3 Wochen alt im\u00a0Eazy Plug W\u00fcrfel\u00a0\u2013 ca. 13-20 cm \u2013 ab 13,5\u20ac (nur Abholung m\u00f6glich) 4 Wochen alt im 1 Liter Topf \u2013 ca. 30-40cm \u2013 je 19,90\u20ac (nur Abholung m\u00f6glich)\" \/>\n<meta property=\"og:url\" content=\"https:\/\/www.floweryfield.com\/produkt\/og-kush-18\/\" \/>\n<meta property=\"og:site_name\" content=\"Flowery Field\" \/>\n<meta property=\"article:publisher\" content=\"https:\/\/www.facebook.com\/floweryfeld\" \/>\n<meta property=\"article:modified_time\" content=\"2025-08-14T05:19:29+00:00\" \/>\n<meta property=\"og:image\" content=\"https:\/\/www.floweryfield.com\/wp-content\/uploads\/2018\/04\/OG.jpg\" \/>\n\t<meta property=\"og:image:width\" content=\"900\" \/>\n\t<meta property=\"og:image:height\" content=\"1350\" \/>\n\t<meta property=\"og:image:type\" content=\"image\/jpeg\" \/>\n<meta name=\"twitter:card\" content=\"summary_large_image\" \/>\n<meta name=\"twitter:label1\" content=\"Est. reading time\" \/>\n\t<meta name=\"twitter:data1\" content=\"1 minute\" \/>\n<script type=\"application\/ld+json\" class=\"yoast-schema-graph\">{\"@context\":\"https:\\\/\\\/schema.org\",\"@graph\":[{\"@type\":\"WebPage\",\"@id\":\"https:\\\/\\\/www.floweryfield.com\\\/produkt\\\/og-kush-18\\\/\",\"url\":\"https:\\\/\\\/www.floweryfield.com\\\/produkt\\\/og-kush-18\\\/\",\"name\":\"OG Kush #18 \u2013 Reserva Privada - Flowery Field\",\"isPartOf\":{\"@id\":\"https:\\\/\\\/www.floweryfield.com\\\/#website\"},\"primaryImageOfPage\":{\"@id\":\"https:\\\/\\\/www.floweryfield.com\\\/produkt\\\/og-kush-18\\\/#primaryimage\"},\"image\":{\"@id\":\"https:\\\/\\\/www.floweryfield.com\\\/produkt\\\/og-kush-18\\\/#primaryimage\"},\"thumbnailUrl\":\"https:\\\/\\\/www.floweryfield.com\\\/wp-content\\\/uploads\\\/2018\\\/04\\\/OG.jpg\",\"datePublished\":\"2018-03-30T09:40:45+00:00\",\"dateModified\":\"2025-08-14T05:19:29+00:00\",\"breadcrumb\":{\"@id\":\"https:\\\/\\\/www.floweryfield.com\\\/produkt\\\/og-kush-18\\\/#breadcrumb\"},\"inLanguage\":\"en-US\",\"potentialAction\":[{\"@type\":\"ReadAction\",\"target\":[\"https:\\\/\\\/www.floweryfield.com\\\/produkt\\\/og-kush-18\\\/\"]}]},{\"@type\":\"ImageObject\",\"inLanguage\":\"en-US\",\"@id\":\"https:\\\/\\\/www.floweryfield.com\\\/produkt\\\/og-kush-18\\\/#primaryimage\",\"url\":\"https:\\\/\\\/www.floweryfield.com\\\/wp-content\\\/uploads\\\/2018\\\/04\\\/OG.jpg\",\"contentUrl\":\"https:\\\/\\\/www.floweryfield.com\\\/wp-content\\\/uploads\\\/2018\\\/04\\\/OG.jpg\",\"width\":900,\"height\":1350},{\"@type\":\"BreadcrumbList\",\"@id\":\"https:\\\/\\\/www.floweryfield.com\\\/produkt\\\/og-kush-18\\\/#breadcrumb\",\"itemListElement\":[{\"@type\":\"ListItem\",\"position\":1,\"name\":\"Startseite\",\"item\":\"https:\\\/\\\/www.floweryfield.com\\\/en\\\/\"},{\"@type\":\"ListItem\",\"position\":2,\"name\":\"Shop\",\"item\":\"https:\\\/\\\/www.floweryfield.com\\\/en\\\/shop\\\/\"},{\"@type\":\"ListItem\",\"position\":3,\"name\":\"OG Kush #18 \u2013 Reserva Privada\"}]},{\"@type\":\"WebSite\",\"@id\":\"https:\\\/\\\/www.floweryfield.com\\\/#website\",\"url\":\"https:\\\/\\\/www.floweryfield.com\\\/\",\"name\":\"Flowery Field Labs\",\"description\":\"\u00d6sterreichs gr\u00f6\u00dfer Produzent von Hanfstecklingen\",\"publisher\":{\"@id\":\"https:\\\/\\\/www.floweryfield.com\\\/#organization\"},\"potentialAction\":[{\"@type\":\"SearchAction\",\"target\":{\"@type\":\"EntryPoint\",\"urlTemplate\":\"https:\\\/\\\/www.floweryfield.com\\\/?s={search_term_string}\"},\"query-input\":{\"@type\":\"PropertyValueSpecification\",\"valueRequired\":true,\"valueName\":\"search_term_string\"}}],\"inLanguage\":\"en-US\"},{\"@type\":\"Organization\",\"@id\":\"https:\\\/\\\/www.floweryfield.com\\\/#organization\",\"name\":\"Flowery Field Labs\",\"url\":\"https:\\\/\\\/www.floweryfield.com\\\/\",\"logo\":{\"@type\":\"ImageObject\",\"inLanguage\":\"en-US\",\"@id\":\"https:\\\/\\\/www.floweryfield.com\\\/#\\\/schema\\\/logo\\\/image\\\/\",\"url\":\"https:\\\/\\\/www.floweryfield.com\\\/wp-content\\\/uploads\\\/2024\\\/03\\\/floweryfield_logo-1-1.png\",\"contentUrl\":\"https:\\\/\\\/www.floweryfield.com\\\/wp-content\\\/uploads\\\/2024\\\/03\\\/floweryfield_logo-1-1.png\",\"width\":224,\"height\":56,\"caption\":\"Flowery Field Labs\"},\"image\":{\"@id\":\"https:\\\/\\\/www.floweryfield.com\\\/#\\\/schema\\\/logo\\\/image\\\/\"},\"sameAs\":[\"https:\\\/\\\/www.facebook.com\\\/floweryfeld\"]}]}<\/script>\n<!-- \/ Yoast SEO plugin. -->","yoast_head_json":{"title":"OG Kush #18 \u2013 Reserva Privada - Flowery Field","robots":{"index":"index","follow":"follow","max-snippet":"max-snippet:-1","max-image-preview":"max-image-preview:large","max-video-preview":"max-video-preview:-1"},"canonical":"https:\/\/www.floweryfield.com\/produkt\/og-kush-18\/","og_locale":"en_US","og_type":"article","og_title":"OG Kush #18 \u2013 Reserva Privada - Flowery Field","og_description":"Nur in-vitro erh\u00e4ltlich  2 Wochen alt im Preforma Plug\u00a0\u2013 frisch verwurzelt \u2013 ca. 10-12 cm \u2013 ab 12,5\u20ac 3 Wochen alt im\u00a0Eazy Plug W\u00fcrfel\u00a0\u2013 ca. 13-20 cm \u2013 ab 13,5\u20ac (nur Abholung m\u00f6glich) 4 Wochen alt im 1 Liter Topf \u2013 ca. 30-40cm \u2013 je 19,90\u20ac (nur Abholung m\u00f6glich)","og_url":"https:\/\/www.floweryfield.com\/produkt\/og-kush-18\/","og_site_name":"Flowery Field","article_publisher":"https:\/\/www.facebook.com\/floweryfeld","article_modified_time":"2025-08-14T05:19:29+00:00","og_image":[{"width":900,"height":1350,"url":"https:\/\/www.floweryfield.com\/wp-content\/uploads\/2018\/04\/OG.jpg","type":"image\/jpeg"}],"twitter_card":"summary_large_image","twitter_misc":{"Est. reading time":"1 minute"},"schema":{"@context":"https:\/\/schema.org","@graph":[{"@type":"WebPage","@id":"https:\/\/www.floweryfield.com\/produkt\/og-kush-18\/","url":"https:\/\/www.floweryfield.com\/produkt\/og-kush-18\/","name":"OG Kush #18 \u2013 Reserva Privada - Flowery Field","isPartOf":{"@id":"https:\/\/www.floweryfield.com\/#website"},"primaryImageOfPage":{"@id":"https:\/\/www.floweryfield.com\/produkt\/og-kush-18\/#primaryimage"},"image":{"@id":"https:\/\/www.floweryfield.com\/produkt\/og-kush-18\/#primaryimage"},"thumbnailUrl":"https:\/\/www.floweryfield.com\/wp-content\/uploads\/2018\/04\/OG.jpg","datePublished":"2018-03-30T09:40:45+00:00","dateModified":"2025-08-14T05:19:29+00:00","breadcrumb":{"@id":"https:\/\/www.floweryfield.com\/produkt\/og-kush-18\/#breadcrumb"},"inLanguage":"en-US","potentialAction":[{"@type":"ReadAction","target":["https:\/\/www.floweryfield.com\/produkt\/og-kush-18\/"]}]},{"@type":"ImageObject","inLanguage":"en-US","@id":"https:\/\/www.floweryfield.com\/produkt\/og-kush-18\/#primaryimage","url":"https:\/\/www.floweryfield.com\/wp-content\/uploads\/2018\/04\/OG.jpg","contentUrl":"https:\/\/www.floweryfield.com\/wp-content\/uploads\/2018\/04\/OG.jpg","width":900,"height":1350},{"@type":"BreadcrumbList","@id":"https:\/\/www.floweryfield.com\/produkt\/og-kush-18\/#breadcrumb","itemListElement":[{"@type":"ListItem","position":1,"name":"Startseite","item":"https:\/\/www.floweryfield.com\/en\/"},{"@type":"ListItem","position":2,"name":"Shop","item":"https:\/\/www.floweryfield.com\/en\/shop\/"},{"@type":"ListItem","position":3,"name":"OG Kush #18 \u2013 Reserva Privada"}]},{"@type":"WebSite","@id":"https:\/\/www.floweryfield.com\/#website","url":"https:\/\/www.floweryfield.com\/","name":"Flowery Field Labs","description":"\u00d6sterreichs gr\u00f6\u00dfer Produzent von Hanfstecklingen","publisher":{"@id":"https:\/\/www.floweryfield.com\/#organization"},"potentialAction":[{"@type":"SearchAction","target":{"@type":"EntryPoint","urlTemplate":"https:\/\/www.floweryfield.com\/?s={search_term_string}"},"query-input":{"@type":"PropertyValueSpecification","valueRequired":true,"valueName":"search_term_string"}}],"inLanguage":"en-US"},{"@type":"Organization","@id":"https:\/\/www.floweryfield.com\/#organization","name":"Flowery Field Labs","url":"https:\/\/www.floweryfield.com\/","logo":{"@type":"ImageObject","inLanguage":"en-US","@id":"https:\/\/www.floweryfield.com\/#\/schema\/logo\/image\/","url":"https:\/\/www.floweryfield.com\/wp-content\/uploads\/2024\/03\/floweryfield_logo-1-1.png","contentUrl":"https:\/\/www.floweryfield.com\/wp-content\/uploads\/2024\/03\/floweryfield_logo-1-1.png","width":224,"height":56,"caption":"Flowery Field Labs"},"image":{"@id":"https:\/\/www.floweryfield.com\/#\/schema\/logo\/image\/"},"sameAs":["https:\/\/www.facebook.com\/floweryfeld"]}]}},"_links":{"self":[{"href":"https:\/\/www.floweryfield.com\/en\/wp-json\/wp\/v2\/product\/20051","targetHints":{"allow":["GET"]}}],"collection":[{"href":"https:\/\/www.floweryfield.com\/en\/wp-json\/wp\/v2\/product"}],"about":[{"href":"https:\/\/www.floweryfield.com\/en\/wp-json\/wp\/v2\/types\/product"}],"wp:featuredmedia":[{"embeddable":true,"href":"https:\/\/www.floweryfield.com\/en\/wp-json\/wp\/v2\/media\/20757"}],"wp:attachment":[{"href":"https:\/\/www.floweryfield.com\/en\/wp-json\/wp\/v2\/media?parent=20051"}],"wp:term":[{"taxonomy":"product_brand","embeddable":true,"href":"https:\/\/www.floweryfield.com\/en\/wp-json\/wp\/v2\/product_brand?post=20051"},{"taxonomy":"product_cat","embeddable":true,"href":"https:\/\/www.floweryfield.com\/en\/wp-json\/wp\/v2\/product_cat?post=20051"},{"taxonomy":"product_tag","embeddable":true,"href":"https:\/\/www.floweryfield.com\/en\/wp-json\/wp\/v2\/product_tag?post=20051"}],"curies":[{"name":"wp","href":"https:\/\/api.w.org\/{rel}","templated":true}]}}