{"id":21417,"date":"2018-09-04T17:31:40","date_gmt":"2018-09-04T15:31:40","guid":{"rendered":"https:\/\/www.floweryfield.com\/?post_type=product&#038;p=21417"},"modified":"2024-06-07T02:44:41","modified_gmt":"2024-06-07T00:44:41","slug":"mills-coco-peat","status":"publish","type":"product","link":"https:\/\/www.floweryfield.com\/en\/produkt\/mills-coco-peat\/","title":{"rendered":"Mills Coco Peat"},"content":{"rendered":"<p><strong>Auf Grund des Gewichts ist ein Versand von Substraten leider nicht m\u00f6glich.<\/strong><\/p>\n<p>Mills Coco Peat 50L<\/p>\n<p>Hochwertige Kokos-Faser mit hervorragender Konsistenz.<br \/>\nFrei von Sch\u00e4dlingen, Sporen und anderen Verunreinigungen.<\/p>\n<p>nicht vorged\u00fcngt!<\/p>\n<p>16,50\u20ac<\/p>\n","protected":false},"excerpt":{"rendered":"<p>Auf Grund des Gewichts ist ein Versand von Substraten leider nicht m\u00f6glich. Mills Coco Peat 50L Hochwertige Kokos-Faser mit hervorragender Konsistenz. Frei von Sch\u00e4dlingen, Sporen und anderen Verunreinigungen. nicht vorged\u00fcngt! 16,50\u20ac<\/p>\n","protected":false},"featured_media":21418,"template":"","meta":{"_acf_changed":false},"product_brand":[],"product_cat":[36],"product_tag":[],"class_list":{"0":"post-21417","1":"product","2":"type-product","3":"status-publish","4":"has-post-thumbnail","6":"product_cat-substrate","7":"entry","9":"first","10":"outofstock","11":"taxable","12":"shipping-taxable","13":"purchasable","14":"product-type-simple"},"acf":[],"yoast_head":"<!-- This site is optimized with the Yoast SEO plugin v27.4 - https:\/\/yoast.com\/product\/yoast-seo-wordpress\/ -->\n<title>Mills Coco Peat - Flowery Field<\/title>\n<meta name=\"robots\" content=\"index, follow, max-snippet:-1, max-image-preview:large, max-video-preview:-1\" \/>\n<link rel=\"canonical\" href=\"https:\/\/www.floweryfield.com\/produkt\/mills-coco-peat\/\" \/>\n<meta property=\"og:locale\" content=\"en_US\" \/>\n<meta property=\"og:type\" content=\"article\" \/>\n<meta property=\"og:title\" content=\"Mills Coco Peat - Flowery Field\" \/>\n<meta property=\"og:description\" content=\"Auf Grund des Gewichts ist ein Versand von Substraten leider nicht m\u00f6glich. Mills Coco Peat 50L Hochwertige Kokos-Faser mit hervorragender Konsistenz. Frei von Sch\u00e4dlingen, Sporen und anderen Verunreinigungen. nicht vorged\u00fcngt! 16,50\u20ac\" \/>\n<meta property=\"og:url\" content=\"https:\/\/www.floweryfield.com\/produkt\/mills-coco-peat\/\" \/>\n<meta property=\"og:site_name\" content=\"Flowery Field\" \/>\n<meta property=\"article:publisher\" content=\"https:\/\/www.facebook.com\/floweryfeld\" \/>\n<meta property=\"article:modified_time\" content=\"2024-06-07T00:44:41+00:00\" \/>\n<meta property=\"og:image\" content=\"https:\/\/www.floweryfield.com\/wp-content\/uploads\/2018\/09\/mills_coco-peat.png\" \/>\n\t<meta property=\"og:image:width\" content=\"188\" \/>\n\t<meta property=\"og:image:height\" content=\"268\" \/>\n\t<meta property=\"og:image:type\" content=\"image\/png\" \/>\n<meta name=\"twitter:card\" content=\"summary_large_image\" \/>\n<meta name=\"twitter:label1\" content=\"Est. reading time\" \/>\n\t<meta name=\"twitter:data1\" content=\"1 minute\" \/>\n<script type=\"application\/ld+json\" class=\"yoast-schema-graph\">{\"@context\":\"https:\\\/\\\/schema.org\",\"@graph\":[{\"@type\":\"WebPage\",\"@id\":\"https:\\\/\\\/www.floweryfield.com\\\/produkt\\\/mills-coco-peat\\\/\",\"url\":\"https:\\\/\\\/www.floweryfield.com\\\/produkt\\\/mills-coco-peat\\\/\",\"name\":\"Mills Coco Peat - Flowery Field\",\"isPartOf\":{\"@id\":\"https:\\\/\\\/www.floweryfield.com\\\/#website\"},\"primaryImageOfPage\":{\"@id\":\"https:\\\/\\\/www.floweryfield.com\\\/produkt\\\/mills-coco-peat\\\/#primaryimage\"},\"image\":{\"@id\":\"https:\\\/\\\/www.floweryfield.com\\\/produkt\\\/mills-coco-peat\\\/#primaryimage\"},\"thumbnailUrl\":\"https:\\\/\\\/www.floweryfield.com\\\/wp-content\\\/uploads\\\/2018\\\/09\\\/mills_coco-peat.png\",\"datePublished\":\"2018-09-04T15:31:40+00:00\",\"dateModified\":\"2024-06-07T00:44:41+00:00\",\"breadcrumb\":{\"@id\":\"https:\\\/\\\/www.floweryfield.com\\\/produkt\\\/mills-coco-peat\\\/#breadcrumb\"},\"inLanguage\":\"en-US\",\"potentialAction\":[{\"@type\":\"ReadAction\",\"target\":[\"https:\\\/\\\/www.floweryfield.com\\\/produkt\\\/mills-coco-peat\\\/\"]}]},{\"@type\":\"ImageObject\",\"inLanguage\":\"en-US\",\"@id\":\"https:\\\/\\\/www.floweryfield.com\\\/produkt\\\/mills-coco-peat\\\/#primaryimage\",\"url\":\"https:\\\/\\\/www.floweryfield.com\\\/wp-content\\\/uploads\\\/2018\\\/09\\\/mills_coco-peat.png\",\"contentUrl\":\"https:\\\/\\\/www.floweryfield.com\\\/wp-content\\\/uploads\\\/2018\\\/09\\\/mills_coco-peat.png\",\"width\":188,\"height\":268},{\"@type\":\"BreadcrumbList\",\"@id\":\"https:\\\/\\\/www.floweryfield.com\\\/produkt\\\/mills-coco-peat\\\/#breadcrumb\",\"itemListElement\":[{\"@type\":\"ListItem\",\"position\":1,\"name\":\"Startseite\",\"item\":\"https:\\\/\\\/www.floweryfield.com\\\/en\\\/\"},{\"@type\":\"ListItem\",\"position\":2,\"name\":\"Shop\",\"item\":\"https:\\\/\\\/www.floweryfield.com\\\/en\\\/shop\\\/\"},{\"@type\":\"ListItem\",\"position\":3,\"name\":\"Mills Coco Peat\"}]},{\"@type\":\"WebSite\",\"@id\":\"https:\\\/\\\/www.floweryfield.com\\\/#website\",\"url\":\"https:\\\/\\\/www.floweryfield.com\\\/\",\"name\":\"Flowery Field Labs\",\"description\":\"\u00d6sterreichs gr\u00f6\u00dfer Produzent von Hanfstecklingen\",\"publisher\":{\"@id\":\"https:\\\/\\\/www.floweryfield.com\\\/#organization\"},\"potentialAction\":[{\"@type\":\"SearchAction\",\"target\":{\"@type\":\"EntryPoint\",\"urlTemplate\":\"https:\\\/\\\/www.floweryfield.com\\\/?s={search_term_string}\"},\"query-input\":{\"@type\":\"PropertyValueSpecification\",\"valueRequired\":true,\"valueName\":\"search_term_string\"}}],\"inLanguage\":\"en-US\"},{\"@type\":\"Organization\",\"@id\":\"https:\\\/\\\/www.floweryfield.com\\\/#organization\",\"name\":\"Flowery Field Labs\",\"url\":\"https:\\\/\\\/www.floweryfield.com\\\/\",\"logo\":{\"@type\":\"ImageObject\",\"inLanguage\":\"en-US\",\"@id\":\"https:\\\/\\\/www.floweryfield.com\\\/#\\\/schema\\\/logo\\\/image\\\/\",\"url\":\"https:\\\/\\\/www.floweryfield.com\\\/wp-content\\\/uploads\\\/2024\\\/03\\\/floweryfield_logo-1-1.png\",\"contentUrl\":\"https:\\\/\\\/www.floweryfield.com\\\/wp-content\\\/uploads\\\/2024\\\/03\\\/floweryfield_logo-1-1.png\",\"width\":224,\"height\":56,\"caption\":\"Flowery Field Labs\"},\"image\":{\"@id\":\"https:\\\/\\\/www.floweryfield.com\\\/#\\\/schema\\\/logo\\\/image\\\/\"},\"sameAs\":[\"https:\\\/\\\/www.facebook.com\\\/floweryfeld\"]}]}<\/script>\n<!-- \/ Yoast SEO plugin. -->","yoast_head_json":{"title":"Mills Coco Peat - Flowery Field","robots":{"index":"index","follow":"follow","max-snippet":"max-snippet:-1","max-image-preview":"max-image-preview:large","max-video-preview":"max-video-preview:-1"},"canonical":"https:\/\/www.floweryfield.com\/produkt\/mills-coco-peat\/","og_locale":"en_US","og_type":"article","og_title":"Mills Coco Peat - Flowery Field","og_description":"Auf Grund des Gewichts ist ein Versand von Substraten leider nicht m\u00f6glich. Mills Coco Peat 50L Hochwertige Kokos-Faser mit hervorragender Konsistenz. Frei von Sch\u00e4dlingen, Sporen und anderen Verunreinigungen. nicht vorged\u00fcngt! 16,50\u20ac","og_url":"https:\/\/www.floweryfield.com\/produkt\/mills-coco-peat\/","og_site_name":"Flowery Field","article_publisher":"https:\/\/www.facebook.com\/floweryfeld","article_modified_time":"2024-06-07T00:44:41+00:00","og_image":[{"width":188,"height":268,"url":"https:\/\/www.floweryfield.com\/wp-content\/uploads\/2018\/09\/mills_coco-peat.png","type":"image\/png"}],"twitter_card":"summary_large_image","twitter_misc":{"Est. reading time":"1 minute"},"schema":{"@context":"https:\/\/schema.org","@graph":[{"@type":"WebPage","@id":"https:\/\/www.floweryfield.com\/produkt\/mills-coco-peat\/","url":"https:\/\/www.floweryfield.com\/produkt\/mills-coco-peat\/","name":"Mills Coco Peat - Flowery Field","isPartOf":{"@id":"https:\/\/www.floweryfield.com\/#website"},"primaryImageOfPage":{"@id":"https:\/\/www.floweryfield.com\/produkt\/mills-coco-peat\/#primaryimage"},"image":{"@id":"https:\/\/www.floweryfield.com\/produkt\/mills-coco-peat\/#primaryimage"},"thumbnailUrl":"https:\/\/www.floweryfield.com\/wp-content\/uploads\/2018\/09\/mills_coco-peat.png","datePublished":"2018-09-04T15:31:40+00:00","dateModified":"2024-06-07T00:44:41+00:00","breadcrumb":{"@id":"https:\/\/www.floweryfield.com\/produkt\/mills-coco-peat\/#breadcrumb"},"inLanguage":"en-US","potentialAction":[{"@type":"ReadAction","target":["https:\/\/www.floweryfield.com\/produkt\/mills-coco-peat\/"]}]},{"@type":"ImageObject","inLanguage":"en-US","@id":"https:\/\/www.floweryfield.com\/produkt\/mills-coco-peat\/#primaryimage","url":"https:\/\/www.floweryfield.com\/wp-content\/uploads\/2018\/09\/mills_coco-peat.png","contentUrl":"https:\/\/www.floweryfield.com\/wp-content\/uploads\/2018\/09\/mills_coco-peat.png","width":188,"height":268},{"@type":"BreadcrumbList","@id":"https:\/\/www.floweryfield.com\/produkt\/mills-coco-peat\/#breadcrumb","itemListElement":[{"@type":"ListItem","position":1,"name":"Startseite","item":"https:\/\/www.floweryfield.com\/en\/"},{"@type":"ListItem","position":2,"name":"Shop","item":"https:\/\/www.floweryfield.com\/en\/shop\/"},{"@type":"ListItem","position":3,"name":"Mills Coco Peat"}]},{"@type":"WebSite","@id":"https:\/\/www.floweryfield.com\/#website","url":"https:\/\/www.floweryfield.com\/","name":"Flowery Field Labs","description":"\u00d6sterreichs gr\u00f6\u00dfer Produzent von Hanfstecklingen","publisher":{"@id":"https:\/\/www.floweryfield.com\/#organization"},"potentialAction":[{"@type":"SearchAction","target":{"@type":"EntryPoint","urlTemplate":"https:\/\/www.floweryfield.com\/?s={search_term_string}"},"query-input":{"@type":"PropertyValueSpecification","valueRequired":true,"valueName":"search_term_string"}}],"inLanguage":"en-US"},{"@type":"Organization","@id":"https:\/\/www.floweryfield.com\/#organization","name":"Flowery Field Labs","url":"https:\/\/www.floweryfield.com\/","logo":{"@type":"ImageObject","inLanguage":"en-US","@id":"https:\/\/www.floweryfield.com\/#\/schema\/logo\/image\/","url":"https:\/\/www.floweryfield.com\/wp-content\/uploads\/2024\/03\/floweryfield_logo-1-1.png","contentUrl":"https:\/\/www.floweryfield.com\/wp-content\/uploads\/2024\/03\/floweryfield_logo-1-1.png","width":224,"height":56,"caption":"Flowery Field Labs"},"image":{"@id":"https:\/\/www.floweryfield.com\/#\/schema\/logo\/image\/"},"sameAs":["https:\/\/www.facebook.com\/floweryfeld"]}]}},"_links":{"self":[{"href":"https:\/\/www.floweryfield.com\/en\/wp-json\/wp\/v2\/product\/21417","targetHints":{"allow":["GET"]}}],"collection":[{"href":"https:\/\/www.floweryfield.com\/en\/wp-json\/wp\/v2\/product"}],"about":[{"href":"https:\/\/www.floweryfield.com\/en\/wp-json\/wp\/v2\/types\/product"}],"wp:featuredmedia":[{"embeddable":true,"href":"https:\/\/www.floweryfield.com\/en\/wp-json\/wp\/v2\/media\/21418"}],"wp:attachment":[{"href":"https:\/\/www.floweryfield.com\/en\/wp-json\/wp\/v2\/media?parent=21417"}],"wp:term":[{"taxonomy":"product_brand","embeddable":true,"href":"https:\/\/www.floweryfield.com\/en\/wp-json\/wp\/v2\/product_brand?post=21417"},{"taxonomy":"product_cat","embeddable":true,"href":"https:\/\/www.floweryfield.com\/en\/wp-json\/wp\/v2\/product_cat?post=21417"},{"taxonomy":"product_tag","embeddable":true,"href":"https:\/\/www.floweryfield.com\/en\/wp-json\/wp\/v2\/product_tag?post=21417"}],"curies":[{"name":"wp","href":"https:\/\/api.w.org\/{rel}","templated":true}]}}