{"id":23914,"date":"2024-03-20T11:29:01","date_gmt":"2024-03-20T10:29:01","guid":{"rendered":"https:\/\/www.floweryfield.com\/?post_type=product&#038;p=23914"},"modified":"2025-10-09T13:56:02","modified_gmt":"2025-10-09T11:56:02","slug":"oreoz","status":"publish","type":"product","link":"https:\/\/www.floweryfield.com\/en\/produkt\/oreoz\/","title":{"rendered":"Oreoz"},"content":{"rendered":"<p>Bei unserer Oreoz, auch als\u00a0Oreo Cookies and Oreos bekannt, handelt es sich um die beliebte Kreation von 3rd Coast Genetics \u2013 einer angesehenen Samenbank aus den USA, welche von Max Yields geleitet wird und seinen Sitz am Ufer des Lake Michigan hat. Oreoz entstand durch die Kreuzung von Secret Weapon und Cookies &amp; Cream.<\/p>\n<p>.<\/p>\n","protected":false},"excerpt":{"rendered":"<p>Bald auch <strong>In-Vitro<\/strong> erh\u00e4ltlich!<\/p>\n<p>2 Wochen alt im <b>Preforma Plug<\/b>\u00a0&#8211; frisch verwurzelt &#8211; ca. 10-12 cm &#8211; ab 9,5\u20ac<br \/>\n3 Wochen alt im <strong>Steinwollw\u00fcrfel<\/strong> &#8211; ca. 13-20 cm &#8211; ab 10,5\u20ac (nur Abholung m\u00f6glich)<br \/>\n4 Wochen alt im <strong>1 Liter Topf<\/strong> &#8211; ca. 30-40cm &#8211; je 14,90\u20ac (nur Abholung m\u00f6glich)<\/p>\n","protected":false},"featured_media":20717,"template":"","meta":{"_acf_changed":false},"product_brand":[],"product_cat":[41,76,97,111],"product_tag":[],"class_list":{"0":"post-23914","1":"product","2":"type-product","3":"status-publish","4":"has-post-thumbnail","6":"product_cat-hanfpflanzen","7":"product_cat-hybride","8":"product_cat-herkoemmliche-produktion","9":"product_cat-us-cuts","10":"entry","12":"first","13":"instock","14":"taxable","15":"shipping-taxable","16":"purchasable","17":"product-type-variable","18":"has-default-attributes"},"acf":[],"yoast_head":"<!-- This site is optimized with the Yoast SEO plugin v27.4 - https:\/\/yoast.com\/product\/yoast-seo-wordpress\/ -->\n<title>Oreoz - Flowery Field<\/title>\n<meta name=\"robots\" content=\"index, follow, max-snippet:-1, max-image-preview:large, max-video-preview:-1\" \/>\n<link rel=\"canonical\" href=\"https:\/\/www.floweryfield.com\/produkt\/oreoz\/\" \/>\n<meta property=\"og:locale\" content=\"en_US\" \/>\n<meta property=\"og:type\" content=\"article\" \/>\n<meta property=\"og:title\" content=\"Oreoz - Flowery Field\" \/>\n<meta property=\"og:description\" content=\"Bald auch In-Vitro erh\u00e4ltlich!  2 Wochen alt im Preforma Plug\u00a0- frisch verwurzelt - ca. 10-12 cm - ab 9,5\u20ac 3 Wochen alt im Steinwollw\u00fcrfel - ca. 13-20 cm - ab 10,5\u20ac (nur Abholung m\u00f6glich) 4 Wochen alt im 1 Liter Topf - ca. 30-40cm - je 14,90\u20ac (nur Abholung m\u00f6glich)\" \/>\n<meta property=\"og:url\" content=\"https:\/\/www.floweryfield.com\/produkt\/oreoz\/\" \/>\n<meta property=\"og:site_name\" content=\"Flowery Field\" \/>\n<meta property=\"article:publisher\" content=\"https:\/\/www.facebook.com\/floweryfeld\" \/>\n<meta property=\"article:modified_time\" content=\"2025-10-09T11:56:02+00:00\" \/>\n<meta property=\"og:image\" content=\"https:\/\/www.floweryfield.com\/wp-content\/uploads\/2018\/04\/CBDT.jpg\" \/>\n\t<meta property=\"og:image:width\" content=\"900\" \/>\n\t<meta property=\"og:image:height\" content=\"1350\" \/>\n\t<meta property=\"og:image:type\" content=\"image\/jpeg\" \/>\n<meta name=\"twitter:card\" content=\"summary_large_image\" \/>\n<meta name=\"twitter:label1\" content=\"Est. reading time\" \/>\n\t<meta name=\"twitter:data1\" content=\"1 minute\" \/>\n<script type=\"application\/ld+json\" class=\"yoast-schema-graph\">{\"@context\":\"https:\\\/\\\/schema.org\",\"@graph\":[{\"@type\":\"WebPage\",\"@id\":\"https:\\\/\\\/www.floweryfield.com\\\/produkt\\\/oreoz\\\/\",\"url\":\"https:\\\/\\\/www.floweryfield.com\\\/produkt\\\/oreoz\\\/\",\"name\":\"Oreoz - Flowery Field\",\"isPartOf\":{\"@id\":\"https:\\\/\\\/www.floweryfield.com\\\/#website\"},\"primaryImageOfPage\":{\"@id\":\"https:\\\/\\\/www.floweryfield.com\\\/produkt\\\/oreoz\\\/#primaryimage\"},\"image\":{\"@id\":\"https:\\\/\\\/www.floweryfield.com\\\/produkt\\\/oreoz\\\/#primaryimage\"},\"thumbnailUrl\":\"https:\\\/\\\/www.floweryfield.com\\\/wp-content\\\/uploads\\\/2018\\\/04\\\/CBDT.jpg\",\"datePublished\":\"2024-03-20T10:29:01+00:00\",\"dateModified\":\"2025-10-09T11:56:02+00:00\",\"breadcrumb\":{\"@id\":\"https:\\\/\\\/www.floweryfield.com\\\/produkt\\\/oreoz\\\/#breadcrumb\"},\"inLanguage\":\"en-US\",\"potentialAction\":[{\"@type\":\"ReadAction\",\"target\":[\"https:\\\/\\\/www.floweryfield.com\\\/produkt\\\/oreoz\\\/\"]}]},{\"@type\":\"ImageObject\",\"inLanguage\":\"en-US\",\"@id\":\"https:\\\/\\\/www.floweryfield.com\\\/produkt\\\/oreoz\\\/#primaryimage\",\"url\":\"https:\\\/\\\/www.floweryfield.com\\\/wp-content\\\/uploads\\\/2018\\\/04\\\/CBDT.jpg\",\"contentUrl\":\"https:\\\/\\\/www.floweryfield.com\\\/wp-content\\\/uploads\\\/2018\\\/04\\\/CBDT.jpg\",\"width\":900,\"height\":1350,\"caption\":\"Amnesia Core Cut\"},{\"@type\":\"BreadcrumbList\",\"@id\":\"https:\\\/\\\/www.floweryfield.com\\\/produkt\\\/oreoz\\\/#breadcrumb\",\"itemListElement\":[{\"@type\":\"ListItem\",\"position\":1,\"name\":\"Startseite\",\"item\":\"https:\\\/\\\/www.floweryfield.com\\\/en\\\/\"},{\"@type\":\"ListItem\",\"position\":2,\"name\":\"Shop\",\"item\":\"https:\\\/\\\/www.floweryfield.com\\\/en\\\/shop\\\/\"},{\"@type\":\"ListItem\",\"position\":3,\"name\":\"Oreoz\"}]},{\"@type\":\"WebSite\",\"@id\":\"https:\\\/\\\/www.floweryfield.com\\\/#website\",\"url\":\"https:\\\/\\\/www.floweryfield.com\\\/\",\"name\":\"Flowery Field Labs\",\"description\":\"\u00d6sterreichs gr\u00f6\u00dfer Produzent von Hanfstecklingen\",\"publisher\":{\"@id\":\"https:\\\/\\\/www.floweryfield.com\\\/#organization\"},\"potentialAction\":[{\"@type\":\"SearchAction\",\"target\":{\"@type\":\"EntryPoint\",\"urlTemplate\":\"https:\\\/\\\/www.floweryfield.com\\\/?s={search_term_string}\"},\"query-input\":{\"@type\":\"PropertyValueSpecification\",\"valueRequired\":true,\"valueName\":\"search_term_string\"}}],\"inLanguage\":\"en-US\"},{\"@type\":\"Organization\",\"@id\":\"https:\\\/\\\/www.floweryfield.com\\\/#organization\",\"name\":\"Flowery Field Labs\",\"url\":\"https:\\\/\\\/www.floweryfield.com\\\/\",\"logo\":{\"@type\":\"ImageObject\",\"inLanguage\":\"en-US\",\"@id\":\"https:\\\/\\\/www.floweryfield.com\\\/#\\\/schema\\\/logo\\\/image\\\/\",\"url\":\"https:\\\/\\\/www.floweryfield.com\\\/wp-content\\\/uploads\\\/2024\\\/03\\\/floweryfield_logo-1-1.png\",\"contentUrl\":\"https:\\\/\\\/www.floweryfield.com\\\/wp-content\\\/uploads\\\/2024\\\/03\\\/floweryfield_logo-1-1.png\",\"width\":224,\"height\":56,\"caption\":\"Flowery Field Labs\"},\"image\":{\"@id\":\"https:\\\/\\\/www.floweryfield.com\\\/#\\\/schema\\\/logo\\\/image\\\/\"},\"sameAs\":[\"https:\\\/\\\/www.facebook.com\\\/floweryfeld\"]}]}<\/script>\n<!-- \/ Yoast SEO plugin. -->","yoast_head_json":{"title":"Oreoz - Flowery Field","robots":{"index":"index","follow":"follow","max-snippet":"max-snippet:-1","max-image-preview":"max-image-preview:large","max-video-preview":"max-video-preview:-1"},"canonical":"https:\/\/www.floweryfield.com\/produkt\/oreoz\/","og_locale":"en_US","og_type":"article","og_title":"Oreoz - Flowery Field","og_description":"Bald auch In-Vitro erh\u00e4ltlich!  2 Wochen alt im Preforma Plug\u00a0- frisch verwurzelt - ca. 10-12 cm - ab 9,5\u20ac 3 Wochen alt im Steinwollw\u00fcrfel - ca. 13-20 cm - ab 10,5\u20ac (nur Abholung m\u00f6glich) 4 Wochen alt im 1 Liter Topf - ca. 30-40cm - je 14,90\u20ac (nur Abholung m\u00f6glich)","og_url":"https:\/\/www.floweryfield.com\/produkt\/oreoz\/","og_site_name":"Flowery Field","article_publisher":"https:\/\/www.facebook.com\/floweryfeld","article_modified_time":"2025-10-09T11:56:02+00:00","og_image":[{"width":900,"height":1350,"url":"https:\/\/www.floweryfield.com\/wp-content\/uploads\/2018\/04\/CBDT.jpg","type":"image\/jpeg"}],"twitter_card":"summary_large_image","twitter_misc":{"Est. reading time":"1 minute"},"schema":{"@context":"https:\/\/schema.org","@graph":[{"@type":"WebPage","@id":"https:\/\/www.floweryfield.com\/produkt\/oreoz\/","url":"https:\/\/www.floweryfield.com\/produkt\/oreoz\/","name":"Oreoz - Flowery Field","isPartOf":{"@id":"https:\/\/www.floweryfield.com\/#website"},"primaryImageOfPage":{"@id":"https:\/\/www.floweryfield.com\/produkt\/oreoz\/#primaryimage"},"image":{"@id":"https:\/\/www.floweryfield.com\/produkt\/oreoz\/#primaryimage"},"thumbnailUrl":"https:\/\/www.floweryfield.com\/wp-content\/uploads\/2018\/04\/CBDT.jpg","datePublished":"2024-03-20T10:29:01+00:00","dateModified":"2025-10-09T11:56:02+00:00","breadcrumb":{"@id":"https:\/\/www.floweryfield.com\/produkt\/oreoz\/#breadcrumb"},"inLanguage":"en-US","potentialAction":[{"@type":"ReadAction","target":["https:\/\/www.floweryfield.com\/produkt\/oreoz\/"]}]},{"@type":"ImageObject","inLanguage":"en-US","@id":"https:\/\/www.floweryfield.com\/produkt\/oreoz\/#primaryimage","url":"https:\/\/www.floweryfield.com\/wp-content\/uploads\/2018\/04\/CBDT.jpg","contentUrl":"https:\/\/www.floweryfield.com\/wp-content\/uploads\/2018\/04\/CBDT.jpg","width":900,"height":1350,"caption":"Amnesia Core Cut"},{"@type":"BreadcrumbList","@id":"https:\/\/www.floweryfield.com\/produkt\/oreoz\/#breadcrumb","itemListElement":[{"@type":"ListItem","position":1,"name":"Startseite","item":"https:\/\/www.floweryfield.com\/en\/"},{"@type":"ListItem","position":2,"name":"Shop","item":"https:\/\/www.floweryfield.com\/en\/shop\/"},{"@type":"ListItem","position":3,"name":"Oreoz"}]},{"@type":"WebSite","@id":"https:\/\/www.floweryfield.com\/#website","url":"https:\/\/www.floweryfield.com\/","name":"Flowery Field Labs","description":"\u00d6sterreichs gr\u00f6\u00dfer Produzent von Hanfstecklingen","publisher":{"@id":"https:\/\/www.floweryfield.com\/#organization"},"potentialAction":[{"@type":"SearchAction","target":{"@type":"EntryPoint","urlTemplate":"https:\/\/www.floweryfield.com\/?s={search_term_string}"},"query-input":{"@type":"PropertyValueSpecification","valueRequired":true,"valueName":"search_term_string"}}],"inLanguage":"en-US"},{"@type":"Organization","@id":"https:\/\/www.floweryfield.com\/#organization","name":"Flowery Field Labs","url":"https:\/\/www.floweryfield.com\/","logo":{"@type":"ImageObject","inLanguage":"en-US","@id":"https:\/\/www.floweryfield.com\/#\/schema\/logo\/image\/","url":"https:\/\/www.floweryfield.com\/wp-content\/uploads\/2024\/03\/floweryfield_logo-1-1.png","contentUrl":"https:\/\/www.floweryfield.com\/wp-content\/uploads\/2024\/03\/floweryfield_logo-1-1.png","width":224,"height":56,"caption":"Flowery Field Labs"},"image":{"@id":"https:\/\/www.floweryfield.com\/#\/schema\/logo\/image\/"},"sameAs":["https:\/\/www.facebook.com\/floweryfeld"]}]}},"_links":{"self":[{"href":"https:\/\/www.floweryfield.com\/en\/wp-json\/wp\/v2\/product\/23914","targetHints":{"allow":["GET"]}}],"collection":[{"href":"https:\/\/www.floweryfield.com\/en\/wp-json\/wp\/v2\/product"}],"about":[{"href":"https:\/\/www.floweryfield.com\/en\/wp-json\/wp\/v2\/types\/product"}],"wp:featuredmedia":[{"embeddable":true,"href":"https:\/\/www.floweryfield.com\/en\/wp-json\/wp\/v2\/media\/20717"}],"wp:attachment":[{"href":"https:\/\/www.floweryfield.com\/en\/wp-json\/wp\/v2\/media?parent=23914"}],"wp:term":[{"taxonomy":"product_brand","embeddable":true,"href":"https:\/\/www.floweryfield.com\/en\/wp-json\/wp\/v2\/product_brand?post=23914"},{"taxonomy":"product_cat","embeddable":true,"href":"https:\/\/www.floweryfield.com\/en\/wp-json\/wp\/v2\/product_cat?post=23914"},{"taxonomy":"product_tag","embeddable":true,"href":"https:\/\/www.floweryfield.com\/en\/wp-json\/wp\/v2\/product_tag?post=23914"}],"curies":[{"name":"wp","href":"https:\/\/api.w.org\/{rel}","templated":true}]}}